{"id":57105,"date":"2024-10-11T04:03:18","date_gmt":"2024-10-11T04:03:18","guid":{"rendered":"https:\/\/e.kosmolat.eu\/product\/dr-s-vitamin-c-toniz-splash-maska-aha-visiem-adas-tip-100-ml\/"},"modified":"2026-04-10T12:17:01","modified_gmt":"2026-04-10T12:17:01","slug":"dr-s-vitamin-c-toniz-splash-maska-aha-visiem-adas-tip-100-ml","status":"publish","type":"product","link":"https:\/\/e.kosmolat.eu\/lv\/product\/dr-s-vitamin-c-toniz-splash-maska-aha-visiem-adas-tip-100-ml\/","title":{"rendered":"Dr.S Vitamin C Toniz. splash-maska + AHA visiem \u0101das tip., 100 ml"},"content":{"rendered":"<p>Ide\u0101la \u0101da bez ton\u0101l\u0101 kr\u0113ma un Instagram filtriem. Tul\u012bt\u0113ja \u0101das mitrin\u0101\u0161ana. Samaziniet \u0101das kop\u0161anas laiku l\u012bdz minimumam!<br \/>\nDaudzfunkcion\u0101lais splash eliks\u012brs nemask\u0113 \u0101das nepiln\u012bbas, bet patie\u0161\u0101m darbojas pie to nov\u0113r\u0161anas jau no pirm\u0101s lieto\u0161anas reizes.<\/p>\n<p>Akt\u012bv\u0101s sast\u0101vda\u013cas:<br \/>\n\u2022 Augsti koncentr\u0113ts C vitam\u012bns<br \/>\n\u2022 Aug\u013cu sk\u0101bju komplekss (\u0101bols, kivi, greipfr\u016bts) \u2013 5%<\/p>\n<p>K\u0101 darbojas splash-maska:<br \/>\n\u2022 Augsti koncentr\u0113ts C vitam\u012bns ir viens no visefekt\u012bv\u0101kajiem antioksidantiem, kas pal\u0113nina grumbu veido\u0161an\u0101s procesu. Tas atgrie\u017e noguru\u0161ai un bl\u0101vai \u0101dai mirdzumu, pie\u0161\u0137irot ener\u0123iju katrai \u0161\u016bnai. Aktiviz\u0113jas uzreiz p\u0113c uzkl\u0101\u0161anas uz \u0101das un ilgsto\u0161i darbojas.<br \/>\n\u2022 Aug\u013cu sk\u0101bju komplekss (\u0101bols, kivi, greipfr\u016bts): \u0101bolu sk\u0101be akt\u012bvi ietekm\u0113 kosm\u0113tisko p\u012blingu sast\u0101vu, pateicoties t\u0101s att\u012bro\u0161ajam un atjaunojo\u0161ajam efektam. Kivi sk\u0101be labv\u0113l\u012bgi ietekm\u0113 \u0161\u016bnu vielmai\u0146as procesus, aktiviz\u0113jot smalku grumbu izl\u012bdzin\u0101\u0161anu, savuk\u0101rt roz\u0101 greipfr\u016bta sk\u0101be ir sp\u0113c\u012bgs antioksidants \u2014 t\u0101 toniz\u0113 un atsvaidzina \u0101du. <\/p>\n<p>Rezult\u0101ts:<br \/>\n\u2022 Pies\u0101tina \u0101du ar vitam\u012bnu un antioksidantu kompleksu<br \/>\n\u2022 Izl\u012bdzina sejas toni un padara \u0101du gai\u0161\u0101ku<br \/>\n\u2022 Atsvaidzina un rada vieglu p\u012blinga efektu<br \/>\n\u2022 Pie\u0161\u0137ir \u0101dai vesel\u012bgu mirdzumu<\/p>\n<p>Lieto\u0161ana: Uzkl\u0101jiet nelielu splash-maskas daudzumu uz plaukst\u0101m un ar viegl\u0101m gl\u0101sto\u0161\u0101m kust\u012bb\u0101m uzkl\u0101jiet uz att\u012br\u012btas sejas, kakla un dekolt\u0113 zonas \u0101das 30 sekun\u017eu laik\u0101. \u013baujiet iz\u017e\u016bt. Izvairieties no saskares ar ac\u012bm un l\u016bp\u0101m! Noskalojiet p\u0113c 1-5 min\u016bt\u0113m. Piem\u0113rota ikdienas lieto\u0161anai. Sarg\u0101jiet no saules stariem.<\/p>\n<p>Padoms: Uzkl\u0101jiet masku pirms du\u0161as vai vanno\u0161an\u0101s. Kam\u0113r j\u016bs mazg\u0101jaties, t\u0101 darbojas. Neaizmirstiet noskalot ar \u016bdeni.<\/p>\n<p>Uzglab\u0101t temperat\u016br\u0101 no +5 \u00b0C l\u012bdz +25 \u00b0C.<\/p>\n","protected":false},"excerpt":{"rendered":"<p>Ide\u0101la \u0101da bez ton\u0101l\u0101 kr\u0113ma un Instagram filtriem. Tul\u012bt\u0113ja \u0101das mitrin\u0101\u0161ana. Samaziniet \u0101das kop\u0161anas laiku l\u012bdz minimumam! Daudzfunkcion\u0101lais splash eliks\u012brs nemask\u0113 \u0101das nepiln\u012bbas, bet patie\u0161\u0101m darbojas pie to nov\u0113r\u0161anas jau no pirm\u0101s lieto\u0161anas reizes. Akt\u012bv\u0101s sast\u0101vda\u013cas: \u2022 Augsti koncentr\u0113ts C vitam\u012bns \u2022 Aug\u013cu sk\u0101bju komplekss (\u0101bols, kivi, greipfr\u016bts) \u2013 5% K\u0101 darbojas splash-maska: \u2022 Augsti [&#8230;]\n","protected":false},"featured_media":99900,"template":"","meta":[],"product_cat":[1578],"product_tag":[],"class_list":{"0":"post-57105","1":"product","2":"type-product","3":"status-publish","4":"has-post-thumbnail","6":"product_brand-elfa_ua","7":"product_cat-losjoni-un-toniki","9":"first","10":"instock","11":"taxable","12":"shipping-taxable","13":"product-type-simple"},"_links":{"self":[{"href":"https:\/\/e.kosmolat.eu\/lv\/wp-json\/wp\/v2\/product\/57105","targetHints":{"allow":["GET"]}}],"collection":[{"href":"https:\/\/e.kosmolat.eu\/lv\/wp-json\/wp\/v2\/product"}],"about":[{"href":"https:\/\/e.kosmolat.eu\/lv\/wp-json\/wp\/v2\/types\/product"}],"wp:featuredmedia":[{"embeddable":true,"href":"https:\/\/e.kosmolat.eu\/lv\/wp-json\/wp\/v2\/media\/99900"}],"wp:attachment":[{"href":"https:\/\/e.kosmolat.eu\/lv\/wp-json\/wp\/v2\/media?parent=57105"}],"wp:term":[{"taxonomy":"product_cat","embeddable":true,"href":"https:\/\/e.kosmolat.eu\/lv\/wp-json\/wp\/v2\/product_cat?post=57105"},{"taxonomy":"product_tag","embeddable":true,"href":"https:\/\/e.kosmolat.eu\/lv\/wp-json\/wp\/v2\/product_tag?post=57105"}],"curies":[{"name":"wp","href":"https:\/\/api.w.org\/{rel}","templated":true}]}}