{"id":57097,"date":"2024-10-11T04:03:04","date_gmt":"2024-10-11T04:03:04","guid":{"rendered":"https:\/\/e.kosmolat.eu\/product\/dr-s-vitamin-c-sejas-toneris-mists-visiem-ad-tip-150-ml\/"},"modified":"2026-04-22T09:50:27","modified_gmt":"2026-04-22T09:50:27","slug":"dr-s-vitamin-c-sejas-toneris-mists-visiem-ad-tip-150-ml","status":"publish","type":"product","link":"https:\/\/e.kosmolat.eu\/lv\/product\/dr-s-vitamin-c-sejas-toneris-mists-visiem-ad-tip-150-ml\/","title":{"rendered":"Dr. S Vitamin C Sejas toneris-mists visiem \u0101d. tip., 150 ml"},"content":{"rendered":"<p>Vesel\u012bgs \u0101das mirdzums. Ultra antioksidants. Ide\u0101la \u0101da bez ton\u0101l\u0101 kr\u0113ma un Instagram-filtriem. Must-have 2 vien\u0101: intens\u012bvi un dzi\u013ci mitrina k\u0101 mists, toniz\u0113 k\u0101 toneris. L\u012bdz pat 30 stund\u0101m mitruma un svaiguma!<\/p>\n<p>Akt\u012bv\u0101s sast\u0101vda\u013cas:<br \/>\nAugsti koncentr\u0113ts C vitam\u012bns, mitrino\u0161s komplekss ELFAMOST, vitam\u012bnu komplekss, papaijas enz\u012bmi.<\/p>\n<p>K\u0101 darbojas toneris-mists:<br \/>\n\u2022 Augsti koncentr\u0113ts C vitam\u012bns ir viens no visefekt\u012bv\u0101kajiem antioksidantiem, kas pal\u0113nina grumbu veido\u0161an\u0101s procesu. Tas atgrie\u017e noguru\u0161ai un bl\u0101vai \u0101dai mirdzumu, pie\u0161\u0137irot ener\u0123iju katrai \u0161\u016bnai. Aktiviz\u0113jas uzreiz p\u0113c uzkl\u0101\u0161anas uz \u0101das un ilgsto\u0161i darbojas.<br \/>\n\u2022 Akvakomplekss Elfamoist nodro\u0161ina plumping efektu \u2014 padara \u0101du m\u012bkstu, elast\u012bgu un vesel\u012bgu. Nodro\u0161ina t\u016bl\u012bt\u0113ju mitrin\u0101\u0161anu \u0161\u016bnu l\u012bmen\u012b \u2014 \u0101da saglab\u0101 mitrumu vair\u0101k nek\u0101 30 stundas!<br \/>\n\u2022 Papa\u012bns \u2014 augu enz\u012bms \u2014 pa\u0101trina \u0101das atjauno\u0161anos.<\/p>\n<p>Rezult\u0101ts:<br \/>\n\u2022 T\u016bl\u012bt\u0113ja svaiguma, komforta un v\u0113suma deva.<br \/>\n\u2022 Intens\u012bva mitrin\u0101\u0161ana \u2014 l\u012bdz pat 30 stund\u0101m!<br \/>\n\u2022 Paaugstin\u0101ta \u0101das elast\u012bba un tonuss.<\/p>\n<p>Lieto\u0161ana: Aizveriet acis un izsmidziniet toneri-mistu uz \u0101das no 20-30 cm att\u0101luma, vai uzkl\u0101jiet toneri-mistu uz vates diska un noslaukiet \u0101du.<\/p>\n<p>Piesardz\u012bbas pas\u0101kumi: Paaugstin\u0101ta individu\u0101l\u0101 jut\u012bba pret atsevi\u0161\u0137\u0101m sast\u0101vda\u013c\u0101m. Satur A vitam\u012bnu. L\u016bgums pirms lieto\u0161anas p\u0101rdom\u0101t savu dienas devu.<\/p>\n<p>Uzglab\u0101t temperat\u016br\u0101 no +5 \u00b0C l\u012bdz +25 \u00b0C.<\/p>\n<p>Der\u012bguma termi\u0146\u0161: 24 m\u0113ne\u0161i no izgatavo\u0161anas datuma.<\/p>\n","protected":false},"excerpt":{"rendered":"<p>Vesel\u012bgs \u0101das mirdzums. Ultra antioksidants. Ide\u0101la \u0101da bez ton\u0101l\u0101 kr\u0113ma un Instagram-filtriem. Must-have 2 vien\u0101: intens\u012bvi un dzi\u013ci mitrina k\u0101 mists, toniz\u0113 k\u0101 toneris. L\u012bdz pat 30 stund\u0101m mitruma un svaiguma! Akt\u012bv\u0101s sast\u0101vda\u013cas: Augsti koncentr\u0113ts C vitam\u012bns, mitrino\u0161s komplekss ELFAMOST, vitam\u012bnu komplekss, papaijas enz\u012bmi. K\u0101 darbojas toneris-mists: \u2022 Augsti koncentr\u0113ts C vitam\u012bns ir viens no [&#8230;]\n","protected":false},"featured_media":99738,"template":"","meta":[],"product_cat":[1999],"product_tag":[],"class_list":{"0":"post-57097","1":"product","2":"type-product","3":"status-publish","4":"has-post-thumbnail","6":"product_brand-elfa_ua","7":"product_cat-bez-kategorijas","9":"first","10":"instock","11":"taxable","12":"shipping-taxable","13":"product-type-simple"},"_links":{"self":[{"href":"https:\/\/e.kosmolat.eu\/lv\/wp-json\/wp\/v2\/product\/57097","targetHints":{"allow":["GET"]}}],"collection":[{"href":"https:\/\/e.kosmolat.eu\/lv\/wp-json\/wp\/v2\/product"}],"about":[{"href":"https:\/\/e.kosmolat.eu\/lv\/wp-json\/wp\/v2\/types\/product"}],"wp:featuredmedia":[{"embeddable":true,"href":"https:\/\/e.kosmolat.eu\/lv\/wp-json\/wp\/v2\/media\/99738"}],"wp:attachment":[{"href":"https:\/\/e.kosmolat.eu\/lv\/wp-json\/wp\/v2\/media?parent=57097"}],"wp:term":[{"taxonomy":"product_cat","embeddable":true,"href":"https:\/\/e.kosmolat.eu\/lv\/wp-json\/wp\/v2\/product_cat?post=57097"},{"taxonomy":"product_tag","embeddable":true,"href":"https:\/\/e.kosmolat.eu\/lv\/wp-json\/wp\/v2\/product_tag?post=57097"}],"curies":[{"name":"wp","href":"https:\/\/api.w.org\/{rel}","templated":true}]}}