{"id":57089,"date":"2024-10-11T04:02:48","date_gmt":"2024-10-11T04:02:48","guid":{"rendered":"https:\/\/e.kosmolat.eu\/product\/dr-s-retinol-plus-super-fillers-kr-adai-ap-acim-35-15-ml\/"},"modified":"2025-11-11T13:42:33","modified_gmt":"2025-11-11T13:42:33","slug":"i_dr-s-retinol-plus-super-fillers-kr-adai-ap-acim-35-15-ml","status":"publish","type":"product","link":"https:\/\/e.kosmolat.eu\/lv\/product\/i_dr-s-retinol-plus-super-fillers-kr-adai-ap-acim-35-15-ml\/","title":{"rendered":"I_Dr. S Retinol Plus Super Fillers Kr. \u0101dai ap ac\u012bm 35+, 15 ml"},"content":{"rendered":"<p>3D efekts:<br \/>\n\u2022 Elast\u012bbas palielin\u0101\u0161ana;<br \/>\n\u2022 Mimisko grumbu kori\u0123\u0113\u0161ana;<br \/>\n\u2022 Mitrin\u0101\u0161ana.<\/p>\n<p>Akt\u012bv\u0101s sast\u0101vda\u013cas: retinols, lecit\u012bns, inul\u012bns, hialuronsk\u0101bes sf\u0113ras.<br \/>\nGalven\u0101 sast\u0101vda\u013ca: retinols \u2013 dro\u0161s A vitam\u012bns ar liposomu pieg\u0101des sist\u0113mu, mega-trends anti-age sast\u0101vda\u013cu jom\u0101 kosm\u0113tik\u0101, multifunkcion\u0101la, labi izp\u0113t\u012bta akt\u012bv\u0101 kosm\u0113tisk\u0101 sast\u0101vda\u013ca.<\/p>\n<p>Kr\u0113ma iedarb\u012bbas rezult\u0101ts:<br \/>\n\u2022 \u0100das noveco\u0161an\u0101s kav\u0113\u0161ana: ultraviolet\u0101 starojuma pak\u013cautas \u0101das \u0101r\u0113j\u0101 izskata uzlabo\u0161ana;<br \/>\n\u2022 \u0100das kolag\u0113na pa\u0161izstr\u0101des stimul\u0113\u0161ana; \u0101das tvirtuma paaugstin\u0101\u0161ana; elast\u012bbas uzlabo\u0161ana; \u0101das reljefa izl\u012bdzin\u0101\u0161ana;<br \/>\n\u2022 Vesel\u012bgs mikrobioms \u2013 veselas \u0101das mikrofloras uztur\u0113\u0161ana.<\/p>\n<p>Lieto\u0161ana: ar viegl\u0101m mas\u0113jo\u0161\u0101m kust\u012bb\u0101m uzkl\u0101t uz t\u012bras \u0101das ap ac\u012bm. Lietot no r\u012bta un vakar\u0101. Efekt\u012bv\u0101kai un \u0101tr\u0101kai iedarb\u012bbai tiek rekomend\u0113ts lietot visu l\u012bdzek\u013cu s\u0113riju.<\/p>\n<p>Piesardz\u012bbas pas\u0101kumi: iesp\u0113jama paaugstin\u0101ta individu\u0101l\u0101 jut\u012bba pret atsevi\u0161\u0137\u0101m sast\u0101vda\u013c\u0101m. Satur A vitam\u012bnu. L\u016bgums pirms lieto\u0161anas p\u0101rdom\u0101t savu dienas devu.<\/p>\n<p>Uzglab\u0101t temperat\u016br\u0101 no +5 \u00b0C l\u012bdz +25 \u00b0C.<\/p>\n<p>Der\u012bguma termi\u0146\u0161: 30 m\u0113ne\u0161i no izgatavo\u0161anas datuma.<\/p>\n","protected":false},"excerpt":{"rendered":"<p>3D efekts: \u2022 Elast\u012bbas palielin\u0101\u0161ana; \u2022 Mimisko grumbu kori\u0123\u0113\u0161ana; \u2022 Mitrin\u0101\u0161ana. Akt\u012bv\u0101s sast\u0101vda\u013cas: retinols, lecit\u012bns, inul\u012bns, hialuronsk\u0101bes sf\u0113ras. Galven\u0101 sast\u0101vda\u013ca: retinols \u2013 dro\u0161s A vitam\u012bns ar liposomu pieg\u0101des sist\u0113mu, mega-trends anti-age sast\u0101vda\u013cu jom\u0101 kosm\u0113tik\u0101, multifunkcion\u0101la, labi izp\u0113t\u012bta akt\u012bv\u0101 kosm\u0113tisk\u0101 sast\u0101vda\u013ca. Kr\u0113ma iedarb\u012bbas rezult\u0101ts: \u2022 \u0100das noveco\u0161an\u0101s kav\u0113\u0161ana: ultraviolet\u0101 starojuma pak\u013cautas \u0101das \u0101r\u0113j\u0101 izskata uzlabo\u0161ana; \u2022 [&#8230;]\n","protected":false},"featured_media":100420,"template":"","meta":[],"product_cat":[1588],"product_tag":[],"class_list":{"0":"post-57089","1":"product","2":"type-product","3":"status-publish","4":"has-post-thumbnail","6":"product_brand-elfa_ua","7":"product_cat-acu-kremi","9":"first","10":"outofstock","11":"taxable","12":"shipping-taxable","13":"product-type-simple"},"_links":{"self":[{"href":"https:\/\/e.kosmolat.eu\/lv\/wp-json\/wp\/v2\/product\/57089","targetHints":{"allow":["GET"]}}],"collection":[{"href":"https:\/\/e.kosmolat.eu\/lv\/wp-json\/wp\/v2\/product"}],"about":[{"href":"https:\/\/e.kosmolat.eu\/lv\/wp-json\/wp\/v2\/types\/product"}],"wp:featuredmedia":[{"embeddable":true,"href":"https:\/\/e.kosmolat.eu\/lv\/wp-json\/wp\/v2\/media\/100420"}],"wp:attachment":[{"href":"https:\/\/e.kosmolat.eu\/lv\/wp-json\/wp\/v2\/media?parent=57089"}],"wp:term":[{"taxonomy":"product_cat","embeddable":true,"href":"https:\/\/e.kosmolat.eu\/lv\/wp-json\/wp\/v2\/product_cat?post=57089"},{"taxonomy":"product_tag","embeddable":true,"href":"https:\/\/e.kosmolat.eu\/lv\/wp-json\/wp\/v2\/product_tag?post=57089"}],"curies":[{"name":"wp","href":"https:\/\/api.w.org\/{rel}","templated":true}]}}