{"id":57070,"date":"2024-10-10T04:04:51","date_gmt":"2024-10-10T04:04:51","guid":{"rendered":"https:\/\/e.kosmolat.eu\/product\/i_dd-mitrinoss-roku-krems-alveja-42-ml\/"},"modified":"2025-09-19T15:46:03","modified_gmt":"2025-09-19T15:46:03","slug":"i_dd-mitrinoss-roku-krems-alveja-42-ml","status":"publish","type":"product","link":"https:\/\/e.kosmolat.eu\/lv\/product\/i_dd-mitrinoss-roku-krems-alveja-42-ml\/","title":{"rendered":"I_&#8221;DD&#8221; Mitrino\u0161s roku kr\u0113ms, alveja, 42 ml"},"content":{"rendered":"<p>Ar alvejas ekstraktu. Mitrina roku \u0101du, nov\u0113r\u0161 raupjumu un lob\u012b\u0161anos. Pie\u0161\u0137ir rok\u0101m gludumu, m\u012bkstumu, maigu z\u012bdainumu. Satur kolag\u0113nu, kur\u0161 stiprina \u0101das strukt\u016bru, paildzina t\u0101s jaun\u012bbu. <\/p>\n<h4>\n<p>Lieto\u0161ana: <\/h4>\n<p>Uzkl\u0101t uz sausas, t\u012bras roku \u0101das.\u00a0<\/p>\n","protected":false},"excerpt":{"rendered":"<p>Ar alvejas ekstraktu. Mitrina roku \u0101du, nov\u0113r\u0161 raupjumu un lob\u012b\u0161anos. Pie\u0161\u0137ir rok\u0101m gludumu, m\u012bkstumu, maigu z\u012bdainumu. Satur kolag\u0113nu, kur\u0161 stiprina \u0101das strukt\u016bru, paildzina t\u0101s jaun\u012bbu. Lieto\u0161ana: Uzkl\u0101t uz sausas, t\u012bras roku \u0101das.\u00a0<\/p>\n","protected":false},"featured_media":79018,"template":"","meta":[],"product_cat":[1302],"product_tag":[],"class_list":{"0":"post-57070","1":"product","2":"type-product","3":"status-publish","4":"has-post-thumbnail","6":"product_brand-elfa_ua","7":"product_cat-roku-kopsanas-kosmetika","9":"first","10":"outofstock","11":"taxable","12":"shipping-taxable","13":"product-type-simple"},"_links":{"self":[{"href":"https:\/\/e.kosmolat.eu\/lv\/wp-json\/wp\/v2\/product\/57070","targetHints":{"allow":["GET"]}}],"collection":[{"href":"https:\/\/e.kosmolat.eu\/lv\/wp-json\/wp\/v2\/product"}],"about":[{"href":"https:\/\/e.kosmolat.eu\/lv\/wp-json\/wp\/v2\/types\/product"}],"wp:featuredmedia":[{"embeddable":true,"href":"https:\/\/e.kosmolat.eu\/lv\/wp-json\/wp\/v2\/media\/79018"}],"wp:attachment":[{"href":"https:\/\/e.kosmolat.eu\/lv\/wp-json\/wp\/v2\/media?parent=57070"}],"wp:term":[{"taxonomy":"product_cat","embeddable":true,"href":"https:\/\/e.kosmolat.eu\/lv\/wp-json\/wp\/v2\/product_cat?post=57070"},{"taxonomy":"product_tag","embeddable":true,"href":"https:\/\/e.kosmolat.eu\/lv\/wp-json\/wp\/v2\/product_tag?post=57070"}],"curies":[{"name":"wp","href":"https:\/\/api.w.org\/{rel}","templated":true}]}}