{"id":57062,"date":"2024-10-10T04:04:33","date_gmt":"2024-10-10T04:04:33","guid":{"rendered":"https:\/\/e.kosmolat.eu\/product\/dr-s-cucumber-atsvaidzinoss-krems-adai-zem-acim-15-ml\/"},"modified":"2026-04-16T06:57:17","modified_gmt":"2026-04-16T06:57:17","slug":"dr-s-cucumber-atsvaidzinoss-krems-adai-zem-acim-15-ml","status":"publish","type":"product","link":"https:\/\/e.kosmolat.eu\/lv\/product\/dr-s-cucumber-atsvaidzinoss-krems-adai-zem-acim-15-ml\/","title":{"rendered":"&#8220;Dr.S.Cucumber&#8221; Atsvaidzino\u0161s kr\u0113ms \u0101dai zem ac\u012bm, 15 ml"},"content":{"rendered":"<ul>\n<li><span style=\"line-height: 1.42857;\">Dab\u012bga UV-aizsardz\u012bba<\/span><\/li>\n<li>Norm\u0101lai \u0101dai un \u0101dai tend\u0113tai uz taukainumu<\/li>\n<li>Likvid\u0113 tum\u0161os lokus<\/li>\n<li>Izl\u012bdzina s\u012bk\u0101s grumbas<\/li>\n<li>0% parab\u0113nu, kr\u0101svielu, miner\u0101le\u013c\u013cu<\/li>\n<\/ul>\n<p><b>Sejas kr\u0101sas uzlabo\u0161ana un to\u0146a izl\u012bdzin\u0101\u0161ana. <\/b>Gur\u0137a un citrona ekstrakti pie\u0161\u0137ir \u0101dai svaigumu, toniz\u0113, likvid\u0113 tum\u0161os lokus un izl\u012bdzina toni. Allanto\u012bns nomierina \u0101du. Vital ET no\u0146em aps\u0101rtumu.<\/p>\n<p><b>Mitrin\u0101\u0161ana, baro\u0161ana, aizsardz\u012bba.<\/b> \u0160\u012b sviests un Roibu\u0161a ekstrakts &#8211; dab\u012bgi UV-filtri, aizsarg\u0101 no saules staru negat\u012bv\u0101s iedarb\u012bbas, paildzinot \u0101das jaun\u012bbu. Mitrina un baro, pies\u0101tina ar vitam\u012bniem. A un E vitam\u012bni nomierina \u0101du un nodro\u0161ina antioksidantu aizsardz\u012bbu.<\/p>\n<p><b>S\u012bko grumbu izl\u012bdzin\u0101\u0161ana. <\/b>Mitrin\u0101\u0161ana, kas tiek nodro\u0161in\u0101ta ar l\u012bdzek\u013ca akt\u012bvo sast\u0101vda\u013cu darb\u012bbu, taj\u0101 skaita ar dab\u012bgam e\u013c\u013cam un ekstraktiem, kuri veicina s\u012bko grumbu izl\u012bdzin\u0101\u0161anos.<\/p>\n<p>Dab\u012bgi UV-filtri (at\u0161\u0137ir\u012bb\u0101 no fiziskiem un organiskiem filtriem) \u013cauj lietot kr\u0113mu ne tikai dienas laik\u0101, bet ar\u012b cit\u0101 diennakts laik\u0101.\u00a0<\/p>\n<h4>Lieto\u0161ana:\u00a0<\/h4>\n<p>nelielu kr\u0113ma daudzumu uzkl\u0101t uz \u0101das ap ac\u012bm, maigi iemas\u0113jot to ar pirkstu spilventi\u0146iem, Ide\u0101la b\u0101ze zem makij\u0101\u017eas.<\/p>\n","protected":false},"excerpt":{"rendered":"<p>Dab\u012bga UV-aizsardz\u012bba Norm\u0101lai \u0101dai un \u0101dai tend\u0113tai uz taukainumu Likvid\u0113 tum\u0161os lokus Izl\u012bdzina s\u012bk\u0101s grumbas 0% parab\u0113nu, kr\u0101svielu, miner\u0101le\u013c\u013cu Sejas kr\u0101sas uzlabo\u0161ana un to\u0146a izl\u012bdzin\u0101\u0161ana. Gur\u0137a un citrona ekstrakti pie\u0161\u0137ir \u0101dai svaigumu, toniz\u0113, likvid\u0113 tum\u0161os lokus un izl\u012bdzina toni. Allanto\u012bns nomierina \u0101du. Vital ET no\u0146em aps\u0101rtumu. Mitrin\u0101\u0161ana, baro\u0161ana, aizsardz\u012bba. \u0160\u012b sviests un Roibu\u0161a ekstrakts &#8211; [&#8230;]\n","protected":false},"featured_media":78966,"template":"","meta":[],"product_cat":[1999],"product_tag":[],"class_list":{"0":"post-57062","1":"product","2":"type-product","3":"status-publish","4":"has-post-thumbnail","6":"product_brand-elfa_ua","7":"product_cat-bez-kategorijas","9":"first","10":"instock","11":"taxable","12":"shipping-taxable","13":"product-type-simple"},"_links":{"self":[{"href":"https:\/\/e.kosmolat.eu\/lv\/wp-json\/wp\/v2\/product\/57062","targetHints":{"allow":["GET"]}}],"collection":[{"href":"https:\/\/e.kosmolat.eu\/lv\/wp-json\/wp\/v2\/product"}],"about":[{"href":"https:\/\/e.kosmolat.eu\/lv\/wp-json\/wp\/v2\/types\/product"}],"wp:featuredmedia":[{"embeddable":true,"href":"https:\/\/e.kosmolat.eu\/lv\/wp-json\/wp\/v2\/media\/78966"}],"wp:attachment":[{"href":"https:\/\/e.kosmolat.eu\/lv\/wp-json\/wp\/v2\/media?parent=57062"}],"wp:term":[{"taxonomy":"product_cat","embeddable":true,"href":"https:\/\/e.kosmolat.eu\/lv\/wp-json\/wp\/v2\/product_cat?post=57062"},{"taxonomy":"product_tag","embeddable":true,"href":"https:\/\/e.kosmolat.eu\/lv\/wp-json\/wp\/v2\/product_tag?post=57062"}],"curies":[{"name":"wp","href":"https:\/\/api.w.org\/{rel}","templated":true}]}}