{"id":57054,"date":"2024-10-10T04:04:09","date_gmt":"2024-10-10T04:04:09","guid":{"rendered":"https:\/\/e.kosmolat.eu\/product\/i_za-skidras-ziepes-alveja-465-ml\/"},"modified":"2026-04-17T07:05:50","modified_gmt":"2026-04-17T07:05:50","slug":"gp-skidras-ziepes-alveja-460-ml","status":"publish","type":"product","link":"https:\/\/e.kosmolat.eu\/lv\/product\/gp-skidras-ziepes-alveja-460-ml\/","title":{"rendered":"GP \u0160\u0137idr\u0101s ziepes &#8220;Alveja&#8221;, 460 ml"},"content":{"rendered":"<ul>\n<li>Mitrina \u0101du<\/li>\n<li>0%, SLS, SLES, parab\u0113nu<\/li>\n<\/ul>\n<p>\u0160\u0137idr\u0101s ziepes ar dab\u012bgu e\u013c\u013cu nodro\u0161ina maigu att\u012br\u012b\u0161anu un \u0101das kop\u0161anu.<\/p>\n<p><b>Alvejas ekstrakts un avokadu e\u013c\u013ca <\/b>intens\u012bvi mitrina \u0101du, saglab\u0101 t\u0101s elast\u012bbu, aizsarg\u0101 no p\u0101rm\u0113r\u012bg\u0101 sausuma.<\/p>\n<h4>Lieto\u0161ana:\u00a0<\/h4>\n<p>uzkl\u0101t uz mitr\u0101s \u0101das, saputot, nomazg\u0101t ar \u016bdeni.<\/p>\n","protected":false},"excerpt":{"rendered":"<p>Mitrina \u0101du 0%, SLS, SLES, parab\u0113nu \u0160\u0137idr\u0101s ziepes ar dab\u012bgu e\u013c\u013cu nodro\u0161ina maigu att\u012br\u012b\u0161anu un \u0101das kop\u0161anu. Alvejas ekstrakts un avokadu e\u013c\u013ca intens\u012bvi mitrina \u0101du, saglab\u0101 t\u0101s elast\u012bbu, aizsarg\u0101 no p\u0101rm\u0113r\u012bg\u0101 sausuma. Lieto\u0161ana:\u00a0 uzkl\u0101t uz mitr\u0101s \u0101das, saputot, nomazg\u0101t ar \u016bdeni.<\/p>\n","protected":false},"featured_media":78922,"template":"","meta":[],"product_cat":[1999],"product_tag":[],"class_list":{"0":"post-57054","1":"product","2":"type-product","3":"status-publish","4":"has-post-thumbnail","6":"product_brand-elfa_ua","7":"product_cat-bez-kategorijas","9":"first","10":"instock","11":"taxable","12":"shipping-taxable","13":"product-type-simple"},"_links":{"self":[{"href":"https:\/\/e.kosmolat.eu\/lv\/wp-json\/wp\/v2\/product\/57054","targetHints":{"allow":["GET"]}}],"collection":[{"href":"https:\/\/e.kosmolat.eu\/lv\/wp-json\/wp\/v2\/product"}],"about":[{"href":"https:\/\/e.kosmolat.eu\/lv\/wp-json\/wp\/v2\/types\/product"}],"wp:featuredmedia":[{"embeddable":true,"href":"https:\/\/e.kosmolat.eu\/lv\/wp-json\/wp\/v2\/media\/78922"}],"wp:attachment":[{"href":"https:\/\/e.kosmolat.eu\/lv\/wp-json\/wp\/v2\/media?parent=57054"}],"wp:term":[{"taxonomy":"product_cat","embeddable":true,"href":"https:\/\/e.kosmolat.eu\/lv\/wp-json\/wp\/v2\/product_cat?post=57054"},{"taxonomy":"product_tag","embeddable":true,"href":"https:\/\/e.kosmolat.eu\/lv\/wp-json\/wp\/v2\/product_tag?post=57054"}],"curies":[{"name":"wp","href":"https:\/\/api.w.org\/{rel}","templated":true}]}}