{"id":57030,"date":"2024-10-10T04:02:56","date_gmt":"2024-10-10T04:02:56","guid":{"rendered":"https:\/\/e.kosmolat.eu\/product\/gelya-citrons-univers-pulveris-virsmu-tiris-virtuvei-un-vannas-istab-500-g\/"},"modified":"2026-04-15T13:33:42","modified_gmt":"2026-04-15T13:33:42","slug":"gelya-citrons-univers-pulveris-virsmu-tiris-virtuvei-un-vannas-istab-500-g","status":"publish","type":"product","link":"https:\/\/e.kosmolat.eu\/lv\/product\/gelya-citrons-univers-pulveris-virsmu-tiris-virtuvei-un-vannas-istab-500-g\/","title":{"rendered":"GELYA Citrons Univers. pulveris virsmu t\u012br\u012b\u0161. virtuvei un vannas istab., 500 g"},"content":{"rendered":"<li>Efekt\u012bvi no\u0146em taukus un notur\u012bgus traipus,<\/li>\n<li>Nodro&scaron;ina higi\u0113nisku t\u012br\u012bbu,<\/li>\n<li>Nov\u0113r&scaron; nepat\u012bkamas smakas.<\/li>\n<\/ul>\n<p><strong>Lieto&scaron;ana:<\/strong> uzkl\u0101jiet l\u012bdzekli uz mitras virsmas, paberz\u0113jiet un noskalojiet ar \u016bdeni. \u013boti stipru net\u012brumu gad\u012bjum\u0101 uzkl\u0101jiet l\u012bdzekli atk\u0101rtoti.<\/p>\n<p><strong>Uzglab<\/strong><strong>\u0101&scaron;<\/strong><strong>anas<\/strong><strong> noteikumi<\/strong><strong>:<\/strong> uzglab\u0101t temperat\u016br\u0101 l\u012bdz +35 &deg;C saus\u0101 viet\u0101, sarg\u0101jot no tie&scaron;iem saules stariem.<\/p>\n<p><strong>Der\u012bguma termi\u0146&scaron;: <\/strong>36 m\u0113ne&scaron;i no izgatavo&scaron;anas datuma.<\/p>\n<p><strong>Sast\u0101v\u0101:<\/strong> 30 % un vair\u0101k trokloz\u0113nn\u0101trijs, maz\u0101k par 5 %&nbsp; anjonu virsmakt\u012bvo vielu. Smar\u017eas un arom\u0101tisk\u0101s kompoz\u012bcijas.<\/p>\n","protected":false},"excerpt":{"rendered":"<p>Efekt\u012bvi no\u0146em taukus un notur\u012bgus traipus, Nodro&scaron;ina higi\u0113nisku t\u012br\u012bbu, Nov\u0113r&scaron; nepat\u012bkamas smakas. Lieto&scaron;ana: uzkl\u0101jiet l\u012bdzekli uz mitras virsmas, paberz\u0113jiet un noskalojiet ar \u016bdeni. \u013boti stipru net\u012brumu gad\u012bjum\u0101 uzkl\u0101jiet l\u012bdzekli atk\u0101rtoti. Uzglab\u0101&scaron;anas noteikumi: uzglab\u0101t temperat\u016br\u0101 l\u012bdz +35 &deg;C saus\u0101 viet\u0101, sarg\u0101jot no tie&scaron;iem saules stariem. Der\u012bguma termi\u0146&scaron;: 36 m\u0113ne&scaron;i no izgatavo&scaron;anas datuma. Sast\u0101v\u0101: 30 % un [&#8230;]\n","protected":false},"featured_media":102142,"template":"","meta":[],"product_cat":[1999],"product_tag":[],"class_list":{"0":"post-57030","1":"product","2":"type-product","3":"status-publish","4":"has-post-thumbnail","6":"product_brand-uzhcity_ua","7":"product_cat-bez-kategorijas","9":"first","10":"instock","11":"taxable","12":"shipping-taxable","13":"product-type-simple"},"_links":{"self":[{"href":"https:\/\/e.kosmolat.eu\/lv\/wp-json\/wp\/v2\/product\/57030","targetHints":{"allow":["GET"]}}],"collection":[{"href":"https:\/\/e.kosmolat.eu\/lv\/wp-json\/wp\/v2\/product"}],"about":[{"href":"https:\/\/e.kosmolat.eu\/lv\/wp-json\/wp\/v2\/types\/product"}],"wp:featuredmedia":[{"embeddable":true,"href":"https:\/\/e.kosmolat.eu\/lv\/wp-json\/wp\/v2\/media\/102142"}],"wp:attachment":[{"href":"https:\/\/e.kosmolat.eu\/lv\/wp-json\/wp\/v2\/media?parent=57030"}],"wp:term":[{"taxonomy":"product_cat","embeddable":true,"href":"https:\/\/e.kosmolat.eu\/lv\/wp-json\/wp\/v2\/product_cat?post=57030"},{"taxonomy":"product_tag","embeddable":true,"href":"https:\/\/e.kosmolat.eu\/lv\/wp-json\/wp\/v2\/product_tag?post=57030"}],"curies":[{"name":"wp","href":"https:\/\/api.w.org\/{rel}","templated":true}]}}