{"id":56949,"date":"2024-10-08T04:04:43","date_gmt":"2024-10-08T04:04:43","guid":{"rendered":"https:\/\/e.kosmolat.eu\/product\/dental-max-protection-mutes-skalos-lidz-1000-ml\/"},"modified":"2026-04-16T08:35:04","modified_gmt":"2026-04-16T08:35:04","slug":"dental-max-protection-mutes-skalos-lidz-1000-ml","status":"publish","type":"product","link":"https:\/\/e.kosmolat.eu\/lv\/product\/dental-max-protection-mutes-skalos-lidz-1000-ml\/","title":{"rendered":"Dental Max Protection Mutes skalo\u0161. l\u012bdz., 1000 ml"},"content":{"rendered":"<p>Satur alum\u012bnija lakt\u0101tu, kas pal\u012bdz stiprin\u0101t smaganas. Nesatur alkoholu. Atst\u0101j svaigas elpas saj\u016btu.<\/p>\n<p>Lieto\u0161ana: Lietojiet \u0161o mutes skalo\u0161anas l\u012bdzekli divas reizes dien\u0101 vai p\u0113c katras zobu t\u012br\u012b\u0161anas. Skalojiet mutes dobumu 30-40 sekundes.<\/p>\n<p>Satur n\u0101trija fluor\u012bdu 0,0225%, kas apr\u0113\u0137in\u0101ti k\u0101 F.<\/p>\n<p>UZMAN\u012aBU: Pirms lieto\u0161anas k\u0101rt\u012bgi sakrat\u012bt! Nenor\u012bt! Produkts nav paredz\u0113ts b\u0113rniem l\u012bdz 7 gadiem. Uzglab\u0101t b\u0113rniem nepieejam\u0101 viet\u0101!<\/p>\n","protected":false},"excerpt":{"rendered":"<p>Satur alum\u012bnija lakt\u0101tu, kas pal\u012bdz stiprin\u0101t smaganas. Nesatur alkoholu. Atst\u0101j svaigas elpas saj\u016btu. Lieto\u0161ana: Lietojiet \u0161o mutes skalo\u0161anas l\u012bdzekli divas reizes dien\u0101 vai p\u0113c katras zobu t\u012br\u012b\u0161anas. Skalojiet mutes dobumu 30-40 sekundes. Satur n\u0101trija fluor\u012bdu 0,0225%, kas apr\u0113\u0137in\u0101ti k\u0101 F. UZMAN\u012aBU: Pirms lieto\u0161anas k\u0101rt\u012bgi sakrat\u012bt! Nenor\u012bt! Produkts nav paredz\u0113ts b\u0113rniem l\u012bdz 7 gadiem. Uzglab\u0101t b\u0113rniem [&#8230;]\n","protected":false},"featured_media":101065,"template":"","meta":[],"product_cat":[1311],"product_tag":[],"class_list":{"0":"post-56949","1":"product","2":"type-product","3":"status-publish","4":"has-post-thumbnail","6":"product_brand-rubella-bg","7":"product_cat-mutes-skalotaji","9":"first","10":"instock","11":"taxable","12":"shipping-taxable","13":"product-type-simple"},"_links":{"self":[{"href":"https:\/\/e.kosmolat.eu\/lv\/wp-json\/wp\/v2\/product\/56949","targetHints":{"allow":["GET"]}}],"collection":[{"href":"https:\/\/e.kosmolat.eu\/lv\/wp-json\/wp\/v2\/product"}],"about":[{"href":"https:\/\/e.kosmolat.eu\/lv\/wp-json\/wp\/v2\/types\/product"}],"wp:featuredmedia":[{"embeddable":true,"href":"https:\/\/e.kosmolat.eu\/lv\/wp-json\/wp\/v2\/media\/101065"}],"wp:attachment":[{"href":"https:\/\/e.kosmolat.eu\/lv\/wp-json\/wp\/v2\/media?parent=56949"}],"wp:term":[{"taxonomy":"product_cat","embeddable":true,"href":"https:\/\/e.kosmolat.eu\/lv\/wp-json\/wp\/v2\/product_cat?post=56949"},{"taxonomy":"product_tag","embeddable":true,"href":"https:\/\/e.kosmolat.eu\/lv\/wp-json\/wp\/v2\/product_tag?post=56949"}],"curies":[{"name":"wp","href":"https:\/\/api.w.org\/{rel}","templated":true}]}}