{"id":56941,"date":"2024-10-08T04:04:28","date_gmt":"2024-10-08T04:04:28","guid":{"rendered":"https:\/\/e.kosmolat.eu\/product\/dental-gum-restore-mutes-skalos-lidz-1000-ml\/"},"modified":"2026-04-23T07:00:35","modified_gmt":"2026-04-23T07:00:35","slug":"dental-gum-restore-mutes-skalos-lidz-1000-ml","status":"publish","type":"product","link":"https:\/\/e.kosmolat.eu\/lv\/product\/dental-gum-restore-mutes-skalos-lidz-1000-ml\/","title":{"rendered":"Dental Gum Restore Mutes skalo\u0161. l\u012bdz., 1000 ml"},"content":{"rendered":"<p>Nodro\u0161ina maigu zobu un smaganu t\u012br\u012b\u0161anu. Atst\u0101j ilgsto\u0161u svaiguma saj\u016btu. Formula satur k\u0101lija citr\u0101tu, kas pal\u012bdz samazin\u0101t zobu jut\u012bgumu. Nesatur alkoholu.<\/p>\n<p>Lieto\u0161ana: Lietojiet \u0161o mutes skalo\u0161anas l\u012bdzekli divas reizes dien\u0101 vai p\u0113c katras zobu t\u012br\u012b\u0161anas. Skalojiet mutes dobumu 30-40 sekundes.<\/p>\n<p>Satur n\u0101trija fluor\u012bdu  0,0225%, kas apr\u0113\u0137in\u0101ti k\u0101 F.<\/p>\n<p>UZMAN\u012aBU: Pirms lieto\u0161anas k\u0101rt\u012bgi sakrat\u012bt! Nenor\u012bt! Produkts nav paredz\u0113ts b\u0113rniem l\u012bdz 7 gadiem. Uzglab\u0101t b\u0113rniem nepieejam\u0101 viet\u0101!<\/p>\n","protected":false},"excerpt":{"rendered":"<p>Nodro\u0161ina maigu zobu un smaganu t\u012br\u012b\u0161anu. Atst\u0101j ilgsto\u0161u svaiguma saj\u016btu. Formula satur k\u0101lija citr\u0101tu, kas pal\u012bdz samazin\u0101t zobu jut\u012bgumu. Nesatur alkoholu. Lieto\u0161ana: Lietojiet \u0161o mutes skalo\u0161anas l\u012bdzekli divas reizes dien\u0101 vai p\u0113c katras zobu t\u012br\u012b\u0161anas. Skalojiet mutes dobumu 30-40 sekundes. Satur n\u0101trija fluor\u012bdu 0,0225%, kas apr\u0113\u0137in\u0101ti k\u0101 F. UZMAN\u012aBU: Pirms lieto\u0161anas k\u0101rt\u012bgi sakrat\u012bt! Nenor\u012bt! Produkts [&#8230;]\n","protected":false},"featured_media":102777,"template":"","meta":[],"product_cat":[1999],"product_tag":[],"class_list":{"0":"post-56941","1":"product","2":"type-product","3":"status-publish","4":"has-post-thumbnail","6":"product_brand-rubella-bg","7":"product_cat-bez-kategorijas","9":"first","10":"instock","11":"taxable","12":"shipping-taxable","13":"product-type-simple"},"_links":{"self":[{"href":"https:\/\/e.kosmolat.eu\/lv\/wp-json\/wp\/v2\/product\/56941","targetHints":{"allow":["GET"]}}],"collection":[{"href":"https:\/\/e.kosmolat.eu\/lv\/wp-json\/wp\/v2\/product"}],"about":[{"href":"https:\/\/e.kosmolat.eu\/lv\/wp-json\/wp\/v2\/types\/product"}],"wp:featuredmedia":[{"embeddable":true,"href":"https:\/\/e.kosmolat.eu\/lv\/wp-json\/wp\/v2\/media\/102777"}],"wp:attachment":[{"href":"https:\/\/e.kosmolat.eu\/lv\/wp-json\/wp\/v2\/media?parent=56941"}],"wp:term":[{"taxonomy":"product_cat","embeddable":true,"href":"https:\/\/e.kosmolat.eu\/lv\/wp-json\/wp\/v2\/product_cat?post=56941"},{"taxonomy":"product_tag","embeddable":true,"href":"https:\/\/e.kosmolat.eu\/lv\/wp-json\/wp\/v2\/product_tag?post=56941"}],"curies":[{"name":"wp","href":"https:\/\/api.w.org\/{rel}","templated":true}]}}