{"id":56933,"date":"2024-10-08T04:04:10","date_gmt":"2024-10-08T04:04:10","guid":{"rendered":"https:\/\/e.kosmolat.eu\/product\/ip-intima-microflora-friendly-daily-intimate-gel-intim-hig-zel-250-ml\/"},"modified":"2025-04-01T15:13:06","modified_gmt":"2025-04-01T15:13:06","slug":"ip-intima-microflora-friendly-daily-intimate-gel-intim-hig-zel-250-ml","status":"publish","type":"product","link":"https:\/\/e.kosmolat.eu\/lv\/product\/ip-intima-microflora-friendly-daily-intimate-gel-intim-hig-zel-250-ml\/","title":{"rendered":"IP Intima Microflora Friendly Daily Intimate Gel Int\u012bm. hig. \u017eel., 250 ml"},"content":{"rendered":"<p>Int\u012bm\u0101s higi\u0113nas \u017eeleja katrai dienai, kas saudz\u012bgi att\u012bra int\u012bmo zonu. Dermatolo\u0123iski p\u0101rbaud\u012bta formula ar piensk\u0101bi un pro-prebiotisko kompleksu uztur dabisko pH l\u012bmeni un labv\u0113l\u012bgu mikrofloru. \u017deleja maigi att\u012bra un rada ilgsto\u0161u svaiguma saj\u016btu.<\/p>\n<p>Lieto\u0161ana: Uzkl\u0101jiet nelielu \u017eelejas daudzumu uz rok\u0101m un nomazg\u0101jiet int\u012bm\u0101s zonas. K\u0101rt\u012bgi noskalojiet ar \u016bdeni.<\/p>\n","protected":false},"excerpt":{"rendered":"<p>Int\u012bm\u0101s higi\u0113nas \u017eeleja katrai dienai, kas saudz\u012bgi att\u012bra int\u012bmo zonu. Dermatolo\u0123iski p\u0101rbaud\u012bta formula ar piensk\u0101bi un pro-prebiotisko kompleksu uztur dabisko pH l\u012bmeni un labv\u0113l\u012bgu mikrofloru. \u017deleja maigi att\u012bra un rada ilgsto\u0161u svaiguma saj\u016btu. Lieto\u0161ana: Uzkl\u0101jiet nelielu \u017eelejas daudzumu uz rok\u0101m un nomazg\u0101jiet int\u012bm\u0101s zonas. K\u0101rt\u012bgi noskalojiet ar \u016bdeni.<\/p>\n","protected":false},"featured_media":56937,"template":"","meta":[],"product_cat":[1372],"product_tag":[],"class_list":{"0":"post-56933","1":"product","2":"type-product","3":"status-publish","4":"has-post-thumbnail","6":"product_brand-rubella-bg","7":"product_cat-intima-higiena","9":"first","10":"instock","11":"taxable","12":"shipping-taxable","13":"product-type-simple"},"_links":{"self":[{"href":"https:\/\/e.kosmolat.eu\/lv\/wp-json\/wp\/v2\/product\/56933","targetHints":{"allow":["GET"]}}],"collection":[{"href":"https:\/\/e.kosmolat.eu\/lv\/wp-json\/wp\/v2\/product"}],"about":[{"href":"https:\/\/e.kosmolat.eu\/lv\/wp-json\/wp\/v2\/types\/product"}],"wp:featuredmedia":[{"embeddable":true,"href":"https:\/\/e.kosmolat.eu\/lv\/wp-json\/wp\/v2\/media\/56937"}],"wp:attachment":[{"href":"https:\/\/e.kosmolat.eu\/lv\/wp-json\/wp\/v2\/media?parent=56933"}],"wp:term":[{"taxonomy":"product_cat","embeddable":true,"href":"https:\/\/e.kosmolat.eu\/lv\/wp-json\/wp\/v2\/product_cat?post=56933"},{"taxonomy":"product_tag","embeddable":true,"href":"https:\/\/e.kosmolat.eu\/lv\/wp-json\/wp\/v2\/product_tag?post=56933"}],"curies":[{"name":"wp","href":"https:\/\/api.w.org\/{rel}","templated":true}]}}