{"id":56925,"date":"2024-10-08T04:03:55","date_gmt":"2024-10-08T04:03:55","guid":{"rendered":"https:\/\/e.kosmolat.eu\/product\/ip-intima-feminine-guard-nomierinosa-intim-hig-zel-250-ml\/"},"modified":"2025-06-04T06:12:14","modified_gmt":"2025-06-04T06:12:14","slug":"ip-intima-feminine-guard-nomierinosa-intim-hig-zel-250-ml","status":"publish","type":"product","link":"https:\/\/e.kosmolat.eu\/lv\/product\/ip-intima-feminine-guard-nomierinosa-intim-hig-zel-250-ml\/","title":{"rendered":"IP Intima Feminine Guard Nomierino\u0161a Int\u012bm. hig. \u017eel., 250 ml"},"content":{"rendered":"<p>Int\u012bm\u0101s higi\u0113nas \u017eeleja. Dermatolo\u0123iski p\u0101rbaud\u012bta formula, kas atjauno komforta saj\u016btu. \u017deleja neitraliz\u0113 nepat\u012bkamas smakas un r\u016bp\u0113jas par delik\u0101to int\u012bm\u0101s zonas mikrofloru. Bag\u0101tin\u0101ta ar piensk\u0101bi un kli\u0146\u0123er\u012bti, t\u0101 papildus atbalsta organisma dabisk\u0101s aizsargfunkcijas un samazina diskomforta saj\u016btu. Piem\u0113rota ikdienas lieto\u0161anai.<\/p>\n<p>Lieto\u0161ana: Uzkl\u0101jiet nelielu \u017eelejas daudzumu uz rok\u0101m un nomazg\u0101jiet int\u012bm\u0101s zonas. K\u0101rt\u012bgi noskalojiet ar \u016bdeni.<\/p>\n","protected":false},"excerpt":{"rendered":"<p>Int\u012bm\u0101s higi\u0113nas \u017eeleja. Dermatolo\u0123iski p\u0101rbaud\u012bta formula, kas atjauno komforta saj\u016btu. \u017deleja neitraliz\u0113 nepat\u012bkamas smakas un r\u016bp\u0113jas par delik\u0101to int\u012bm\u0101s zonas mikrofloru. Bag\u0101tin\u0101ta ar piensk\u0101bi un kli\u0146\u0123er\u012bti, t\u0101 papildus atbalsta organisma dabisk\u0101s aizsargfunkcijas un samazina diskomforta saj\u016btu. Piem\u0113rota ikdienas lieto\u0161anai. Lieto\u0161ana: Uzkl\u0101jiet nelielu \u017eelejas daudzumu uz rok\u0101m un nomazg\u0101jiet int\u012bm\u0101s zonas. K\u0101rt\u012bgi noskalojiet ar \u016bdeni.<\/p>\n","protected":false},"featured_media":56929,"template":"","meta":[],"product_cat":[1372],"product_tag":[],"class_list":{"0":"post-56925","1":"product","2":"type-product","3":"status-publish","4":"has-post-thumbnail","6":"product_brand-rubella-bg","7":"product_cat-intima-higiena","9":"first","10":"outofstock","11":"taxable","12":"shipping-taxable","13":"product-type-simple"},"_links":{"self":[{"href":"https:\/\/e.kosmolat.eu\/lv\/wp-json\/wp\/v2\/product\/56925","targetHints":{"allow":["GET"]}}],"collection":[{"href":"https:\/\/e.kosmolat.eu\/lv\/wp-json\/wp\/v2\/product"}],"about":[{"href":"https:\/\/e.kosmolat.eu\/lv\/wp-json\/wp\/v2\/types\/product"}],"wp:featuredmedia":[{"embeddable":true,"href":"https:\/\/e.kosmolat.eu\/lv\/wp-json\/wp\/v2\/media\/56929"}],"wp:attachment":[{"href":"https:\/\/e.kosmolat.eu\/lv\/wp-json\/wp\/v2\/media?parent=56925"}],"wp:term":[{"taxonomy":"product_cat","embeddable":true,"href":"https:\/\/e.kosmolat.eu\/lv\/wp-json\/wp\/v2\/product_cat?post=56925"},{"taxonomy":"product_tag","embeddable":true,"href":"https:\/\/e.kosmolat.eu\/lv\/wp-json\/wp\/v2\/product_tag?post=56925"}],"curies":[{"name":"wp","href":"https:\/\/api.w.org\/{rel}","templated":true}]}}