{"id":56909,"date":"2024-10-08T04:03:28","date_gmt":"2024-10-08T04:03:28","guid":{"rendered":"https:\/\/e.kosmolat.eu\/product\/dental-zobu-pasta-charcoal-whitening-295-g\/"},"modified":"2026-04-01T11:03:26","modified_gmt":"2026-04-01T11:03:26","slug":"dental-zobu-pasta-charcoal-whitening-295-g","status":"publish","type":"product","link":"https:\/\/e.kosmolat.eu\/lv\/product\/dental-zobu-pasta-charcoal-whitening-295-g\/","title":{"rendered":"Dental Zobu Pasta Charcoal Whitening, 295 g"},"content":{"rendered":"<p>Divkr\u0101saina zobu pasta ar dzi\u013ci att\u012bro\u0161u aktiv\u0113t\u0101s ogles un cinka citr\u0101ta kompleksu, kas efekt\u012bvi no\u0146em traipus, nodro\u0161ina aizsardz\u012bbu pret kariesu un zobakmens veido\u0161anos. Nodro\u0161ina ilgsto\u0161u svaigumu.<\/p>\n<p>Smaganu un zobu vesel\u012bbai ieteicams lietot zobu pastu DENTAL CHARCOAL WHITENING vismaz divas reizes dien\u0101, t\u012brot zobus 2-3 min\u016btes ar piem\u0113rotu zobu birsti.<\/p>\n<p>Satur n\u0101trija fluor\u012bdu  0,1%, kas apr\u0113\u0137in\u0101ts k\u0101 F.<\/p>\n<p>UZMAN\u012aBU: Nelietot b\u0113rniem l\u012bdz 7 gadiem! Uzglab\u0101t b\u0113rniem nepieejam\u0101 viet\u0101!<\/p>\n","protected":false},"excerpt":{"rendered":"<p>Divkr\u0101saina zobu pasta ar dzi\u013ci att\u012bro\u0161u aktiv\u0113t\u0101s ogles un cinka citr\u0101ta kompleksu, kas efekt\u012bvi no\u0146em traipus, nodro\u0161ina aizsardz\u012bbu pret kariesu un zobakmens veido\u0161anos. Nodro\u0161ina ilgsto\u0161u svaigumu. Smaganu un zobu vesel\u012bbai ieteicams lietot zobu pastu DENTAL CHARCOAL WHITENING vismaz divas reizes dien\u0101, t\u012brot zobus 2-3 min\u016btes ar piem\u0113rotu zobu birsti. Satur n\u0101trija fluor\u012bdu 0,1%, kas apr\u0113\u0137in\u0101ts [&#8230;]\n","protected":false},"featured_media":102218,"template":"","meta":[],"product_cat":[1309],"product_tag":[],"class_list":{"0":"post-56909","1":"product","2":"type-product","3":"status-publish","4":"has-post-thumbnail","6":"product_brand-rubella-bg","7":"product_cat-1309","9":"first","10":"instock","11":"taxable","12":"shipping-taxable","13":"product-type-simple"},"_links":{"self":[{"href":"https:\/\/e.kosmolat.eu\/lv\/wp-json\/wp\/v2\/product\/56909","targetHints":{"allow":["GET"]}}],"collection":[{"href":"https:\/\/e.kosmolat.eu\/lv\/wp-json\/wp\/v2\/product"}],"about":[{"href":"https:\/\/e.kosmolat.eu\/lv\/wp-json\/wp\/v2\/types\/product"}],"wp:featuredmedia":[{"embeddable":true,"href":"https:\/\/e.kosmolat.eu\/lv\/wp-json\/wp\/v2\/media\/102218"}],"wp:attachment":[{"href":"https:\/\/e.kosmolat.eu\/lv\/wp-json\/wp\/v2\/media?parent=56909"}],"wp:term":[{"taxonomy":"product_cat","embeddable":true,"href":"https:\/\/e.kosmolat.eu\/lv\/wp-json\/wp\/v2\/product_cat?post=56909"},{"taxonomy":"product_tag","embeddable":true,"href":"https:\/\/e.kosmolat.eu\/lv\/wp-json\/wp\/v2\/product_tag?post=56909"}],"curies":[{"name":"wp","href":"https:\/\/api.w.org\/{rel}","templated":true}]}}