{"id":56893,"date":"2024-10-08T04:02:59","date_gmt":"2024-10-08T04:02:59","guid":{"rendered":"https:\/\/e.kosmolat.eu\/product\/dental-zobu-pasta-gum-restore-295-g\/"},"modified":"2026-04-15T07:32:51","modified_gmt":"2026-04-15T07:32:51","slug":"dental-zobu-pasta-gum-restore-295-g","status":"publish","type":"product","link":"https:\/\/e.kosmolat.eu\/lv\/product\/dental-zobu-pasta-gum-restore-295-g\/","title":{"rendered":"Dental  Zobu Pasta Gum Restore, 295 g"},"content":{"rendered":"<p>Divkr\u0101saina zobu pasta ar \u012bpa\u0161u formulu, kas stiprina un nomierina smaganas, pateicoties dab\u012bgo ekstraktu kompleksam: piparm\u0113tras, sumaka, propolisa. Nodro\u0161ina ilgsto\u0161u svaigumu.<\/p>\n<p>Smaganu un zobu vesel\u012bbai ieteicams lietot zobu pastu DENTAL GUM RESTORE vismaz divas reizes dien\u0101, t\u012brot zobus 2-3 min\u016btes ar piem\u0113rotu zobu birsti.<\/p>\n<p>Satur n\u0101trija fluor\u012bdu 0,1%, kas apr\u0113\u0137in\u0101ts k\u0101 F.<\/p>\n<p>UZMAN\u012aBU: Nelietot b\u0113rniem l\u012bdz 7 gadiem! Uzglab\u0101t b\u0113rniem nepieejam\u0101 viet\u0101!<\/p>\n","protected":false},"excerpt":{"rendered":"<p>Divkr\u0101saina zobu pasta ar \u012bpa\u0161u formulu, kas stiprina un nomierina smaganas, pateicoties dab\u012bgo ekstraktu kompleksam: piparm\u0113tras, sumaka, propolisa. Nodro\u0161ina ilgsto\u0161u svaigumu. Smaganu un zobu vesel\u012bbai ieteicams lietot zobu pastu DENTAL GUM RESTORE vismaz divas reizes dien\u0101, t\u012brot zobus 2-3 min\u016btes ar piem\u0113rotu zobu birsti. Satur n\u0101trija fluor\u012bdu 0,1%, kas apr\u0113\u0137in\u0101ts k\u0101 F. UZMAN\u012aBU: Nelietot b\u0113rniem [&#8230;]\n","protected":false},"featured_media":103972,"template":"","meta":[],"product_cat":[1308],"product_tag":[],"class_list":{"0":"post-56893","1":"product","2":"type-product","3":"status-publish","4":"has-post-thumbnail","6":"product_brand-rubella-bg","7":"product_cat-dantu-pastos-ir-geliai","9":"first","10":"instock","11":"taxable","12":"shipping-taxable","13":"product-type-simple"},"_links":{"self":[{"href":"https:\/\/e.kosmolat.eu\/lv\/wp-json\/wp\/v2\/product\/56893","targetHints":{"allow":["GET"]}}],"collection":[{"href":"https:\/\/e.kosmolat.eu\/lv\/wp-json\/wp\/v2\/product"}],"about":[{"href":"https:\/\/e.kosmolat.eu\/lv\/wp-json\/wp\/v2\/types\/product"}],"wp:featuredmedia":[{"embeddable":true,"href":"https:\/\/e.kosmolat.eu\/lv\/wp-json\/wp\/v2\/media\/103972"}],"wp:attachment":[{"href":"https:\/\/e.kosmolat.eu\/lv\/wp-json\/wp\/v2\/media?parent=56893"}],"wp:term":[{"taxonomy":"product_cat","embeddable":true,"href":"https:\/\/e.kosmolat.eu\/lv\/wp-json\/wp\/v2\/product_cat?post=56893"},{"taxonomy":"product_tag","embeddable":true,"href":"https:\/\/e.kosmolat.eu\/lv\/wp-json\/wp\/v2\/product_tag?post=56893"}],"curies":[{"name":"wp","href":"https:\/\/api.w.org\/{rel}","templated":true}]}}