{"id":56885,"date":"2024-10-08T04:02:42","date_gmt":"2024-10-08T04:02:42","guid":{"rendered":"https:\/\/e.kosmolat.eu\/product\/dental-dream-sc-zobu-pasta-instant-white-75-ml\/"},"modified":"2026-04-22T09:40:10","modified_gmt":"2026-04-22T09:40:10","slug":"dental-dream-sc-zobu-pasta-instant-white-75-ml","status":"publish","type":"product","link":"https:\/\/e.kosmolat.eu\/lv\/product\/dental-dream-sc-zobu-pasta-instant-white-75-ml\/","title":{"rendered":"Dental Dream SC  Zobu Pasta Instant White, 75 ml"},"content":{"rendered":"<p>Satur att\u012bro\u0161\u0101s da\u013ci\u0146as, kas pal\u012bdz saudz\u012bgi no\u0146emt zobu aplikumu un traipus. Uzlabotajai formulai ir unik\u0101la violeta kr\u0101sa ar gaismu atstarojo\u0161iem pigmentiem, kas pal\u012bdz nodro\u0161in\u0101t t\u016bl\u012bt\u0113ju redzamu balino\u0161u efektu. Optisk\u0101s balin\u0101\u0161anas efekts ir \u012bslaic\u012bgs.<\/p>\n<p>Smaganu un zobu vesel\u012bbai ieteicams lietot zobu pastu INSTANT WHITE vismaz divas reizes dien\u0101, t\u012brot zobus 2-3 min\u016btes ar piem\u0113rotu zobu birsti.<\/p>\n<p>Satur n\u0101trija fluor\u012bdu  0,145%, kas apr\u0113\u0137in\u0101ti k\u0101 F.<\/p>\n<p>UZMAN\u012aBU: Produkts nav paredz\u0113ts b\u0113rniem l\u012bdz 7 gadiem. Uzglab\u0101t b\u0113rniem nepieejam\u0101 viet\u0101!<\/p>\n","protected":false},"excerpt":{"rendered":"<p>Satur att\u012bro\u0161\u0101s da\u013ci\u0146as, kas pal\u012bdz saudz\u012bgi no\u0146emt zobu aplikumu un traipus. Uzlabotajai formulai ir unik\u0101la violeta kr\u0101sa ar gaismu atstarojo\u0161iem pigmentiem, kas pal\u012bdz nodro\u0161in\u0101t t\u016bl\u012bt\u0113ju redzamu balino\u0161u efektu. Optisk\u0101s balin\u0101\u0161anas efekts ir \u012bslaic\u012bgs. Smaganu un zobu vesel\u012bbai ieteicams lietot zobu pastu INSTANT WHITE vismaz divas reizes dien\u0101, t\u012brot zobus 2-3 min\u016btes ar piem\u0113rotu zobu birsti. [&#8230;]\n","protected":false},"featured_media":99964,"template":"","meta":[],"product_cat":[1999],"product_tag":[],"class_list":{"0":"post-56885","1":"product","2":"type-product","3":"status-publish","4":"has-post-thumbnail","6":"product_brand-rubella-bg","7":"product_cat-bez-kategorijas","9":"first","10":"instock","11":"taxable","12":"shipping-taxable","13":"product-type-simple"},"_links":{"self":[{"href":"https:\/\/e.kosmolat.eu\/lv\/wp-json\/wp\/v2\/product\/56885","targetHints":{"allow":["GET"]}}],"collection":[{"href":"https:\/\/e.kosmolat.eu\/lv\/wp-json\/wp\/v2\/product"}],"about":[{"href":"https:\/\/e.kosmolat.eu\/lv\/wp-json\/wp\/v2\/types\/product"}],"wp:featuredmedia":[{"embeddable":true,"href":"https:\/\/e.kosmolat.eu\/lv\/wp-json\/wp\/v2\/media\/99964"}],"wp:attachment":[{"href":"https:\/\/e.kosmolat.eu\/lv\/wp-json\/wp\/v2\/media?parent=56885"}],"wp:term":[{"taxonomy":"product_cat","embeddable":true,"href":"https:\/\/e.kosmolat.eu\/lv\/wp-json\/wp\/v2\/product_cat?post=56885"},{"taxonomy":"product_tag","embeddable":true,"href":"https:\/\/e.kosmolat.eu\/lv\/wp-json\/wp\/v2\/product_tag?post=56885"}],"curies":[{"name":"wp","href":"https:\/\/api.w.org\/{rel}","templated":true}]}}