{"id":56877,"date":"2024-10-08T04:02:29","date_gmt":"2024-10-08T04:02:29","guid":{"rendered":"https:\/\/e.kosmolat.eu\/product\/dental-dream-sc-zobu-pasta-multi-protect-75-ml\/"},"modified":"2026-04-22T09:04:13","modified_gmt":"2026-04-22T09:04:13","slug":"dental-dream-sc-zobu-pasta-multi-protect-75-ml","status":"publish","type":"product","link":"https:\/\/e.kosmolat.eu\/lv\/product\/dental-dream-sc-zobu-pasta-multi-protect-75-ml\/","title":{"rendered":"Dental Dream SC Zobu pasta Multi-Protect, 75 ml"},"content":{"rendered":"<p>Uztur mutes dobuma floras l\u012bdzsvaru. Formula satur zin\u0101tniski pier\u0101d\u012btu patent\u0113tu sast\u0101vda\u013cu &#8211; inul\u012bnu (PreBiulin Oral), kas pal\u012bdz atjaunot dabisko l\u012bdzsvaru mutes dobum\u0101, un fluor\u012bdu, kas samazina zobu aplikuma veido\u0161anos.<\/p>\n<p>Smaganu un zobu vesel\u012bbai ieteicams lietot zobu pastu MULTI-PROTECT vismaz divas reizes dien\u0101, t\u012brot zobus 2-3 min\u016btes ar piem\u0113rotu zobu birsti.<\/p>\n<p>Satur n\u0101trija fluor\u012bdu 0,145%, kas apr\u0113\u0137in\u0101ti k\u0101 F.<\/p>\n<p>UZMAN\u012aBU: Produkts nav paredz\u0113ts b\u0113rniem l\u012bdz 7 gadiem. Uzglab\u0101t b\u0113rniem nepieejam\u0101 viet\u0101!<\/p>\n","protected":false},"excerpt":{"rendered":"<p>Uztur mutes dobuma floras l\u012bdzsvaru. Formula satur zin\u0101tniski pier\u0101d\u012btu patent\u0113tu sast\u0101vda\u013cu &#8211; inul\u012bnu (PreBiulin Oral), kas pal\u012bdz atjaunot dabisko l\u012bdzsvaru mutes dobum\u0101, un fluor\u012bdu, kas samazina zobu aplikuma veido\u0161anos. Smaganu un zobu vesel\u012bbai ieteicams lietot zobu pastu MULTI-PROTECT vismaz divas reizes dien\u0101, t\u012brot zobus 2-3 min\u016btes ar piem\u0113rotu zobu birsti. Satur n\u0101trija fluor\u012bdu 0,145%, kas [&#8230;]\n","protected":false},"featured_media":101554,"template":"","meta":[],"product_cat":[1999],"product_tag":[],"class_list":{"0":"post-56877","1":"product","2":"type-product","3":"status-publish","4":"has-post-thumbnail","6":"product_brand-rubella-bg","7":"product_cat-bez-kategorijas","9":"first","10":"instock","11":"taxable","12":"shipping-taxable","13":"product-type-simple"},"_links":{"self":[{"href":"https:\/\/e.kosmolat.eu\/lv\/wp-json\/wp\/v2\/product\/56877","targetHints":{"allow":["GET"]}}],"collection":[{"href":"https:\/\/e.kosmolat.eu\/lv\/wp-json\/wp\/v2\/product"}],"about":[{"href":"https:\/\/e.kosmolat.eu\/lv\/wp-json\/wp\/v2\/types\/product"}],"wp:featuredmedia":[{"embeddable":true,"href":"https:\/\/e.kosmolat.eu\/lv\/wp-json\/wp\/v2\/media\/101554"}],"wp:attachment":[{"href":"https:\/\/e.kosmolat.eu\/lv\/wp-json\/wp\/v2\/media?parent=56877"}],"wp:term":[{"taxonomy":"product_cat","embeddable":true,"href":"https:\/\/e.kosmolat.eu\/lv\/wp-json\/wp\/v2\/product_cat?post=56877"},{"taxonomy":"product_tag","embeddable":true,"href":"https:\/\/e.kosmolat.eu\/lv\/wp-json\/wp\/v2\/product_tag?post=56877"}],"curies":[{"name":"wp","href":"https:\/\/api.w.org\/{rel}","templated":true}]}}