{"id":56869,"date":"2024-10-08T04:00:29","date_gmt":"2024-10-08T04:00:29","guid":{"rendered":"https:\/\/e.kosmolat.eu\/product\/ip-intima-active-lifest-menstruat-support-intim-hig-zel-250-ml\/"},"modified":"2025-04-24T12:52:58","modified_gmt":"2025-04-24T12:52:58","slug":"ip-intima-active-lifest-menstruat-support-intim-hig-zel-250-ml","status":"publish","type":"product","link":"https:\/\/e.kosmolat.eu\/lv\/product\/ip-intima-active-lifest-menstruat-support-intim-hig-zel-250-ml\/","title":{"rendered":"IP Intima Active Lifest. &#038; Menstruat. Support Int\u012bm. hig. \u017eel., 250 ml"},"content":{"rendered":"<p>Int\u012bm\u0101s higi\u0113nas \u017eeleja papildu kop\u0161anai intens\u012bva dz\u012bvesveida gad\u012bjum\u0101 un menstru\u0101cijas laik\u0101. T\u0101 pal\u012bdz uztur\u0113t optim\u0101lu pH l\u012bmeni un int\u012bm\u0101s zonas higi\u0113nu, k\u0101 ar\u012b nov\u0113r\u0161 nepat\u012bkamas smakas. Paredz\u0113ta, lai nomierin\u0101tu un uztur\u0113tu svaigumu un hidrol\u012bdzsvaru delik\u0101taj\u0101 int\u012bmaj\u0101 zon\u0101. Dermatolo\u0123iski p\u0101rbaud\u012bta formula, kas piem\u0113rota ikdienas lieto\u0161anai.<\/p>\n<p>Lieto\u0161ana: Uzkl\u0101jiet nelielu \u017eelejas daudzumu uz rok\u0101m un nomazg\u0101jiet int\u012bm\u0101s zonas. K\u0101rt\u012bgi noskalojiet ar \u016bdeni.<\/p>\n","protected":false},"excerpt":{"rendered":"<p>Int\u012bm\u0101s higi\u0113nas \u017eeleja papildu kop\u0161anai intens\u012bva dz\u012bvesveida gad\u012bjum\u0101 un menstru\u0101cijas laik\u0101. T\u0101 pal\u012bdz uztur\u0113t optim\u0101lu pH l\u012bmeni un int\u012bm\u0101s zonas higi\u0113nu, k\u0101 ar\u012b nov\u0113r\u0161 nepat\u012bkamas smakas. Paredz\u0113ta, lai nomierin\u0101tu un uztur\u0113tu svaigumu un hidrol\u012bdzsvaru delik\u0101taj\u0101 int\u012bmaj\u0101 zon\u0101. Dermatolo\u0123iski p\u0101rbaud\u012bta formula, kas piem\u0113rota ikdienas lieto\u0161anai. Lieto\u0161ana: Uzkl\u0101jiet nelielu \u017eelejas daudzumu uz rok\u0101m un nomazg\u0101jiet int\u012bm\u0101s zonas. [&#8230;]\n","protected":false},"featured_media":56873,"template":"","meta":[],"product_cat":[1999],"product_tag":[],"class_list":{"0":"post-56869","1":"product","2":"type-product","3":"status-publish","4":"has-post-thumbnail","6":"product_brand-rubella-bg","7":"product_cat-bez-kategorijas","9":"first","10":"outofstock","11":"taxable","12":"shipping-taxable","13":"product-type-simple"},"_links":{"self":[{"href":"https:\/\/e.kosmolat.eu\/lv\/wp-json\/wp\/v2\/product\/56869","targetHints":{"allow":["GET"]}}],"collection":[{"href":"https:\/\/e.kosmolat.eu\/lv\/wp-json\/wp\/v2\/product"}],"about":[{"href":"https:\/\/e.kosmolat.eu\/lv\/wp-json\/wp\/v2\/types\/product"}],"wp:featuredmedia":[{"embeddable":true,"href":"https:\/\/e.kosmolat.eu\/lv\/wp-json\/wp\/v2\/media\/56873"}],"wp:attachment":[{"href":"https:\/\/e.kosmolat.eu\/lv\/wp-json\/wp\/v2\/media?parent=56869"}],"wp:term":[{"taxonomy":"product_cat","embeddable":true,"href":"https:\/\/e.kosmolat.eu\/lv\/wp-json\/wp\/v2\/product_cat?post=56869"},{"taxonomy":"product_tag","embeddable":true,"href":"https:\/\/e.kosmolat.eu\/lv\/wp-json\/wp\/v2\/product_tag?post=56869"}],"curies":[{"name":"wp","href":"https:\/\/api.w.org\/{rel}","templated":true}]}}