{"id":56821,"date":"2024-10-05T04:04:17","date_gmt":"2024-10-05T04:04:17","guid":{"rendered":"https:\/\/e.kosmolat.eu\/product\/cl-micelarais-udens-3-in-1-400-ml\/"},"modified":"2025-09-19T17:57:48","modified_gmt":"2025-09-19T17:57:48","slug":"cl-micelarais-udens-3-in-1-400-ml","status":"publish","type":"product","link":"https:\/\/e.kosmolat.eu\/lv\/product\/cl-micelarais-udens-3-in-1-400-ml\/","title":{"rendered":"CL  Micel\u0101rais \u016bdens &#8220;3 in 1&#8221;, 400 ml"},"content":{"rendered":"<p>Satur 5 ekstraktu un e\u013c\u013cu esenci (verb\u0113nas ekstrakts, peonijas ekstrakts, mande\u013cu peonijas un ol\u012bvu e\u013c\u013cas). Akt\u012bvas dab\u012bgas sast\u0101vda\u013cas baro, dzi\u013ci mitrina un m\u012bkstina \u0101du. Rozes ekstrakts nomierina, atsvaidzina un pie\u0161\u0137ir \u0101dai gludumu un vesel\u012bgu sp\u012bdumu.<\/p>\n<h4>Lieto\u0161ana:\u00a0<\/h4>\n<p>samitriniet vates disku un saudz\u012bgi not\u012briet sejas \u0101du. Makij\u0101\u017eas no\u0146em\u0161anas laik\u0101 izvair\u012bties no iek\u013c\u016b\u0161anas ac\u012bs.\u00a0<\/p>\n<p>Ir pie\u013caujama nenoz\u012bm\u012bgu nogul\u0161\u0146u veido\u0161an\u0101s sakar\u0101 ar sast\u0101v\u0101 eso\u0161\u0101m dab\u012bg\u0101m sast\u0101vda\u013c\u0101m. Neietekm\u0113 produkta dro\u0161umu un kvalit\u0101ti.\u00a0<\/p><\/p>\n","protected":false},"excerpt":{"rendered":"<p>Satur 5 ekstraktu un e\u013c\u013cu esenci (verb\u0113nas ekstrakts, peonijas ekstrakts, mande\u013cu peonijas un ol\u012bvu e\u013c\u013cas). Akt\u012bvas dab\u012bgas sast\u0101vda\u013cas baro, dzi\u013ci mitrina un m\u012bkstina \u0101du. Rozes ekstrakts nomierina, atsvaidzina un pie\u0161\u0137ir \u0101dai gludumu un vesel\u012bgu sp\u012bdumu. Lieto\u0161ana:\u00a0 samitriniet vates disku un saudz\u012bgi not\u012briet sejas \u0101du. Makij\u0101\u017eas no\u0146em\u0161anas laik\u0101 izvair\u012bties no iek\u013c\u016b\u0161anas ac\u012bs.\u00a0 Ir pie\u013caujama nenoz\u012bm\u012bgu nogul\u0161\u0146u [&#8230;]\n","protected":false},"featured_media":81298,"template":"","meta":[],"product_cat":[1568],"product_tag":[],"class_list":{"0":"post-56821","1":"product","2":"type-product","3":"status-publish","4":"has-post-thumbnail","6":"product_brand-unilever-rus","7":"product_cat-micelarais-udens","9":"first","10":"outofstock","11":"taxable","12":"shipping-taxable","13":"product-type-simple"},"_links":{"self":[{"href":"https:\/\/e.kosmolat.eu\/lv\/wp-json\/wp\/v2\/product\/56821","targetHints":{"allow":["GET"]}}],"collection":[{"href":"https:\/\/e.kosmolat.eu\/lv\/wp-json\/wp\/v2\/product"}],"about":[{"href":"https:\/\/e.kosmolat.eu\/lv\/wp-json\/wp\/v2\/types\/product"}],"wp:featuredmedia":[{"embeddable":true,"href":"https:\/\/e.kosmolat.eu\/lv\/wp-json\/wp\/v2\/media\/81298"}],"wp:attachment":[{"href":"https:\/\/e.kosmolat.eu\/lv\/wp-json\/wp\/v2\/media?parent=56821"}],"wp:term":[{"taxonomy":"product_cat","embeddable":true,"href":"https:\/\/e.kosmolat.eu\/lv\/wp-json\/wp\/v2\/product_cat?post=56821"},{"taxonomy":"product_tag","embeddable":true,"href":"https:\/\/e.kosmolat.eu\/lv\/wp-json\/wp\/v2\/product_tag?post=56821"}],"curies":[{"name":"wp","href":"https:\/\/api.w.org\/{rel}","templated":true}]}}