{"id":56721,"date":"2024-10-04T04:17:36","date_gmt":"2024-10-04T04:17:36","guid":{"rendered":"https:\/\/e.kosmolat.eu\/product\/pax-moly-auduma-sejas-maska-ists-kolagens-25-ml\/"},"modified":"2024-10-23T06:35:36","modified_gmt":"2024-10-23T06:35:36","slug":"pax-moly-auduma-sejas-maska-ists-kolagens-25-ml","status":"publish","type":"product","link":"https:\/\/e.kosmolat.eu\/lv\/product\/pax-moly-auduma-sejas-maska-ists-kolagens-25-ml\/","title":{"rendered":"PAX MOLY Auduma sejas maska \u012asts kolag\u0113ns, 25 ml"},"content":{"rendered":"<p>Ar kolag\u0113nu un dab\u012bg\u0101m sast\u0101vda\u013c\u0101m bag\u0101tin\u0101t\u0101 maska padara \u0101du t\u012bru, barotu un svaigu. \u0100da k\u013c\u016bst man\u0101mi mirdzo\u0161\u0101ka un mitrin\u0101ta. Maskas sast\u0101vda\u013cas padara \u0101du gai\u0161\u0101ku un pal\u012bdz nov\u0113rst \u0101das noveco\u0161an\u0101s paz\u012bmes.<\/p>\n<p>Lieto\u0161ana: not\u012briet un nosusiniet sejas \u0101du. Iz\u0146emiet masku no iepakojuma un r\u016bp\u012bgi uzkl\u0101jiet uz sejas \u0101das. Paturiet masku 10-20 min\u016btes, p\u0113c tam uzman\u012bgi no\u0146emiet. Ar maig\u0101m kust\u012bb\u0101m iemas\u0113jiet produkta paliekas \u0101d\u0101. Maska paredz\u0113ta vienai lieto\u0161anas reizei.<\/p>\n<p>Piesardz\u012bbas pas\u0101kumi: Ja rodas izsitumi, piet\u016bkums, nieze vai kairin\u0101jums, p\u0101rtrauciet maskas lieto\u0161anu un konsult\u0113jieties ar dermatologu. Ja iek\u013c\u016bst ac\u012bs, r\u016bp\u012bgi izskalojiet ar \u016bdeni.<\/p>\n<p>Uzglab\u0101t b\u0113rniem nepieejam\u0101 viet\u0101, temperat\u016br\u0101 no +5 \u00b0\u0421 l\u012bdz +25 \u00b0\u0421 sarg\u0101jot no tie\u0161iem saules stariem, siltuma avotiem.<\/p>\n","protected":false},"excerpt":{"rendered":"<p>Ar kolag\u0113nu un dab\u012bg\u0101m sast\u0101vda\u013c\u0101m bag\u0101tin\u0101t\u0101 maska padara \u0101du t\u012bru, barotu un svaigu. \u0100da k\u013c\u016bst man\u0101mi mirdzo\u0161\u0101ka un mitrin\u0101ta. Maskas sast\u0101vda\u013cas padara \u0101du gai\u0161\u0101ku un pal\u012bdz nov\u0113rst \u0101das noveco\u0161an\u0101s paz\u012bmes. Lieto\u0161ana: not\u012briet un nosusiniet sejas \u0101du. Iz\u0146emiet masku no iepakojuma un r\u016bp\u012bgi uzkl\u0101jiet uz sejas \u0101das. Paturiet masku 10-20 min\u016btes, p\u0113c tam uzman\u012bgi no\u0146emiet. Ar [&#8230;]\n","protected":false},"featured_media":56725,"template":"","meta":[],"product_cat":[1370],"product_tag":[],"class_list":{"0":"post-56721","1":"product","2":"type-product","3":"status-publish","4":"has-post-thumbnail","6":"product_brand-replay","7":"product_cat-1370","9":"first","10":"outofstock","11":"taxable","12":"shipping-taxable","13":"product-type-simple"},"_links":{"self":[{"href":"https:\/\/e.kosmolat.eu\/lv\/wp-json\/wp\/v2\/product\/56721","targetHints":{"allow":["GET"]}}],"collection":[{"href":"https:\/\/e.kosmolat.eu\/lv\/wp-json\/wp\/v2\/product"}],"about":[{"href":"https:\/\/e.kosmolat.eu\/lv\/wp-json\/wp\/v2\/types\/product"}],"wp:featuredmedia":[{"embeddable":true,"href":"https:\/\/e.kosmolat.eu\/lv\/wp-json\/wp\/v2\/media\/56725"}],"wp:attachment":[{"href":"https:\/\/e.kosmolat.eu\/lv\/wp-json\/wp\/v2\/media?parent=56721"}],"wp:term":[{"taxonomy":"product_cat","embeddable":true,"href":"https:\/\/e.kosmolat.eu\/lv\/wp-json\/wp\/v2\/product_cat?post=56721"},{"taxonomy":"product_tag","embeddable":true,"href":"https:\/\/e.kosmolat.eu\/lv\/wp-json\/wp\/v2\/product_tag?post=56721"}],"curies":[{"name":"wp","href":"https:\/\/api.w.org\/{rel}","templated":true}]}}