{"id":56713,"date":"2024-10-04T04:17:15","date_gmt":"2024-10-04T04:17:15","guid":{"rendered":"https:\/\/e.kosmolat.eu\/product\/pax-moly-auduma-sejas-maska-ists-zelts-25-ml\/"},"modified":"2025-09-12T09:31:15","modified_gmt":"2025-09-12T09:31:15","slug":"pax-moly-auduma-sejas-maska-ists-zelts-25-ml","status":"publish","type":"product","link":"https:\/\/e.kosmolat.eu\/lv\/product\/pax-moly-auduma-sejas-maska-ists-zelts-25-ml\/","title":{"rendered":"PAX MOLY Auduma sejas maska \u012asts zelts, 25 ml"},"content":{"rendered":"<p>Satur zelta v\u0113rtus bot\u0101niskos ekstraktus un augu izcelsmes sast\u0101vda\u013cas, kas baro, mitrina \u0101du, nodro\u0161ina pretnoveco\u0161an\u0101s efektu, aizsarg\u0101 no saules starojuma negat\u012bv\u0101s ietekmes, izl\u012bdzina grumbas, padara \u0101du mirdzo\u0161u un elast\u012bgu. <\/p>\n<p>Lieto\u0161ana: not\u012briet un nosusiniet sejas \u0101du. Iz\u0146emiet masku no iepakojuma un r\u016bp\u012bgi uzkl\u0101jiet uz sejas \u0101das. Paturiet masku 10-20 min\u016btes, p\u0113c tam uzman\u012bgi no\u0146emiet. Ar maig\u0101m kust\u012bb\u0101m iemas\u0113jiet produkta paliekas \u0101d\u0101. Maska paredz\u0113ta vienai lieto\u0161anas reizei.<\/p>\n<p>Piesardz\u012bbas pas\u0101kumi: Ja rodas izsitumi, piet\u016bkums, nieze vai kairin\u0101jums, p\u0101rtrauciet maskas lieto\u0161anu un konsult\u0113jieties ar dermatologu. Ja iek\u013c\u016bst ac\u012bs, r\u016bp\u012bgi izskalojiet ar \u016bdeni.<\/p>\n<p>Uzglab\u0101t b\u0113rniem nepieejam\u0101 viet\u0101, temperat\u016br\u0101 no +5 \u00b0\u0421 l\u012bdz +25 \u00b0\u0421 sarg\u0101jot no tie\u0161iem saules stariem, siltuma avotiem.<\/p>\n","protected":false},"excerpt":{"rendered":"<p>Satur zelta v\u0113rtus bot\u0101niskos ekstraktus un augu izcelsmes sast\u0101vda\u013cas, kas baro, mitrina \u0101du, nodro\u0161ina pretnoveco\u0161an\u0101s efektu, aizsarg\u0101 no saules starojuma negat\u012bv\u0101s ietekmes, izl\u012bdzina grumbas, padara \u0101du mirdzo\u0161u un elast\u012bgu. Lieto\u0161ana: not\u012briet un nosusiniet sejas \u0101du. Iz\u0146emiet masku no iepakojuma un r\u016bp\u012bgi uzkl\u0101jiet uz sejas \u0101das. Paturiet masku 10-20 min\u016btes, p\u0113c tam uzman\u012bgi no\u0146emiet. Ar maig\u0101m [&#8230;]\n","protected":false},"featured_media":0,"template":"","meta":[],"product_cat":[1367],"product_tag":[],"class_list":{"0":"post-56713","1":"product","2":"type-product","3":"status-publish","5":"product_brand-replay_kr","6":"product_cat-sejas-maskas","8":"first","9":"outofstock","10":"taxable","11":"shipping-taxable","12":"product-type-simple"},"_links":{"self":[{"href":"https:\/\/e.kosmolat.eu\/lv\/wp-json\/wp\/v2\/product\/56713","targetHints":{"allow":["GET"]}}],"collection":[{"href":"https:\/\/e.kosmolat.eu\/lv\/wp-json\/wp\/v2\/product"}],"about":[{"href":"https:\/\/e.kosmolat.eu\/lv\/wp-json\/wp\/v2\/types\/product"}],"wp:attachment":[{"href":"https:\/\/e.kosmolat.eu\/lv\/wp-json\/wp\/v2\/media?parent=56713"}],"wp:term":[{"taxonomy":"product_cat","embeddable":true,"href":"https:\/\/e.kosmolat.eu\/lv\/wp-json\/wp\/v2\/product_cat?post=56713"},{"taxonomy":"product_tag","embeddable":true,"href":"https:\/\/e.kosmolat.eu\/lv\/wp-json\/wp\/v2\/product_tag?post=56713"}],"curies":[{"name":"wp","href":"https:\/\/api.w.org\/{rel}","templated":true}]}}