{"id":56705,"date":"2024-10-04T04:16:43","date_gmt":"2024-10-04T04:16:43","guid":{"rendered":"https:\/\/e.kosmolat.eu\/product\/shokubutsu-monogatari-daily-detox-sejas-mazg-putas-problemat-adai-100-g\/"},"modified":"2025-06-17T09:03:08","modified_gmt":"2025-06-17T09:03:08","slug":"i_shokubutsu-monogatari-daily-detox-sejas-mazg-putas-problemat-adai-100-g","status":"publish","type":"product","link":"https:\/\/e.kosmolat.eu\/lv\/product\/i_shokubutsu-monogatari-daily-detox-sejas-mazg-putas-problemat-adai-100-g\/","title":{"rendered":"I_SHOKUBUTSU MONOGATARI Daily Detox Sejas mazg.  putas problem\u0101t. \u0101dai, 100 g"},"content":{"rendered":"<p>Sejas mazg\u0101\u0161anas putas maigi att\u012bra \u0101du, intens\u012bvi mitrina to, regul\u0113 tauku dziedzeru darb\u012bbu un normaliz\u0113 \u0101das hidrolip\u012bdu l\u012bdzsvaru, padarot to gludu un maigu. T\u0101s pie\u0161\u0137ir pat\u012bkamu arom\u0101tu un t\u012br\u012bbas saj\u016btu. Putu sast\u0101v\u0101 ietilpst Jap\u0101nas bambusa lapu un za\u013c\u0101s t\u0113jas ekstrakti, t\u0113jas koka e\u013c\u013ca un cinka PCA, kam piem\u012bt antibakteri\u0101la un antioksidanta iedarb\u012bba. \u0160ie komponenti nomierina \u0101du, sa\u0161aurina poras, veicina \u0161\u016bnu atjauno\u0161anos un paaugstina \u0101das elast\u012bbu un tvirtumu. Putas ir piem\u0113rotas taukainai, problem\u0101tiskai un kombin\u0113tai \u0101dai.<\/p>\n<p>Lieto\u0161ana: Ar mas\u0113jo\u0161\u0101m kust\u012bb\u0101m uzkl\u0101jiet uz mitras \u0101das. R\u016bp\u012bgi noskalojiet ar siltu \u016bdeni.<br \/>\nBR\u012aDIN\u0100JUMI: 1. Ja, lietojot produktu, rodas izsitumi, piet\u016bkums, nieze vai citas nepat\u012bkamas saj\u016btas, nekav\u0113joties p\u0101rtrauciet lieto\u0161anu un konsult\u0113jieties ar dermatologu. 2. Nelietot uz boj\u0101tas vai kairin\u0101tas \u0101das.<\/p>\n<p>Piesardz\u012bbas pas\u0101kumi: Uzglab\u0101t b\u0113rniem nepieejam\u0101 viet\u0101. Sarg\u0101t no tie\u0161iem saules stariem.<\/p>\n<p>Uzglab\u0101t temperat\u016br\u0101 no +5 \u00b0C l\u012bdz +25 \u00b0C.<\/p>\n","protected":false},"excerpt":{"rendered":"<p>Sejas mazg\u0101\u0161anas putas maigi att\u012bra \u0101du, intens\u012bvi mitrina to, regul\u0113 tauku dziedzeru darb\u012bbu un normaliz\u0113 \u0101das hidrolip\u012bdu l\u012bdzsvaru, padarot to gludu un maigu. T\u0101s pie\u0161\u0137ir pat\u012bkamu arom\u0101tu un t\u012br\u012bbas saj\u016btu. Putu sast\u0101v\u0101 ietilpst Jap\u0101nas bambusa lapu un za\u013c\u0101s t\u0113jas ekstrakti, t\u0113jas koka e\u013c\u013ca un cinka PCA, kam piem\u012bt antibakteri\u0101la un antioksidanta iedarb\u012bba. \u0160ie komponenti nomierina [&#8230;]\n","protected":false},"featured_media":56709,"template":"","meta":[],"product_cat":[1834],"product_tag":[],"class_list":{"0":"post-56705","1":"product","2":"type-product","3":"status-publish","4":"has-post-thumbnail","6":"product_brand-replay_kr","7":"product_cat-1834","9":"first","10":"outofstock","11":"taxable","12":"shipping-taxable","13":"product-type-simple"},"_links":{"self":[{"href":"https:\/\/e.kosmolat.eu\/lv\/wp-json\/wp\/v2\/product\/56705","targetHints":{"allow":["GET"]}}],"collection":[{"href":"https:\/\/e.kosmolat.eu\/lv\/wp-json\/wp\/v2\/product"}],"about":[{"href":"https:\/\/e.kosmolat.eu\/lv\/wp-json\/wp\/v2\/types\/product"}],"wp:featuredmedia":[{"embeddable":true,"href":"https:\/\/e.kosmolat.eu\/lv\/wp-json\/wp\/v2\/media\/56709"}],"wp:attachment":[{"href":"https:\/\/e.kosmolat.eu\/lv\/wp-json\/wp\/v2\/media?parent=56705"}],"wp:term":[{"taxonomy":"product_cat","embeddable":true,"href":"https:\/\/e.kosmolat.eu\/lv\/wp-json\/wp\/v2\/product_cat?post=56705"},{"taxonomy":"product_tag","embeddable":true,"href":"https:\/\/e.kosmolat.eu\/lv\/wp-json\/wp\/v2\/product_tag?post=56705"}],"curies":[{"name":"wp","href":"https:\/\/api.w.org\/{rel}","templated":true}]}}