{"id":56697,"date":"2024-10-04T04:16:24","date_gmt":"2024-10-04T04:16:24","guid":{"rendered":"https:\/\/e.kosmolat.eu\/product\/shokubutsu-monogatari-izgaismojos-putas-sejas-mazgas-extra-vitamin-c-100-ml\/"},"modified":"2025-10-07T15:09:12","modified_gmt":"2025-10-07T15:09:12","slug":"i_shokubutsu-monogatari-izgaismojos-putas-sejas-mazgas-extra-vitamin-c-100-ml","status":"publish","type":"product","link":"https:\/\/e.kosmolat.eu\/lv\/product\/i_shokubutsu-monogatari-izgaismojos-putas-sejas-mazgas-extra-vitamin-c-100-ml\/","title":{"rendered":"I_SHOKUBUTSU MONOGATARI Izgaismojo\u0161. putas sejas mazg\u0101\u0161. Extra Vitamin C, 100 ml"},"content":{"rendered":"<p>Sejas mazg\u0101\u0161anas putas maigi un r\u016bp\u012bgi att\u012bra \u0101du, viegli no\u0146em dekorat\u012bvo kosm\u0113tiku un t\u0101m piem\u012bt atjaunojo\u0161as \u012bpa\u0161\u012bbas. Sast\u0101v\u0101 ir apels\u012bnu ekstrakts, kas veicina \u0101das \u0161\u016bnu atjauno\u0161anos, izl\u012bdzina \u0101das reljefu un pal\u012bdz atbr\u012bvoties no pigment\u0101cijas plankumiem. Auzas, kas ir bag\u0101tas ar prote\u012bniem, olbaltumviel\u0101m, vitam\u012bniem A, B2 un B6, intens\u012bvi m\u012bkstina un stiprina \u0101du. \u0100da ilgi saglab\u0101 m\u012bkstuma saj\u016btu, k\u013c\u016bst gluda un maiga.<\/p>\n<p>Lieto\u0161ana: Ar mas\u0113jo\u0161\u0101m kust\u012bb\u0101m uzkl\u0101jiet uz mitras \u0101das. R\u016bp\u012bgi noskalojiet ar siltu \u016bdeni. Izvairieties no zonas ap ac\u012bm.<\/p>\n<p>BR\u012aDIN\u0100JUMI: 1. Ja, lietojot produktu, rodas izsitumi, piet\u016bkums, nieze vai citas nepat\u012bkamas saj\u016btas, nekav\u0113joties p\u0101rtrauciet lieto\u0161anu un konsult\u0113jieties ar dermatologu. 2. Nelietot uz boj\u0101tas vai kairin\u0101tas \u0101das.<\/p>\n<p>Piesardz\u012bbas pas\u0101kumi: Uzglab\u0101t b\u0113rniem nepieejam\u0101 viet\u0101. Sarg\u0101t no tie\u0161iem saules stariem.<\/p>\n<p>Uzglab\u0101t temperat\u016br\u0101 no +5 \u00b0C l\u012bdz +25 \u00b0C.<\/p>\n","protected":false},"excerpt":{"rendered":"<p>Sejas mazg\u0101\u0161anas putas maigi un r\u016bp\u012bgi att\u012bra \u0101du, viegli no\u0146em dekorat\u012bvo kosm\u0113tiku un t\u0101m piem\u012bt atjaunojo\u0161as \u012bpa\u0161\u012bbas. Sast\u0101v\u0101 ir apels\u012bnu ekstrakts, kas veicina \u0101das \u0161\u016bnu atjauno\u0161anos, izl\u012bdzina \u0101das reljefu un pal\u012bdz atbr\u012bvoties no pigment\u0101cijas plankumiem. Auzas, kas ir bag\u0101tas ar prote\u012bniem, olbaltumviel\u0101m, vitam\u012bniem A, B2 un B6, intens\u012bvi m\u012bkstina un stiprina \u0101du. \u0100da ilgi saglab\u0101 [&#8230;]\n","protected":false},"featured_media":97603,"template":"","meta":[],"product_cat":[1833],"product_tag":[],"class_list":{"0":"post-56697","1":"product","2":"type-product","3":"status-publish","4":"has-post-thumbnail","6":"product_brand-replay_kr","7":"product_cat-putas-sejas-mazgasanai","9":"first","10":"outofstock","11":"taxable","12":"shipping-taxable","13":"product-type-simple"},"_links":{"self":[{"href":"https:\/\/e.kosmolat.eu\/lv\/wp-json\/wp\/v2\/product\/56697","targetHints":{"allow":["GET"]}}],"collection":[{"href":"https:\/\/e.kosmolat.eu\/lv\/wp-json\/wp\/v2\/product"}],"about":[{"href":"https:\/\/e.kosmolat.eu\/lv\/wp-json\/wp\/v2\/types\/product"}],"wp:featuredmedia":[{"embeddable":true,"href":"https:\/\/e.kosmolat.eu\/lv\/wp-json\/wp\/v2\/media\/97603"}],"wp:attachment":[{"href":"https:\/\/e.kosmolat.eu\/lv\/wp-json\/wp\/v2\/media?parent=56697"}],"wp:term":[{"taxonomy":"product_cat","embeddable":true,"href":"https:\/\/e.kosmolat.eu\/lv\/wp-json\/wp\/v2\/product_cat?post=56697"},{"taxonomy":"product_tag","embeddable":true,"href":"https:\/\/e.kosmolat.eu\/lv\/wp-json\/wp\/v2\/product_tag?post=56697"}],"curies":[{"name":"wp","href":"https:\/\/api.w.org\/{rel}","templated":true}]}}