{"id":56689,"date":"2024-10-04T04:15:51","date_gmt":"2024-10-04T04:15:51","guid":{"rendered":"https:\/\/e.kosmolat.eu\/product\/pax-moly-auduma-sejas-maska-ists-gliemezu-mucins-25-ml\/"},"modified":"2025-09-15T11:43:35","modified_gmt":"2025-09-15T11:43:35","slug":"pax-moly-auduma-sejas-maska-ists-gliemezu-mucins-25-ml","status":"publish","type":"product","link":"https:\/\/e.kosmolat.eu\/lv\/product\/pax-moly-auduma-sejas-maska-ists-gliemezu-mucins-25-ml\/","title":{"rendered":"PAX MOLY Auduma sejas maska \u012asts glieme\u017eu muc\u012bns, 25 ml"},"content":{"rendered":"<p>Sejas maska intens\u012bvi mitrina, atjauno un atjaunina \u0101du. Pie\u0161\u0137ir \u0101dai gludumu un elast\u012bbu, samazinot grumbu skaitu. Piem\u0113rota visiem \u0101das tipiem.<\/p>\n<p>Lieto\u0161ana: not\u012briet un nosusiniet sejas \u0101du. Iz\u0146emiet masku no iepakojuma un r\u016bp\u012bgi uzkl\u0101jiet uz sejas \u0101das. Paturiet masku 10-20 min\u016btes, p\u0113c tam uzman\u012bgi no\u0146emiet. Ar maig\u0101m kust\u012bb\u0101m iemas\u0113jiet produkta paliekas \u0101d\u0101. Maska paredz\u0113ta vienai lieto\u0161anas reizei.<\/p>\n<p>Piesardz\u012bbas pas\u0101kumi: Ja rodas izsitumi, piet\u016bkums, nieze vai kairin\u0101jums, p\u0101rtrauciet maskas lieto\u0161anu un konsult\u0113jieties ar dermatologu. Ja iek\u013c\u016bst ac\u012bs, r\u016bp\u012bgi izskalojiet ar \u016bdeni.<\/p>\n<p>Uzglab\u0101t b\u0113rniem nepieejam\u0101 viet\u0101, temperat\u016br\u0101 no +5 \u00b0\u0421 l\u012bdz +25 \u00b0\u0421 sarg\u0101jot no tie\u0161iem saules stariem, siltuma avotiem.<\/p>\n","protected":false},"excerpt":{"rendered":"<p>Sejas maska intens\u012bvi mitrina, atjauno un atjaunina \u0101du. Pie\u0161\u0137ir \u0101dai gludumu un elast\u012bbu, samazinot grumbu skaitu. Piem\u0113rota visiem \u0101das tipiem. Lieto\u0161ana: not\u012briet un nosusiniet sejas \u0101du. Iz\u0146emiet masku no iepakojuma un r\u016bp\u012bgi uzkl\u0101jiet uz sejas \u0101das. Paturiet masku 10-20 min\u016btes, p\u0113c tam uzman\u012bgi no\u0146emiet. Ar maig\u0101m kust\u012bb\u0101m iemas\u0113jiet produkta paliekas \u0101d\u0101. Maska paredz\u0113ta vienai lieto\u0161anas [&#8230;]\n","protected":false},"featured_media":0,"template":"","meta":[],"product_cat":[1367],"product_tag":[],"class_list":{"0":"post-56689","1":"product","2":"type-product","3":"status-publish","5":"product_brand-replay_kr","6":"product_cat-sejas-maskas","8":"first","9":"outofstock","10":"taxable","11":"shipping-taxable","12":"product-type-simple"},"_links":{"self":[{"href":"https:\/\/e.kosmolat.eu\/lv\/wp-json\/wp\/v2\/product\/56689","targetHints":{"allow":["GET"]}}],"collection":[{"href":"https:\/\/e.kosmolat.eu\/lv\/wp-json\/wp\/v2\/product"}],"about":[{"href":"https:\/\/e.kosmolat.eu\/lv\/wp-json\/wp\/v2\/types\/product"}],"wp:attachment":[{"href":"https:\/\/e.kosmolat.eu\/lv\/wp-json\/wp\/v2\/media?parent=56689"}],"wp:term":[{"taxonomy":"product_cat","embeddable":true,"href":"https:\/\/e.kosmolat.eu\/lv\/wp-json\/wp\/v2\/product_cat?post=56689"},{"taxonomy":"product_tag","embeddable":true,"href":"https:\/\/e.kosmolat.eu\/lv\/wp-json\/wp\/v2\/product_tag?post=56689"}],"curies":[{"name":"wp","href":"https:\/\/api.w.org\/{rel}","templated":true}]}}