{"id":56681,"date":"2024-10-04T04:15:31","date_gmt":"2024-10-04T04:15:31","guid":{"rendered":"https:\/\/e.kosmolat.eu\/product\/pax-moly-auduma-sejas-maska-ists-retinols-25-ml\/"},"modified":"2024-10-18T06:02:36","modified_gmt":"2024-10-18T06:02:36","slug":"pax-moly-auduma-sejas-maska-ists-retinols-25-ml","status":"publish","type":"product","link":"https:\/\/e.kosmolat.eu\/lv\/product\/pax-moly-auduma-sejas-maska-ists-retinols-25-ml\/","title":{"rendered":"PAX MOLY Auduma sejas maska \u012asts retinols, 25 ml"},"content":{"rendered":"<p>Pal\u012bdz samazin\u0101t atmiru\u0161o \u0101das \u0161\u016bnu skaitu, ko izraisa \u0101das sausums, uzlabo tekst\u016bru, paaugstina tonusu un elast\u012bbu, padarot \u0101du maigu un gludu.<\/p>\n<p>Satur A vitam\u012bnu. L\u016bgums pirms lieto\u0161anas p\u0101rdom\u0101t savu dienas devu.<\/p>\n<p>Lieto\u0161ana: not\u012briet un nosusiniet sejas \u0101du. Iz\u0146emiet masku no iepakojuma un r\u016bp\u012bgi uzkl\u0101jiet uz sejas \u0101das. Paturiet masku 10-20 min\u016btes, p\u0113c tam uzman\u012bgi no\u0146emiet. Ar maig\u0101m kust\u012bb\u0101m iemas\u0113jiet produkta paliekas \u0101d\u0101. Maska paredz\u0113ta vienai lieto\u0161anas reizei.<\/p>\n<p>Piesardz\u012bbas pas\u0101kumi: Ja rodas izsitumi, piet\u016bkums, nieze vai kairin\u0101jums, p\u0101rtrauciet maskas lieto\u0161anu un konsult\u0113jieties ar dermatologu. Ja iek\u013c\u016bst ac\u012bs, r\u016bp\u012bgi izskalojiet ar \u016bdeni.<\/p>\n<p>Uzglab\u0101t b\u0113rniem nepieejam\u0101 viet\u0101, temperat\u016br\u0101 no +5 \u00b0\u0421 l\u012bdz +25 \u00b0\u0421 sarg\u0101jot no tie\u0161iem saules stariem, siltuma avotiem.<\/p>\n","protected":false},"excerpt":{"rendered":"<p>Pal\u012bdz samazin\u0101t atmiru\u0161o \u0101das \u0161\u016bnu skaitu, ko izraisa \u0101das sausums, uzlabo tekst\u016bru, paaugstina tonusu un elast\u012bbu, padarot \u0101du maigu un gludu. Satur A vitam\u012bnu. L\u016bgums pirms lieto\u0161anas p\u0101rdom\u0101t savu dienas devu. Lieto\u0161ana: not\u012briet un nosusiniet sejas \u0101du. Iz\u0146emiet masku no iepakojuma un r\u016bp\u012bgi uzkl\u0101jiet uz sejas \u0101das. Paturiet masku 10-20 min\u016btes, p\u0113c tam uzman\u012bgi no\u0146emiet. [&#8230;]\n","protected":false},"featured_media":56685,"template":"","meta":[],"product_cat":[1367],"product_tag":[],"class_list":{"0":"post-56681","1":"product","2":"type-product","3":"status-publish","4":"has-post-thumbnail","6":"product_brand-replay","7":"product_cat-sejas-maskas","9":"first","10":"outofstock","11":"taxable","12":"shipping-taxable","13":"product-type-simple"},"_links":{"self":[{"href":"https:\/\/e.kosmolat.eu\/lv\/wp-json\/wp\/v2\/product\/56681","targetHints":{"allow":["GET"]}}],"collection":[{"href":"https:\/\/e.kosmolat.eu\/lv\/wp-json\/wp\/v2\/product"}],"about":[{"href":"https:\/\/e.kosmolat.eu\/lv\/wp-json\/wp\/v2\/types\/product"}],"wp:featuredmedia":[{"embeddable":true,"href":"https:\/\/e.kosmolat.eu\/lv\/wp-json\/wp\/v2\/media\/56685"}],"wp:attachment":[{"href":"https:\/\/e.kosmolat.eu\/lv\/wp-json\/wp\/v2\/media?parent=56681"}],"wp:term":[{"taxonomy":"product_cat","embeddable":true,"href":"https:\/\/e.kosmolat.eu\/lv\/wp-json\/wp\/v2\/product_cat?post=56681"},{"taxonomy":"product_tag","embeddable":true,"href":"https:\/\/e.kosmolat.eu\/lv\/wp-json\/wp\/v2\/product_tag?post=56681"}],"curies":[{"name":"wp","href":"https:\/\/api.w.org\/{rel}","templated":true}]}}