{"id":56673,"date":"2024-10-04T04:15:07","date_gmt":"2024-10-04T04:15:07","guid":{"rendered":"https:\/\/e.kosmolat.eu\/product\/pax-moly-auduma-sejas-maska-ar-probiotikam-25-ml\/"},"modified":"2024-10-23T06:34:41","modified_gmt":"2024-10-23T06:34:41","slug":"pax-moly-auduma-sejas-maska-ar-probiotikam-25-ml","status":"publish","type":"product","link":"https:\/\/e.kosmolat.eu\/lv\/product\/pax-moly-auduma-sejas-maska-ar-probiotikam-25-ml\/","title":{"rendered":"PAX MOLY Auduma sejas maska ar probiotik\u0101m, 25 ml"},"content":{"rendered":"<p>\u0100dai noder\u012bgas probiotikas pal\u012bdz nostiprin\u0101t \u0101das barjeru, t\u0101s im\u016bnsist\u0113mu un uzlabot problem\u0101tisk\u0101s \u0101das st\u0101vokli. T\u0101s ar\u012b pal\u012bdz sa\u0161aurin\u0101t poras un izgaismot \u0101das toni, mazinot melan\u012bna izstr\u0101di.<\/p>\n<p>Lieto\u0161ana: not\u012briet un nosusiniet sejas \u0101du. Iz\u0146emiet masku no iepakojuma un r\u016bp\u012bgi uzkl\u0101jiet uz sejas \u0101das. Paturiet masku 10-20 min\u016btes, p\u0113c tam uzman\u012bgi no\u0146emiet. Ar maig\u0101m kust\u012bb\u0101m iemas\u0113jiet produkta paliekas \u0101d\u0101. Maska paredz\u0113ta vienai lieto\u0161anas reizei.<\/p>\n<p>Piesardz\u012bbas pas\u0101kumi: ja rodas izsitumi, piet\u016bkums, nieze vai kairin\u0101jums, p\u0101rtrauciet maskas lieto\u0161anu un konsult\u0113jieties ar dermatologu. Ja iek\u013c\u016bst ac\u012bs, r\u016bp\u012bgi izskalojiet ar \u016bdeni.<\/p>\n<p>Uzglab\u0101t b\u0113rniem nepieejam\u0101 viet\u0101, temperat\u016br\u0101 no +5 \u00b0\u0421 l\u012bdz +25 \u00b0\u0421 sarg\u0101jot no tie\u0161iem saules stariem, siltuma avotiem.<\/p>\n","protected":false},"excerpt":{"rendered":"<p>\u0100dai noder\u012bgas probiotikas pal\u012bdz nostiprin\u0101t \u0101das barjeru, t\u0101s im\u016bnsist\u0113mu un uzlabot problem\u0101tisk\u0101s \u0101das st\u0101vokli. T\u0101s ar\u012b pal\u012bdz sa\u0161aurin\u0101t poras un izgaismot \u0101das toni, mazinot melan\u012bna izstr\u0101di. Lieto\u0161ana: not\u012briet un nosusiniet sejas \u0101du. Iz\u0146emiet masku no iepakojuma un r\u016bp\u012bgi uzkl\u0101jiet uz sejas \u0101das. Paturiet masku 10-20 min\u016btes, p\u0113c tam uzman\u012bgi no\u0146emiet. Ar maig\u0101m kust\u012bb\u0101m iemas\u0113jiet produkta [&#8230;]\n","protected":false},"featured_media":56677,"template":"","meta":[],"product_cat":[1370],"product_tag":[],"class_list":{"0":"post-56673","1":"product","2":"type-product","3":"status-publish","4":"has-post-thumbnail","6":"product_brand-replay","7":"product_cat-1370","9":"first","10":"outofstock","11":"taxable","12":"shipping-taxable","13":"product-type-simple"},"_links":{"self":[{"href":"https:\/\/e.kosmolat.eu\/lv\/wp-json\/wp\/v2\/product\/56673","targetHints":{"allow":["GET"]}}],"collection":[{"href":"https:\/\/e.kosmolat.eu\/lv\/wp-json\/wp\/v2\/product"}],"about":[{"href":"https:\/\/e.kosmolat.eu\/lv\/wp-json\/wp\/v2\/types\/product"}],"wp:featuredmedia":[{"embeddable":true,"href":"https:\/\/e.kosmolat.eu\/lv\/wp-json\/wp\/v2\/media\/56677"}],"wp:attachment":[{"href":"https:\/\/e.kosmolat.eu\/lv\/wp-json\/wp\/v2\/media?parent=56673"}],"wp:term":[{"taxonomy":"product_cat","embeddable":true,"href":"https:\/\/e.kosmolat.eu\/lv\/wp-json\/wp\/v2\/product_cat?post=56673"},{"taxonomy":"product_tag","embeddable":true,"href":"https:\/\/e.kosmolat.eu\/lv\/wp-json\/wp\/v2\/product_tag?post=56673"}],"curies":[{"name":"wp","href":"https:\/\/api.w.org\/{rel}","templated":true}]}}