{"id":56657,"date":"2024-10-04T04:14:32","date_gmt":"2024-10-04T04:14:32","guid":{"rendered":"https:\/\/e.kosmolat.eu\/product\/med-b-grape-sejas-mazg-putas-ar-sodu-un-vinogu-ekstr-100-ml\/"},"modified":"2026-03-08T06:47:36","modified_gmt":"2026-03-08T06:47:36","slug":"med-b-grape-sejas-mazg-putas-ar-sodu-un-vinogu-ekstr-100-ml","status":"publish","type":"product","link":"https:\/\/e.kosmolat.eu\/lv\/product\/med-b-grape-sejas-mazg-putas-ar-sodu-un-vinogu-ekstr-100-ml\/","title":{"rendered":"MED B Grape Sejas mazg. putas ar sodu un v\u012bnogu ekstr., 100 ml"},"content":{"rendered":"<p>No\u0146em net\u012brumus un grima paliekas. Sodas da\u013ci\u0146as normaliz\u0113 tauku dziedzeru darb\u012bbu, sa\u0161aurina poras un nov\u0113r\u0161 melno punktu veido\u0161anos. V\u012bnogu ekstrakts darbojas k\u0101 antioksidants, m\u012bkstina, noloba, baro un atjauno \u0101du.<\/p>\n<p>Lieto\u0161ana: uzkl\u0101jiet nelielu putu daudzumu uz mitr\u0101m rok\u0101m un saputojiet. Vienm\u0113r\u012bgi uzkl\u0101jiet uz sejas ar ap\u013cveida kust\u012bb\u0101m. Not\u012briet net\u012brumus, p\u0113c tam noskalojiet ar \u016bdeni.<\/p>\n<p>Uzglab\u0101t temperat\u016br\u0101 no +5 \u00b0C l\u012bdz +25 \u00b0C.<\/p>\n","protected":false},"excerpt":{"rendered":"<p>No\u0146em net\u012brumus un grima paliekas. Sodas da\u013ci\u0146as normaliz\u0113 tauku dziedzeru darb\u012bbu, sa\u0161aurina poras un nov\u0113r\u0161 melno punktu veido\u0161anos. V\u012bnogu ekstrakts darbojas k\u0101 antioksidants, m\u012bkstina, noloba, baro un atjauno \u0101du. Lieto\u0161ana: uzkl\u0101jiet nelielu putu daudzumu uz mitr\u0101m rok\u0101m un saputojiet. Vienm\u0113r\u012bgi uzkl\u0101jiet uz sejas ar ap\u013cveida kust\u012bb\u0101m. Not\u012briet net\u012brumus, p\u0113c tam noskalojiet ar \u016bdeni. Uzglab\u0101t temperat\u016br\u0101 [&#8230;]\n","protected":false},"featured_media":97816,"template":"","meta":[],"product_cat":[1999],"product_tag":[],"class_list":{"0":"post-56657","1":"product","2":"type-product","3":"status-publish","4":"has-post-thumbnail","6":"product_brand-replay_kr","7":"product_cat-bez-kategorijas","9":"first","10":"outofstock","11":"taxable","12":"shipping-taxable","13":"product-type-simple"},"_links":{"self":[{"href":"https:\/\/e.kosmolat.eu\/lv\/wp-json\/wp\/v2\/product\/56657","targetHints":{"allow":["GET"]}}],"collection":[{"href":"https:\/\/e.kosmolat.eu\/lv\/wp-json\/wp\/v2\/product"}],"about":[{"href":"https:\/\/e.kosmolat.eu\/lv\/wp-json\/wp\/v2\/types\/product"}],"wp:featuredmedia":[{"embeddable":true,"href":"https:\/\/e.kosmolat.eu\/lv\/wp-json\/wp\/v2\/media\/97816"}],"wp:attachment":[{"href":"https:\/\/e.kosmolat.eu\/lv\/wp-json\/wp\/v2\/media?parent=56657"}],"wp:term":[{"taxonomy":"product_cat","embeddable":true,"href":"https:\/\/e.kosmolat.eu\/lv\/wp-json\/wp\/v2\/product_cat?post=56657"},{"taxonomy":"product_tag","embeddable":true,"href":"https:\/\/e.kosmolat.eu\/lv\/wp-json\/wp\/v2\/product_tag?post=56657"}],"curies":[{"name":"wp","href":"https:\/\/api.w.org\/{rel}","templated":true}]}}