{"id":56649,"date":"2024-10-04T04:14:14","date_gmt":"2024-10-04T04:14:14","guid":{"rendered":"https:\/\/e.kosmolat.eu\/product\/med-b-wop-strawberry-milk-dzili-attiros-sejas-maska-10-x-3-g\/"},"modified":"2026-04-07T05:59:04","modified_gmt":"2026-04-07T05:59:04","slug":"i_med-b-wop-strawberry-milk-dzili-attiros-sejas-maska-3-g","status":"publish","type":"product","link":"https:\/\/e.kosmolat.eu\/lv\/product\/i_med-b-wop-strawberry-milk-dzili-attiros-sejas-maska-3-g\/","title":{"rendered":"I_MED B WOP Strawberry Milk Dzi\u013ci att\u012bro\u0161. sejas maska, 3 g"},"content":{"rendered":"<p>Dzi\u013ci att\u012bro\u0161a sejas maska delik\u0101ti iedarbojas uz \u0101du, maigi att\u012brot epidermu no p\u0101rm\u0113r\u012bg\u0101 sebuma un net\u012brumiem. T\u0101 satur piena un zeme\u0146u ekstraktus. Piena prote\u012bni atjauno epidermu un stimul\u0113 jaunu \u0161\u016bnu aug\u0161anas procesu, izgaismo \u0101du, noloba atmiru\u0161\u0101s \u0161\u016bnas, stiprina un mitrina dehidr\u0113tu \u0101du, k\u0101 ar\u012b pal\u012bdz izl\u012bdzin\u0101t s\u012bk\u0101s grumbi\u0146as, veicinot kolag\u0113na sint\u0113zi. Zeme\u0146u ekstrakts mitrina, baro, m\u012bkstina, toniz\u0113 un nomierina \u0101du, k\u0101 ar\u012b nodro\u0161ina to ar vitam\u012bniem. Turkl\u0101t zeme\u0146u ekstrakts veicina \u0101das \u0161\u016bnu atjauno\u0161anos, aktiviz\u0113jot kolag\u0113na sint\u0113zi un nodro\u0161inot izgaismojo\u0161u efektu.<\/p>\n<p>Lieto\u0161ana: p\u0113c sejas att\u012br\u012b\u0161anas uzkl\u0101jiet masku uz sausas \u0101das, izvairoties no acu un l\u016bpu zonas. Atst\u0101jiet uz 15 min\u016bt\u0113m, p\u0113c tam noskalojiet ar maig\u0101m mas\u0113jo\u0161iem kust\u012bb\u0101m. Ieteicams lietot 2-3 reizes ned\u0113\u013c\u0101.<\/p>\n<p>BR\u012aDIN\u0100JUMI: 1. Ja, lietojot produktu, rodas izsitumi, piet\u016bkums, nieze vai citas nepat\u012bkamas saj\u016btas, nekav\u0113joties p\u0101rtrauciet lieto\u0161anu un konsult\u0113jieties ar dermatologu. 2. Nelietot uz boj\u0101tas vai kairin\u0101tas \u0101das.<\/p>\n<p>Piesardz\u012bbas pas\u0101kumi: Uzglab\u0101t b\u0113rniem nepieejam\u0101 viet\u0101. Sarg\u0101t no tie\u0161iem saules stariem.<\/p>\n<p>Uzglab\u0101t temperat\u016br\u0101 no +5 \u00b0C l\u012bdz +25 \u00b0C.<\/p>\n","protected":false},"excerpt":{"rendered":"<p>Dzi\u013ci att\u012bro\u0161a sejas maska delik\u0101ti iedarbojas uz \u0101du, maigi att\u012brot epidermu no p\u0101rm\u0113r\u012bg\u0101 sebuma un net\u012brumiem. T\u0101 satur piena un zeme\u0146u ekstraktus. Piena prote\u012bni atjauno epidermu un stimul\u0113 jaunu \u0161\u016bnu aug\u0161anas procesu, izgaismo \u0101du, noloba atmiru\u0161\u0101s \u0161\u016bnas, stiprina un mitrina dehidr\u0113tu \u0101du, k\u0101 ar\u012b pal\u012bdz izl\u012bdzin\u0101t s\u012bk\u0101s grumbi\u0146as, veicinot kolag\u0113na sint\u0113zi. Zeme\u0146u ekstrakts mitrina, baro, [&#8230;]\n","protected":false},"featured_media":97888,"template":"","meta":[],"product_cat":[1367],"product_tag":[],"class_list":{"0":"post-56649","1":"product","2":"type-product","3":"status-publish","4":"has-post-thumbnail","6":"product_brand-replay_kr","7":"product_cat-sejas-maskas","9":"first","10":"instock","11":"taxable","12":"shipping-taxable","13":"product-type-simple"},"_links":{"self":[{"href":"https:\/\/e.kosmolat.eu\/lv\/wp-json\/wp\/v2\/product\/56649","targetHints":{"allow":["GET"]}}],"collection":[{"href":"https:\/\/e.kosmolat.eu\/lv\/wp-json\/wp\/v2\/product"}],"about":[{"href":"https:\/\/e.kosmolat.eu\/lv\/wp-json\/wp\/v2\/types\/product"}],"wp:featuredmedia":[{"embeddable":true,"href":"https:\/\/e.kosmolat.eu\/lv\/wp-json\/wp\/v2\/media\/97888"}],"wp:attachment":[{"href":"https:\/\/e.kosmolat.eu\/lv\/wp-json\/wp\/v2\/media?parent=56649"}],"wp:term":[{"taxonomy":"product_cat","embeddable":true,"href":"https:\/\/e.kosmolat.eu\/lv\/wp-json\/wp\/v2\/product_cat?post=56649"},{"taxonomy":"product_tag","embeddable":true,"href":"https:\/\/e.kosmolat.eu\/lv\/wp-json\/wp\/v2\/product_tag?post=56649"}],"curies":[{"name":"wp","href":"https:\/\/api.w.org\/{rel}","templated":true}]}}