{"id":56641,"date":"2024-10-04T04:13:48","date_gmt":"2024-10-04T04:13:48","guid":{"rendered":"https:\/\/e.kosmolat.eu\/product\/medb-youth-x2-retinol-eye-cream-30ml\/"},"modified":"2026-04-07T07:05:46","modified_gmt":"2026-04-07T07:05:46","slug":"medb-youth-x2-retinol-krems-adai-ap-ac-ar-rolleri-30-ml","status":"publish","type":"product","link":"https:\/\/e.kosmolat.eu\/lv\/product\/medb-youth-x2-retinol-krems-adai-ap-ac-ar-rolleri-30-ml\/","title":{"rendered":"MEDB Youth X2 Retinol Kr\u0113ms \u0101dai ap ac. ar rolleri, 30 ml"},"content":{"rendered":"<p>Atjaunino\u0161s pretnoveco\u0161an\u0101s kr\u0113ms \u0101tri nov\u0113r\u0161 noveco\u0161an\u0101s paz\u012bmes, pie\u0161\u0137ir \u0101dai ap ac\u012bm elast\u012bbu un tvirtumu, mitrina un veicina akt\u012bvu atjauno\u0161anos. Pateicoties rollerim, kr\u0113ms viegli uzkl\u0101jas, \u013caujot maigi atdzes\u0113t delik\u0101to zonu ap ac\u012bm un samazin\u0101t piet\u016bkumu. Unik\u0101l\u0101 retinola, hialuronsk\u0101bes un pept\u012bdu kompoz\u012bcija nodro\u0161ina t\u016bl\u012bt\u0113ju liftinga efektu.<\/p>\n<p>Satur A vitam\u012bnu. L\u016bgums pirms lieto\u0161anas p\u0101rdom\u0101t savu dienas devu.<\/p>\n<p>Lieto\u0161ana: Izmantojot aplikatoru, uzkl\u0101jiet kr\u0113mu uz \u0101das ap ac\u012bm. Lietojiet no r\u012bta un vakar\u0101.<\/p>\n<p>BR\u012aDIN\u0100JUMI: 1. Ja, lietojot produktu, rodas izsitumi, piet\u016bkums, nieze vai citas nepat\u012bkamas saj\u016btas, nekav\u0113joties p\u0101rtrauciet lieto\u0161anu un konsult\u0113jieties ar dermatologu. 2. Nelietot uz boj\u0101tas vai kairin\u0101tas \u0101das.<\/p>\n<p>Piesardz\u012bbas pas\u0101kumi: Uzglab\u0101t b\u0113rniem nepieejam\u0101 viet\u0101. Sarg\u0101t no tie\u0161iem saules stariem.<\/p>\n<p>Uzglab\u0101t temperat\u016br\u0101 no +5 \u00b0C l\u012bdz +25 \u00b0C.<\/p>\n","protected":false},"excerpt":{"rendered":"<p>Atjaunino\u0161s pretnoveco\u0161an\u0101s kr\u0113ms \u0101tri nov\u0113r\u0161 noveco\u0161an\u0101s paz\u012bmes, pie\u0161\u0137ir \u0101dai ap ac\u012bm elast\u012bbu un tvirtumu, mitrina un veicina akt\u012bvu atjauno\u0161anos. Pateicoties rollerim, kr\u0113ms viegli uzkl\u0101jas, \u013caujot maigi atdzes\u0113t delik\u0101to zonu ap ac\u012bm un samazin\u0101t piet\u016bkumu. Unik\u0101l\u0101 retinola, hialuronsk\u0101bes un pept\u012bdu kompoz\u012bcija nodro\u0161ina t\u016bl\u012bt\u0113ju liftinga efektu. Satur A vitam\u012bnu. L\u016bgums pirms lieto\u0161anas p\u0101rdom\u0101t savu dienas devu. Lieto\u0161ana: [&#8230;]\n","protected":false},"featured_media":97808,"template":"","meta":[],"product_cat":[1588],"product_tag":[],"class_list":{"0":"post-56641","1":"product","2":"type-product","3":"status-publish","4":"has-post-thumbnail","6":"product_brand-replay_kr","7":"product_cat-acu-kremi","9":"first","10":"instock","11":"taxable","12":"shipping-taxable","13":"product-type-simple"},"_links":{"self":[{"href":"https:\/\/e.kosmolat.eu\/lv\/wp-json\/wp\/v2\/product\/56641","targetHints":{"allow":["GET"]}}],"collection":[{"href":"https:\/\/e.kosmolat.eu\/lv\/wp-json\/wp\/v2\/product"}],"about":[{"href":"https:\/\/e.kosmolat.eu\/lv\/wp-json\/wp\/v2\/types\/product"}],"wp:featuredmedia":[{"embeddable":true,"href":"https:\/\/e.kosmolat.eu\/lv\/wp-json\/wp\/v2\/media\/97808"}],"wp:attachment":[{"href":"https:\/\/e.kosmolat.eu\/lv\/wp-json\/wp\/v2\/media?parent=56641"}],"wp:term":[{"taxonomy":"product_cat","embeddable":true,"href":"https:\/\/e.kosmolat.eu\/lv\/wp-json\/wp\/v2\/product_cat?post=56641"},{"taxonomy":"product_tag","embeddable":true,"href":"https:\/\/e.kosmolat.eu\/lv\/wp-json\/wp\/v2\/product_tag?post=56641"}],"curies":[{"name":"wp","href":"https:\/\/api.w.org\/{rel}","templated":true}]}}