{"id":56609,"date":"2024-10-04T04:12:34","date_gmt":"2024-10-04T04:12:34","guid":{"rendered":"https:\/\/e.kosmolat.eu\/product\/verpia-vitamin-auduma-sejas-maska-ar-vitamin-20-ml-x-1\/"},"modified":"2025-01-24T14:53:57","modified_gmt":"2025-01-24T14:53:57","slug":"verpia-vitamin-auduma-sejas-maska-ar-vitamin-20-ml-x-1","status":"publish","type":"product","link":"https:\/\/e.kosmolat.eu\/lv\/product\/verpia-vitamin-auduma-sejas-maska-ar-vitamin-20-ml-x-1\/","title":{"rendered":"VERPIA Vitamin Auduma sejas maska ar vitam\u012bn., 20 ml x 1"},"content":{"rendered":"<p>Vitam\u012bni no smilts\u0113rk\u0161\u0137u ekstrakta mazina melan\u012bna veido\u0161anos, kas veicina pigmenta ra\u0161anos, k\u0101 ar\u012b stimul\u0113 kolag\u0113na sint\u0113zi. Tas pal\u012bdz izl\u012bdzin\u0101t grumbas un palielin\u0101t \u0101das elast\u012bbu.<\/p>\n<p>Lieto\u0161ana: not\u012briet un nosusiniet sejas \u0101du. Iz\u0146emiet masku no iepakojuma un r\u016bp\u012bgi uzkl\u0101jiet uz sejas \u0101das. Paturiet masku 10-20 min\u016btes, p\u0113c tam uzman\u012bgi no\u0146emiet. Ar maig\u0101m kust\u012bb\u0101m iemas\u0113jiet produkta paliekas \u0101d\u0101. Maska paredz\u0113ta vienai lieto\u0161anas reizei.<\/p>\n<p>Uzglab\u0101t b\u0113rniem nepieejam\u0101 viet\u0101, temperat\u016br\u0101 no +5 \u00b0\u0421 l\u012bdz +25 \u00b0\u0421 sarg\u0101jot no tie\u0161iem saules stariem un siltuma avotiem.<\/p>\n","protected":false},"excerpt":{"rendered":"<p>Vitam\u012bni no smilts\u0113rk\u0161\u0137u ekstrakta mazina melan\u012bna veido\u0161anos, kas veicina pigmenta ra\u0161anos, k\u0101 ar\u012b stimul\u0113 kolag\u0113na sint\u0113zi. Tas pal\u012bdz izl\u012bdzin\u0101t grumbas un palielin\u0101t \u0101das elast\u012bbu. Lieto\u0161ana: not\u012briet un nosusiniet sejas \u0101du. Iz\u0146emiet masku no iepakojuma un r\u016bp\u012bgi uzkl\u0101jiet uz sejas \u0101das. Paturiet masku 10-20 min\u016btes, p\u0113c tam uzman\u012bgi no\u0146emiet. Ar maig\u0101m kust\u012bb\u0101m iemas\u0113jiet produkta paliekas \u0101d\u0101. [&#8230;]\n","protected":false},"featured_media":56613,"template":"","meta":[],"product_cat":[1367],"product_tag":[],"class_list":{"0":"post-56609","1":"product","2":"type-product","3":"status-publish","4":"has-post-thumbnail","6":"product_brand-replay_kr","7":"product_cat-sejas-maskas","9":"first","10":"outofstock","11":"taxable","12":"shipping-taxable","13":"product-type-simple"},"_links":{"self":[{"href":"https:\/\/e.kosmolat.eu\/lv\/wp-json\/wp\/v2\/product\/56609","targetHints":{"allow":["GET"]}}],"collection":[{"href":"https:\/\/e.kosmolat.eu\/lv\/wp-json\/wp\/v2\/product"}],"about":[{"href":"https:\/\/e.kosmolat.eu\/lv\/wp-json\/wp\/v2\/types\/product"}],"wp:featuredmedia":[{"embeddable":true,"href":"https:\/\/e.kosmolat.eu\/lv\/wp-json\/wp\/v2\/media\/56613"}],"wp:attachment":[{"href":"https:\/\/e.kosmolat.eu\/lv\/wp-json\/wp\/v2\/media?parent=56609"}],"wp:term":[{"taxonomy":"product_cat","embeddable":true,"href":"https:\/\/e.kosmolat.eu\/lv\/wp-json\/wp\/v2\/product_cat?post=56609"},{"taxonomy":"product_tag","embeddable":true,"href":"https:\/\/e.kosmolat.eu\/lv\/wp-json\/wp\/v2\/product_tag?post=56609"}],"curies":[{"name":"wp","href":"https:\/\/api.w.org\/{rel}","templated":true}]}}