{"id":56601,"date":"2024-10-04T04:12:14","date_gmt":"2024-10-04T04:12:14","guid":{"rendered":"https:\/\/e.kosmolat.eu\/product\/verpia-pomegranate-auduma-sejas-maska-ar-granatab-ekstraktu-20-ml-x-1\/"},"modified":"2026-03-31T11:58:49","modified_gmt":"2026-03-31T11:58:49","slug":"verpia-pomegranate-auduma-sejas-maska-ar-granatab-ekstraktu-20-ml-x-1","status":"publish","type":"product","link":"https:\/\/e.kosmolat.eu\/lv\/product\/verpia-pomegranate-auduma-sejas-maska-ar-granatab-ekstraktu-20-ml-x-1\/","title":{"rendered":"VERPIA Pomegranate Auduma sejas maska ar gran\u0101t\u0101b. ekstraktu, 20 ml x 1"},"content":{"rendered":"<p>Aizsarg\u0101 un nomierina jut\u012bgu \u0101du, mitrina sausu \u0101du, mazinot lob\u012b\u0161anos un padarot to barotu un t\u012bru.<\/p>\n<p>Lieto\u0161ana: not\u012briet un nosusiniet sejas \u0101du. Iz\u0146emiet masku no iepakojuma un r\u016bp\u012bgi uzkl\u0101jiet uz sejas \u0101das. Paturiet masku 10-20 min\u016btes, p\u0113c tam uzman\u012bgi no\u0146emiet. Ar maig\u0101m kust\u012bb\u0101m iemas\u0113jiet produkta paliekas \u0101d\u0101. Maska paredz\u0113ta vienai lieto\u0161anas reizei.<\/p>\n<p>Uzglab\u0101t b\u0113rniem nepieejam\u0101 viet\u0101, temperat\u016br\u0101 no +5 \u00b0\u0421 l\u012bdz +25 \u00b0\u0421 sarg\u0101jot no tie\u0161iem saules stariem un siltuma avotiem.<\/p>\n","protected":false},"excerpt":{"rendered":"<p>Aizsarg\u0101 un nomierina jut\u012bgu \u0101du, mitrina sausu \u0101du, mazinot lob\u012b\u0161anos un padarot to barotu un t\u012bru. Lieto\u0161ana: not\u012briet un nosusiniet sejas \u0101du. Iz\u0146emiet masku no iepakojuma un r\u016bp\u012bgi uzkl\u0101jiet uz sejas \u0101das. Paturiet masku 10-20 min\u016btes, p\u0113c tam uzman\u012bgi no\u0146emiet. Ar maig\u0101m kust\u012bb\u0101m iemas\u0113jiet produkta paliekas \u0101d\u0101. Maska paredz\u0113ta vienai lieto\u0161anas reizei. Uzglab\u0101t b\u0113rniem nepieejam\u0101 [&#8230;]\n","protected":false},"featured_media":97804,"template":"","meta":[],"product_cat":[1367],"product_tag":[],"class_list":{"0":"post-56601","1":"product","2":"type-product","3":"status-publish","4":"has-post-thumbnail","6":"product_brand-replay_kr","7":"product_cat-sejas-maskas","9":"first","10":"instock","11":"taxable","12":"shipping-taxable","13":"product-type-simple"},"_links":{"self":[{"href":"https:\/\/e.kosmolat.eu\/lv\/wp-json\/wp\/v2\/product\/56601","targetHints":{"allow":["GET"]}}],"collection":[{"href":"https:\/\/e.kosmolat.eu\/lv\/wp-json\/wp\/v2\/product"}],"about":[{"href":"https:\/\/e.kosmolat.eu\/lv\/wp-json\/wp\/v2\/types\/product"}],"wp:featuredmedia":[{"embeddable":true,"href":"https:\/\/e.kosmolat.eu\/lv\/wp-json\/wp\/v2\/media\/97804"}],"wp:attachment":[{"href":"https:\/\/e.kosmolat.eu\/lv\/wp-json\/wp\/v2\/media?parent=56601"}],"wp:term":[{"taxonomy":"product_cat","embeddable":true,"href":"https:\/\/e.kosmolat.eu\/lv\/wp-json\/wp\/v2\/product_cat?post=56601"},{"taxonomy":"product_tag","embeddable":true,"href":"https:\/\/e.kosmolat.eu\/lv\/wp-json\/wp\/v2\/product_tag?post=56601"}],"curies":[{"name":"wp","href":"https:\/\/api.w.org\/{rel}","templated":true}]}}