{"id":56553,"date":"2024-10-04T04:10:29","date_gmt":"2024-10-04T04:10:29","guid":{"rendered":"https:\/\/e.kosmolat.eu\/product\/eshumi-snailmucus-24k-gold-krems-adai-ap-ac-40-ml\/"},"modified":"2026-05-08T05:42:33","modified_gmt":"2026-05-08T05:42:33","slug":"eshumi-snailmucus-24k-gold-krems-adai-ap-ac-40-ml","status":"publish","type":"product","link":"https:\/\/e.kosmolat.eu\/lv\/product\/eshumi-snailmucus-24k-gold-krems-adai-ap-ac-40-ml\/","title":{"rendered":"ESHUMI Snailmucus 24k Gold  Kr\u0113ms \u0101dai ap ac., 40 ml"},"content":{"rendered":"<p>Intens\u012bvi baro, atjauno, izl\u012bdzina un izgaismo \u0101du, pal\u012bdzot samazin\u0101t grumbas un \u0101das noguruma paz\u012bmes.<\/p>\n<p>Lieto\u0161ana: Ar pirkstu spilventi\u0146iem vienm\u0113r\u012bgi uzkl\u0101jiet kr\u0113mu uz \u0101das ap ac\u012bm.<\/p>\n<p>BR\u012aDIN\u0100JUMI: 1. Ja, lietojot produktu, rodas izsitumi, piet\u016bkums, nieze vai citas nepat\u012bkamas saj\u016btas, nekav\u0113joties p\u0101rtrauciet lieto\u0161anu un konsult\u0113jieties ar dermatologu. 2. Nelietot uz boj\u0101tas vai kairin\u0101tas \u0101das.<\/p>\n<p>Piesardz\u012bbas pas\u0101kumi: Uzglab\u0101t b\u0113rniem nepieejam\u0101 viet\u0101. Sarg\u0101t no tie\u0161iem saules stariem.<\/p>\n<p>Uzglab\u0101t temperat\u016br\u0101 no +5 \u00b0C l\u012bdz +25 \u00b0C.<\/p>\n","protected":false},"excerpt":{"rendered":"<p>Intens\u012bvi baro, atjauno, izl\u012bdzina un izgaismo \u0101du, pal\u012bdzot samazin\u0101t grumbas un \u0101das noguruma paz\u012bmes. Lieto\u0161ana: Ar pirkstu spilventi\u0146iem vienm\u0113r\u012bgi uzkl\u0101jiet kr\u0113mu uz \u0101das ap ac\u012bm. BR\u012aDIN\u0100JUMI: 1. Ja, lietojot produktu, rodas izsitumi, piet\u016bkums, nieze vai citas nepat\u012bkamas saj\u016btas, nekav\u0113joties p\u0101rtrauciet lieto\u0161anu un konsult\u0113jieties ar dermatologu. 2. Nelietot uz boj\u0101tas vai kairin\u0101tas \u0101das. Piesardz\u012bbas pas\u0101kumi: Uzglab\u0101t [&#8230;]\n","protected":false},"featured_media":97792,"template":"","meta":[],"product_cat":[1588],"product_tag":[],"class_list":{"0":"post-56553","1":"product","2":"type-product","3":"status-publish","4":"has-post-thumbnail","6":"product_brand-replay_kr","7":"product_cat-acu-kremi","9":"first","10":"instock","11":"taxable","12":"shipping-taxable","13":"product-type-simple"},"_links":{"self":[{"href":"https:\/\/e.kosmolat.eu\/lv\/wp-json\/wp\/v2\/product\/56553","targetHints":{"allow":["GET"]}}],"collection":[{"href":"https:\/\/e.kosmolat.eu\/lv\/wp-json\/wp\/v2\/product"}],"about":[{"href":"https:\/\/e.kosmolat.eu\/lv\/wp-json\/wp\/v2\/types\/product"}],"wp:featuredmedia":[{"embeddable":true,"href":"https:\/\/e.kosmolat.eu\/lv\/wp-json\/wp\/v2\/media\/97792"}],"wp:attachment":[{"href":"https:\/\/e.kosmolat.eu\/lv\/wp-json\/wp\/v2\/media?parent=56553"}],"wp:term":[{"taxonomy":"product_cat","embeddable":true,"href":"https:\/\/e.kosmolat.eu\/lv\/wp-json\/wp\/v2\/product_cat?post=56553"},{"taxonomy":"product_tag","embeddable":true,"href":"https:\/\/e.kosmolat.eu\/lv\/wp-json\/wp\/v2\/product_tag?post=56553"}],"curies":[{"name":"wp","href":"https:\/\/api.w.org\/{rel}","templated":true}]}}