{"id":56537,"date":"2024-10-04T04:09:56","date_gmt":"2024-10-04T04:09:56","guid":{"rendered":"https:\/\/e.kosmolat.eu\/product\/eshumi-collagen-clear-nomierin-putas-sejas-mazg-100-ml\/"},"modified":"2025-01-28T08:51:17","modified_gmt":"2025-01-28T08:51:17","slug":"eshumi-collagen-clear-nomierin-putas-sejas-mazg-100-ml","status":"publish","type":"product","link":"https:\/\/e.kosmolat.eu\/lv\/product\/eshumi-collagen-clear-nomierin-putas-sejas-mazg-100-ml\/","title":{"rendered":"ESHUMI Collagen Clear Nomierin. putas sejas mazg., 100 ml"},"content":{"rendered":"<p>Eshumi att\u012bro\u0161\u0101s putas ar kolag\u0113nu maigai \u0101das att\u012br\u012b\u0161anai un mitrin\u0101\u0161anai. Kolag\u0113ns pal\u012bdz uzlabot \u0101das elast\u012bbu, nodro\u0161inot tai jaunekl\u012bgu izskatu. Putas efekt\u012bvi no\u0146em net\u012brumus un p\u0101rm\u0113r\u012bgu sebumu,sa\u0161aurinot poras. Sabalans\u0113ta formula pal\u012bdz mitrin\u0101t un nomierin\u0101t \u0101du, nov\u0113r\u0161ot sausumu.<\/p>\n<p>Lieto\u0161ana: Uzkl\u0101jiet l\u012bdzekli uz mitras sejas, ar mas\u0113jo\u0161\u0101m kust\u012bb\u0101m saputojiet un noskalojiet ar \u016bdeni.<\/p>\n<p>BR\u012aDIN\u0100JUMI: 1. Ja, lietojot produktu, rodas izsitumi, piet\u016bkums, nieze vai citas nepat\u012bkamas saj\u016btas, nekav\u0113joties p\u0101rtrauciet lieto\u0161anu un konsult\u0113jieties ar dermatologu. 2. Nelietot uz boj\u0101tas vai kairin\u0101tas \u0101das.<\/p>\n<p>Piesardz\u012bbas pas\u0101kumi: Uzglab\u0101t b\u0113rniem nepieejam\u0101 viet\u0101. Sarg\u0101t no tie\u0161iem saules stariem.<\/p>\n<p>Uzglab\u0101t temperat\u016br\u0101 no +5 \u00b0C l\u012bdz +25 \u00b0C.<\/p>\n","protected":false},"excerpt":{"rendered":"<p>Eshumi att\u012bro\u0161\u0101s putas ar kolag\u0113nu maigai \u0101das att\u012br\u012b\u0161anai un mitrin\u0101\u0161anai. Kolag\u0113ns pal\u012bdz uzlabot \u0101das elast\u012bbu, nodro\u0161inot tai jaunekl\u012bgu izskatu. Putas efekt\u012bvi no\u0146em net\u012brumus un p\u0101rm\u0113r\u012bgu sebumu,sa\u0161aurinot poras. Sabalans\u0113ta formula pal\u012bdz mitrin\u0101t un nomierin\u0101t \u0101du, nov\u0113r\u0161ot sausumu. Lieto\u0161ana: Uzkl\u0101jiet l\u012bdzekli uz mitras sejas, ar mas\u0113jo\u0161\u0101m kust\u012bb\u0101m saputojiet un noskalojiet ar \u016bdeni. BR\u012aDIN\u0100JUMI: 1. Ja, lietojot produktu, [&#8230;]\n","protected":false},"featured_media":56541,"template":"","meta":[],"product_cat":[1999],"product_tag":[],"class_list":{"0":"post-56537","1":"product","2":"type-product","3":"status-publish","4":"has-post-thumbnail","6":"product_brand-replay_kr","7":"product_cat-bez-kategorijas","9":"first","10":"outofstock","11":"taxable","12":"shipping-taxable","13":"product-type-simple"},"_links":{"self":[{"href":"https:\/\/e.kosmolat.eu\/lv\/wp-json\/wp\/v2\/product\/56537","targetHints":{"allow":["GET"]}}],"collection":[{"href":"https:\/\/e.kosmolat.eu\/lv\/wp-json\/wp\/v2\/product"}],"about":[{"href":"https:\/\/e.kosmolat.eu\/lv\/wp-json\/wp\/v2\/types\/product"}],"wp:featuredmedia":[{"embeddable":true,"href":"https:\/\/e.kosmolat.eu\/lv\/wp-json\/wp\/v2\/media\/56541"}],"wp:attachment":[{"href":"https:\/\/e.kosmolat.eu\/lv\/wp-json\/wp\/v2\/media?parent=56537"}],"wp:term":[{"taxonomy":"product_cat","embeddable":true,"href":"https:\/\/e.kosmolat.eu\/lv\/wp-json\/wp\/v2\/product_cat?post=56537"},{"taxonomy":"product_tag","embeddable":true,"href":"https:\/\/e.kosmolat.eu\/lv\/wp-json\/wp\/v2\/product_tag?post=56537"}],"curies":[{"name":"wp","href":"https:\/\/api.w.org\/{rel}","templated":true}]}}