{"id":56529,"date":"2024-10-04T04:09:42","date_gmt":"2024-10-04T04:09:42","guid":{"rendered":"https:\/\/e.kosmolat.eu\/product\/eshumi-collagen-roku-kr-sausai-adai-100-ml\/"},"modified":"2025-09-18T05:42:37","modified_gmt":"2025-09-18T05:42:37","slug":"i_eshumi-collagen-roku-kr-sausai-adai-100-ml","status":"publish","type":"product","link":"https:\/\/e.kosmolat.eu\/lv\/product\/i_eshumi-collagen-roku-kr-sausai-adai-100-ml\/","title":{"rendered":"I_ESHUMI Collagen Roku kr. sausai \u0101dai, 100 ml"},"content":{"rendered":"<p>Roku kr\u0113ms ar kolag\u0113nu nodro\u0161ina kompleksu \u0101das kop\u0161anu un mitrin\u0101\u0161anu. Kolag\u0113ns pal\u012bdz saglab\u0101t \u0101das elast\u012bbu un tvirtumu, veicina \u0101das atjauno\u0161anos, veido aizsargbarjeru, kas pasarg\u0101 \u0101du no \u0101r\u0113jo faktoru negat\u012bv\u0101s ietekmes. Kr\u0113ms nodro\u0161ina \u0101das dzi\u013cu un ilgsto\u0161u mitrin\u0101\u0161anu, nov\u0113r\u0161ot sausumu un lob\u012b\u0161anos. Regul\u0101ra kr\u0113ma lieto\u0161ana pal\u012bdz uztur\u0113t optim\u0101lu mitruma l\u012bmeni \u0101d\u0101 un stiprina \u0101das aizsargbarjeru.<\/p>\n<p>Lieto\u0161ana: uzkl\u0101jiet kr\u0113mu uz t\u012bras roku \u0101das. Vienm\u0113r\u012bgi iemas\u0113jiet, l\u012bdz tas piln\u012bb\u0101 ies\u016bcas.<\/p>\n<p>BR\u012aDIN\u0100JUMI: 1. Ja, lietojot produktu, rodas izsitumi, piet\u016bkums, nieze vai citas nepat\u012bkamas saj\u016btas, nekav\u0113joties p\u0101rtrauciet lieto\u0161anu un konsult\u0113jieties ar dermatologu. 2. Nelietot uz boj\u0101tas vai kairin\u0101tas \u0101das.<\/p>\n<p>Piesardz\u012bbas pas\u0101kumi: Uzglab\u0101t b\u0113rniem nepieejam\u0101 viet\u0101. Sarg\u0101t no tie\u0161iem saules stariem.<\/p>\n<p>Uzglab\u0101t temperat\u016br\u0101 no +5 \u00b0C l\u012bdz +25 \u00b0C.<\/p>\n","protected":false},"excerpt":{"rendered":"<p>Roku kr\u0113ms ar kolag\u0113nu nodro\u0161ina kompleksu \u0101das kop\u0161anu un mitrin\u0101\u0161anu. Kolag\u0113ns pal\u012bdz saglab\u0101t \u0101das elast\u012bbu un tvirtumu, veicina \u0101das atjauno\u0161anos, veido aizsargbarjeru, kas pasarg\u0101 \u0101du no \u0101r\u0113jo faktoru negat\u012bv\u0101s ietekmes. Kr\u0113ms nodro\u0161ina \u0101das dzi\u013cu un ilgsto\u0161u mitrin\u0101\u0161anu, nov\u0113r\u0161ot sausumu un lob\u012b\u0161anos. Regul\u0101ra kr\u0113ma lieto\u0161ana pal\u012bdz uztur\u0113t optim\u0101lu mitruma l\u012bmeni \u0101d\u0101 un stiprina \u0101das aizsargbarjeru. Lieto\u0161ana: [&#8230;]\n","protected":false},"featured_media":78212,"template":"","meta":[],"product_cat":[1302],"product_tag":[],"class_list":{"0":"post-56529","1":"product","2":"type-product","3":"status-publish","4":"has-post-thumbnail","6":"product_brand-replay_kr","7":"product_cat-roku-kopsanas-kosmetika","9":"first","10":"outofstock","11":"taxable","12":"shipping-taxable","13":"product-type-simple"},"_links":{"self":[{"href":"https:\/\/e.kosmolat.eu\/lv\/wp-json\/wp\/v2\/product\/56529","targetHints":{"allow":["GET"]}}],"collection":[{"href":"https:\/\/e.kosmolat.eu\/lv\/wp-json\/wp\/v2\/product"}],"about":[{"href":"https:\/\/e.kosmolat.eu\/lv\/wp-json\/wp\/v2\/types\/product"}],"wp:featuredmedia":[{"embeddable":true,"href":"https:\/\/e.kosmolat.eu\/lv\/wp-json\/wp\/v2\/media\/78212"}],"wp:attachment":[{"href":"https:\/\/e.kosmolat.eu\/lv\/wp-json\/wp\/v2\/media?parent=56529"}],"wp:term":[{"taxonomy":"product_cat","embeddable":true,"href":"https:\/\/e.kosmolat.eu\/lv\/wp-json\/wp\/v2\/product_cat?post=56529"},{"taxonomy":"product_tag","embeddable":true,"href":"https:\/\/e.kosmolat.eu\/lv\/wp-json\/wp\/v2\/product_tag?post=56529"}],"curies":[{"name":"wp","href":"https:\/\/api.w.org\/{rel}","templated":true}]}}