{"id":56521,"date":"2024-10-04T04:08:41","date_gmt":"2024-10-04T04:08:41","guid":{"rendered":"https:\/\/e.kosmolat.eu\/product\/esfolio-01-peptide-collagen-sejas-toneris-ar-peptid-un-kolagenu-180-ml\/"},"modified":"2026-03-13T13:55:52","modified_gmt":"2026-03-13T13:55:52","slug":"i_esfolio-01-peptide-collagen-sejas-toneris-ar-peptid-un-kolagenu-180-ml","status":"publish","type":"product","link":"https:\/\/e.kosmolat.eu\/lv\/product\/i_esfolio-01-peptide-collagen-sejas-toneris-ar-peptid-un-kolagenu-180-ml\/","title":{"rendered":"I_ESFOLIO 01 Peptide Collagen Sejas toneris ar pept\u012bd. un kolag\u0113nu, 180 ml"},"content":{"rendered":"<p>Satur hidroliz\u0113tu kolag\u0113nu, kas palielina \u0101das elast\u012bbu un mazina sausumu. Pal\u012bdz izl\u012bdzin\u0101t grumbas.<\/p>\n<p>Lieto\u0161ana: Uzkl\u0101jiet nepiecie\u0161amo daudzumu uz rok\u0101m un ar viegl\u0101m gl\u0101sto\u0161\u0101m kust\u012bb\u0101m sadaliet toneri pa visu seju. Toneri ieteicams lietot divas reizes dien\u0101.<\/p>\n<p>BR\u012aDIN\u0100JUMI: 1. Ja, lietojot produktu, rodas izsitumi, piet\u016bkums, nieze vai citas nepat\u012bkamas saj\u016btas, nekav\u0113joties p\u0101rtrauciet lieto\u0161anu un konsult\u0113jieties ar dermatologu. 2. Nelietojiet uz boj\u0101tas vai kairin\u0101tas \u0101das. <\/p>\n<p>Piesardz\u012bbas pas\u0101kumi: Uzglab\u0101t b\u0113rniem nepieejam\u0101 viet\u0101. Sarg\u0101t no tie\u0161iem saules stariem.<\/p>\n<p>Uzglab\u0101t temperat\u016br\u0101 no +5 \u00b0C l\u012bdz +25 \u00b0C.<\/p>\n","protected":false},"excerpt":{"rendered":"<p>Satur hidroliz\u0113tu kolag\u0113nu, kas palielina \u0101das elast\u012bbu un mazina sausumu. Pal\u012bdz izl\u012bdzin\u0101t grumbas. Lieto\u0161ana: Uzkl\u0101jiet nepiecie\u0161amo daudzumu uz rok\u0101m un ar viegl\u0101m gl\u0101sto\u0161\u0101m kust\u012bb\u0101m sadaliet toneri pa visu seju. Toneri ieteicams lietot divas reizes dien\u0101. BR\u012aDIN\u0100JUMI: 1. Ja, lietojot produktu, rodas izsitumi, piet\u016bkums, nieze vai citas nepat\u012bkamas saj\u016btas, nekav\u0113joties p\u0101rtrauciet lieto\u0161anu un konsult\u0113jieties ar dermatologu. [&#8230;]\n","protected":false},"featured_media":97784,"template":"","meta":[],"product_cat":[2182],"product_tag":[],"class_list":{"0":"post-56521","1":"product","2":"type-product","3":"status-publish","4":"has-post-thumbnail","6":"product_brand-sale","7":"product_cat-bez-kategorijas-ru","9":"first","10":"instock","11":"taxable","12":"shipping-taxable","13":"product-type-simple"},"_links":{"self":[{"href":"https:\/\/e.kosmolat.eu\/lv\/wp-json\/wp\/v2\/product\/56521","targetHints":{"allow":["GET"]}}],"collection":[{"href":"https:\/\/e.kosmolat.eu\/lv\/wp-json\/wp\/v2\/product"}],"about":[{"href":"https:\/\/e.kosmolat.eu\/lv\/wp-json\/wp\/v2\/types\/product"}],"wp:featuredmedia":[{"embeddable":true,"href":"https:\/\/e.kosmolat.eu\/lv\/wp-json\/wp\/v2\/media\/97784"}],"wp:attachment":[{"href":"https:\/\/e.kosmolat.eu\/lv\/wp-json\/wp\/v2\/media?parent=56521"}],"wp:term":[{"taxonomy":"product_cat","embeddable":true,"href":"https:\/\/e.kosmolat.eu\/lv\/wp-json\/wp\/v2\/product_cat?post=56521"},{"taxonomy":"product_tag","embeddable":true,"href":"https:\/\/e.kosmolat.eu\/lv\/wp-json\/wp\/v2\/product_tag?post=56521"}],"curies":[{"name":"wp","href":"https:\/\/api.w.org\/{rel}","templated":true}]}}