{"id":56513,"date":"2024-10-04T04:08:12","date_gmt":"2024-10-04T04:08:12","guid":{"rendered":"https:\/\/e.kosmolat.eu\/product\/esfolio-02-peptide-collagen-sejas-serums-ar-peptid-un-kolag-50-ml\/"},"modified":"2026-04-23T09:36:10","modified_gmt":"2026-04-23T09:36:10","slug":"esfolio-02-peptide-collagen-sejas-serums-ar-peptid-un-kolag-50-ml","status":"publish","type":"product","link":"https:\/\/e.kosmolat.eu\/lv\/product\/esfolio-02-peptide-collagen-sejas-serums-ar-peptid-un-kolag-50-ml\/","title":{"rendered":"ESFOLIO 02 Peptide Collagen Sejas serums ar pept\u012bd. un kolag., 50 ml"},"content":{"rendered":"<p>Funkcion\u0101ls serums ar hidroliz\u0113tu kolag\u0113nu un septi\u0146iem pept\u012bdiem, kas mitrina sausu \u0101du, uzlabo t\u0101s elast\u012bbu un pal\u012bdz samazin\u0101t grumbas.<\/p>\n<p>Lieto\u0161ana: P\u0113c \u0101das att\u012br\u012b\u0161anas uzkl\u0101jiet nepiecie\u0161amo seruma daudzumu uz sejas un sadaliet to ar maig\u0101m mas\u0113jo\u0161\u0101m kust\u012bb\u0101m.<\/p>\n<p>BR\u012aDIN\u0100JUMI: 1. Ja, lietojot produktu, rodas izsitumi, piet\u016bkums, nieze vai citas nepat\u012bkamas saj\u016btas, nekav\u0113joties p\u0101rtrauciet lieto\u0161anu un konsult\u0113jieties ar dermatologu. 2. Nelietojiet uz boj\u0101tas vai kairin\u0101tas \u0101das. <\/p>\n<p>Piesardz\u012bbas pas\u0101kumi: Uzglab\u0101t b\u0113rniem nepieejam\u0101 viet\u0101. Sarg\u0101t no tie\u0161iem saules stariem.<\/p>\n<p>Uzglab\u0101t temperat\u016br\u0101 no +5 \u00b0C l\u012bdz +25 \u00b0C.<\/p>\n","protected":false},"excerpt":{"rendered":"<p>Funkcion\u0101ls serums ar hidroliz\u0113tu kolag\u0113nu un septi\u0146iem pept\u012bdiem, kas mitrina sausu \u0101du, uzlabo t\u0101s elast\u012bbu un pal\u012bdz samazin\u0101t grumbas. Lieto\u0161ana: P\u0113c \u0101das att\u012br\u012b\u0161anas uzkl\u0101jiet nepiecie\u0161amo seruma daudzumu uz sejas un sadaliet to ar maig\u0101m mas\u0113jo\u0161\u0101m kust\u012bb\u0101m. BR\u012aDIN\u0100JUMI: 1. Ja, lietojot produktu, rodas izsitumi, piet\u016bkums, nieze vai citas nepat\u012bkamas saj\u016btas, nekav\u0113joties p\u0101rtrauciet lieto\u0161anu un konsult\u0113jieties ar [&#8230;]\n","protected":false},"featured_media":97780,"template":"","meta":[],"product_cat":[1325],"product_tag":[],"class_list":{"0":"post-56513","1":"product","2":"type-product","3":"status-publish","4":"has-post-thumbnail","6":"product_brand-replay_kr","7":"product_cat-serumi","9":"first","10":"instock","11":"taxable","12":"shipping-taxable","13":"product-type-simple"},"_links":{"self":[{"href":"https:\/\/e.kosmolat.eu\/lv\/wp-json\/wp\/v2\/product\/56513","targetHints":{"allow":["GET"]}}],"collection":[{"href":"https:\/\/e.kosmolat.eu\/lv\/wp-json\/wp\/v2\/product"}],"about":[{"href":"https:\/\/e.kosmolat.eu\/lv\/wp-json\/wp\/v2\/types\/product"}],"wp:featuredmedia":[{"embeddable":true,"href":"https:\/\/e.kosmolat.eu\/lv\/wp-json\/wp\/v2\/media\/97780"}],"wp:attachment":[{"href":"https:\/\/e.kosmolat.eu\/lv\/wp-json\/wp\/v2\/media?parent=56513"}],"wp:term":[{"taxonomy":"product_cat","embeddable":true,"href":"https:\/\/e.kosmolat.eu\/lv\/wp-json\/wp\/v2\/product_cat?post=56513"},{"taxonomy":"product_tag","embeddable":true,"href":"https:\/\/e.kosmolat.eu\/lv\/wp-json\/wp\/v2\/product_tag?post=56513"}],"curies":[{"name":"wp","href":"https:\/\/api.w.org\/{rel}","templated":true}]}}