{"id":56497,"date":"2024-10-04T04:07:28","date_gmt":"2024-10-04T04:07:28","guid":{"rendered":"https:\/\/e.kosmolat.eu\/product\/esfolio-04-peptide-collagen-krems-adai-ap-ac-ar-peptid-un-kolagenu-30-g\/"},"modified":"2026-03-31T11:58:37","modified_gmt":"2026-03-31T11:58:37","slug":"esfolio-04-peptide-collagen-krems-adai-ap-ac-ar-peptid-un-kolagenu-30-g","status":"publish","type":"product","link":"https:\/\/e.kosmolat.eu\/lv\/product\/esfolio-04-peptide-collagen-krems-adai-ap-ac-ar-peptid-un-kolagenu-30-g\/","title":{"rendered":"ESFOLIO 04 Peptide Collagen Kr\u0113ms \u0101dai ap ac. ar pept\u012bd. un kolag\u0113nu, 30 g"},"content":{"rendered":"<p>Funkcion\u0101ls acu kr\u0113ms ar hidroliz\u0113tu kolag\u0113nu un septi\u0146iem pept\u012bdiem, kas maigi ies\u016bcas un pal\u012bdz r\u016bp\u0113ties par \u0101du ap ac\u012bm.<\/p>\n<p>Lieto\u0161ana: P\u0113c \u0101das att\u012br\u012b\u0161anas uzkl\u0101jiet nelielu daudzumu kr\u0113ma uz pirkstu gali\u0146iem. Ar viegl\u0101m, maig\u0101m kust\u012bb\u0101m iemas\u0113jiet kr\u0113mu \u0101d\u0101 ap ac\u012bm. Lietojiet no r\u012bta un vakar\u0101.<\/p>\n<p>BR\u012aDIN\u0100JUMI: 1. Ja, lietojot produktu, rodas izsitumi, piet\u016bkums, nieze vai citas nepat\u012bkamas saj\u016btas, nekav\u0113joties p\u0101rtrauciet lieto\u0161anu un konsult\u0113jieties ar dermatologu. 2. Nelietojiet uz boj\u0101tas vai kairin\u0101tas \u0101das. <\/p>\n<p>Piesardz\u012bbas pas\u0101kumi: Uzglab\u0101t b\u0113rniem nepieejam\u0101 viet\u0101. Sarg\u0101t no tie\u0161iem saules stariem.<\/p>\n<p>Uzglab\u0101t temperat\u016br\u0101 no +5 \u00b0C l\u012bdz +25 \u00b0C.<\/p>\n","protected":false},"excerpt":{"rendered":"<p>Funkcion\u0101ls acu kr\u0113ms ar hidroliz\u0113tu kolag\u0113nu un septi\u0146iem pept\u012bdiem, kas maigi ies\u016bcas un pal\u012bdz r\u016bp\u0113ties par \u0101du ap ac\u012bm. Lieto\u0161ana: P\u0113c \u0101das att\u012br\u012b\u0161anas uzkl\u0101jiet nelielu daudzumu kr\u0113ma uz pirkstu gali\u0146iem. Ar viegl\u0101m, maig\u0101m kust\u012bb\u0101m iemas\u0113jiet kr\u0113mu \u0101d\u0101 ap ac\u012bm. Lietojiet no r\u012bta un vakar\u0101. BR\u012aDIN\u0100JUMI: 1. Ja, lietojot produktu, rodas izsitumi, piet\u016bkums, nieze vai citas [&#8230;]\n","protected":false},"featured_media":97772,"template":"","meta":[],"product_cat":[1588],"product_tag":[],"class_list":{"0":"post-56497","1":"product","2":"type-product","3":"status-publish","4":"has-post-thumbnail","6":"product_brand-replay_kr","7":"product_cat-acu-kremi","9":"first","10":"instock","11":"taxable","12":"shipping-taxable","13":"product-type-simple"},"_links":{"self":[{"href":"https:\/\/e.kosmolat.eu\/lv\/wp-json\/wp\/v2\/product\/56497","targetHints":{"allow":["GET"]}}],"collection":[{"href":"https:\/\/e.kosmolat.eu\/lv\/wp-json\/wp\/v2\/product"}],"about":[{"href":"https:\/\/e.kosmolat.eu\/lv\/wp-json\/wp\/v2\/types\/product"}],"wp:featuredmedia":[{"embeddable":true,"href":"https:\/\/e.kosmolat.eu\/lv\/wp-json\/wp\/v2\/media\/97772"}],"wp:attachment":[{"href":"https:\/\/e.kosmolat.eu\/lv\/wp-json\/wp\/v2\/media?parent=56497"}],"wp:term":[{"taxonomy":"product_cat","embeddable":true,"href":"https:\/\/e.kosmolat.eu\/lv\/wp-json\/wp\/v2\/product_cat?post=56497"},{"taxonomy":"product_tag","embeddable":true,"href":"https:\/\/e.kosmolat.eu\/lv\/wp-json\/wp\/v2\/product_tag?post=56497"}],"curies":[{"name":"wp","href":"https:\/\/api.w.org\/{rel}","templated":true}]}}