{"id":56489,"date":"2024-10-04T04:07:07","date_gmt":"2024-10-04T04:07:07","guid":{"rendered":"https:\/\/e.kosmolat.eu\/product\/esfolio-retinol-vital-krems-adai-ap-ac-ar-retinolu-40-ml\/"},"modified":"2026-04-22T08:20:37","modified_gmt":"2026-04-22T08:20:37","slug":"esfolio-retinol-vital-krems-adai-ap-ac-ar-retinolu-40-ml","status":"publish","type":"product","link":"https:\/\/e.kosmolat.eu\/lv\/product\/esfolio-retinol-vital-krems-adai-ap-ac-ar-retinolu-40-ml\/","title":{"rendered":"ESFOLIO Retinol Vital Kr\u0113ms \u0101dai ap ac. ar retinolu, 40 ml"},"content":{"rendered":"<p>Kr\u0113ms ar augstu retinola saturu intens\u012bvi r\u016bp\u0113jas par grumb\u0101m ap ac\u012bm.<\/p>\n<p>Lieto\u0161ana: Ar pirkstu spilventi\u0146iem vienm\u0113r\u012bgi uzkl\u0101jiet kr\u0113mu uz \u0101das ap ac\u012bm no r\u012bta un vakar\u0101.<\/p>\n<p>Efekts: 1. Pal\u012bdz izgaismot \u0101du. 2. Veicina grumbu samazin\u0101\u0161anos. <\/p>\n<p>Satur A vitam\u012bnu. L\u016bgums pirms lieto\u0161anas p\u0101rdom\u0101t savu dienas devu.<\/p>\n<p>UZMAN\u012aBU: 1. Ja, lietojot produktu, rodas izsitumi, piet\u016bkums, nieze vai citas nepat\u012bkamas saj\u016btas, nekav\u0113joties p\u0101rtrauciet lieto\u0161anu un konsult\u0113jieties ar dermatologu. 2. Nelietojiet uz boj\u0101tas vai kairin\u0101tas \u0101das.<\/p>\n<p>Piesardz\u012bbas pas\u0101kumi: Uzglab\u0101t b\u0113rniem nepieejam\u0101 viet\u0101. Sarg\u0101t no tie\u0161iem saules stariem.<\/p>\n<p>Uzglab\u0101t temperat\u016br\u0101 no +5 \u00b0C l\u012bdz +25 \u00b0C.<\/p>\n","protected":false},"excerpt":{"rendered":"<p>Kr\u0113ms ar augstu retinola saturu intens\u012bvi r\u016bp\u0113jas par grumb\u0101m ap ac\u012bm. Lieto\u0161ana: Ar pirkstu spilventi\u0146iem vienm\u0113r\u012bgi uzkl\u0101jiet kr\u0113mu uz \u0101das ap ac\u012bm no r\u012bta un vakar\u0101. Efekts: 1. Pal\u012bdz izgaismot \u0101du. 2. Veicina grumbu samazin\u0101\u0161anos. Satur A vitam\u012bnu. L\u016bgums pirms lieto\u0161anas p\u0101rdom\u0101t savu dienas devu. UZMAN\u012aBU: 1. Ja, lietojot produktu, rodas izsitumi, piet\u016bkums, nieze vai [&#8230;]\n","protected":false},"featured_media":97768,"template":"","meta":[],"product_cat":[1999],"product_tag":[],"class_list":{"0":"post-56489","1":"product","2":"type-product","3":"status-publish","4":"has-post-thumbnail","6":"product_brand-replay_kr","7":"product_cat-bez-kategorijas","9":"first","10":"instock","11":"taxable","12":"shipping-taxable","13":"product-type-simple"},"_links":{"self":[{"href":"https:\/\/e.kosmolat.eu\/lv\/wp-json\/wp\/v2\/product\/56489","targetHints":{"allow":["GET"]}}],"collection":[{"href":"https:\/\/e.kosmolat.eu\/lv\/wp-json\/wp\/v2\/product"}],"about":[{"href":"https:\/\/e.kosmolat.eu\/lv\/wp-json\/wp\/v2\/types\/product"}],"wp:featuredmedia":[{"embeddable":true,"href":"https:\/\/e.kosmolat.eu\/lv\/wp-json\/wp\/v2\/media\/97768"}],"wp:attachment":[{"href":"https:\/\/e.kosmolat.eu\/lv\/wp-json\/wp\/v2\/media?parent=56489"}],"wp:term":[{"taxonomy":"product_cat","embeddable":true,"href":"https:\/\/e.kosmolat.eu\/lv\/wp-json\/wp\/v2\/product_cat?post=56489"},{"taxonomy":"product_tag","embeddable":true,"href":"https:\/\/e.kosmolat.eu\/lv\/wp-json\/wp\/v2\/product_tag?post=56489"}],"curies":[{"name":"wp","href":"https:\/\/api.w.org\/{rel}","templated":true}]}}