{"id":56473,"date":"2024-10-04T04:06:33","date_gmt":"2024-10-04T04:06:33","guid":{"rendered":"https:\/\/e.kosmolat.eu\/product\/esfolio-03-peptide-collagen-sejas-kr-ar-peptid-un-kolagenu-70-g\/"},"modified":"2026-04-01T17:06:44","modified_gmt":"2026-04-01T17:06:44","slug":"esfolio-03-peptide-collagen-sejas-kr-ar-peptid-un-kolagenu-70-g","status":"publish","type":"product","link":"https:\/\/e.kosmolat.eu\/lv\/product\/esfolio-03-peptide-collagen-sejas-kr-ar-peptid-un-kolagenu-70-g\/","title":{"rendered":"ESFOLIO 03 Peptide Collagen Sejas kr. ar pept\u012bd. un kolag\u0113nu, 70 g"},"content":{"rendered":"<p>Funkcion\u0101ls kr\u0113ms ar hidroliz\u0113tu kolag\u0113nu un septi\u0146iem pept\u012bdiem, kas \u0101tri uzs\u016bcas \u0101d\u0101 un pal\u012bdz uztur\u0113t to mitru un svaigu.<\/p>\n<p>Lieto\u0161ana: P\u0113c \u0101das att\u012br\u012b\u0161anas uzkl\u0101jiet nepiecie\u0161amo kr\u0113ma daudzumu uz sejas un kakla.<\/p>\n<p>BR\u012aDIN\u0100JUMI: 1. Ja, lietojot produktu, rodas izsitumi, piet\u016bkums, nieze vai citas nepat\u012bkamas saj\u016btas, nekav\u0113joties p\u0101rtrauciet lieto\u0161anu un konsult\u0113jieties ar dermatologu. 2. Nelietojiet uz boj\u0101tas vai kairin\u0101tas \u0101das. <\/p>\n<p>Piesardz\u012bbas pas\u0101kumi: Uzglab\u0101t b\u0113rniem nepieejam\u0101 viet\u0101. Sarg\u0101t no tie\u0161iem saules stariem.<\/p>\n<p>Uzglab\u0101t temperat\u016br\u0101 no +5 \u00b0C l\u012bdz +25 \u00b0C.<\/p>\n","protected":false},"excerpt":{"rendered":"<p>Funkcion\u0101ls kr\u0113ms ar hidroliz\u0113tu kolag\u0113nu un septi\u0146iem pept\u012bdiem, kas \u0101tri uzs\u016bcas \u0101d\u0101 un pal\u012bdz uztur\u0113t to mitru un svaigu. Lieto\u0161ana: P\u0113c \u0101das att\u012br\u012b\u0161anas uzkl\u0101jiet nepiecie\u0161amo kr\u0113ma daudzumu uz sejas un kakla. BR\u012aDIN\u0100JUMI: 1. Ja, lietojot produktu, rodas izsitumi, piet\u016bkums, nieze vai citas nepat\u012bkamas saj\u016btas, nekav\u0113joties p\u0101rtrauciet lieto\u0161anu un konsult\u0113jieties ar dermatologu. 2. Nelietojiet uz boj\u0101tas [&#8230;]\n","protected":false},"featured_media":97760,"template":"","meta":[],"product_cat":[2182],"product_tag":[],"class_list":{"0":"post-56473","1":"product","2":"type-product","3":"status-publish","4":"has-post-thumbnail","6":"product_brand-replay_kr","7":"product_cat-bez-kategorijas-ru","9":"first","10":"outofstock","11":"taxable","12":"shipping-taxable","13":"product-type-simple"},"_links":{"self":[{"href":"https:\/\/e.kosmolat.eu\/lv\/wp-json\/wp\/v2\/product\/56473","targetHints":{"allow":["GET"]}}],"collection":[{"href":"https:\/\/e.kosmolat.eu\/lv\/wp-json\/wp\/v2\/product"}],"about":[{"href":"https:\/\/e.kosmolat.eu\/lv\/wp-json\/wp\/v2\/types\/product"}],"wp:featuredmedia":[{"embeddable":true,"href":"https:\/\/e.kosmolat.eu\/lv\/wp-json\/wp\/v2\/media\/97760"}],"wp:attachment":[{"href":"https:\/\/e.kosmolat.eu\/lv\/wp-json\/wp\/v2\/media?parent=56473"}],"wp:term":[{"taxonomy":"product_cat","embeddable":true,"href":"https:\/\/e.kosmolat.eu\/lv\/wp-json\/wp\/v2\/product_cat?post=56473"},{"taxonomy":"product_tag","embeddable":true,"href":"https:\/\/e.kosmolat.eu\/lv\/wp-json\/wp\/v2\/product_tag?post=56473"}],"curies":[{"name":"wp","href":"https:\/\/api.w.org\/{rel}","templated":true}]}}