{"id":56457,"date":"2024-10-04T04:05:56","date_gmt":"2024-10-04T04:05:56","guid":{"rendered":"https:\/\/e.kosmolat.eu\/product\/ekel-collagen-sejas-mazgasanas-putas-100-ml\/"},"modified":"2025-07-07T11:11:02","modified_gmt":"2025-07-07T11:11:02","slug":"i_ekel-collagen-sejas-mazgasanas-putas-100-ml","status":"publish","type":"product","link":"https:\/\/e.kosmolat.eu\/lv\/product\/i_ekel-collagen-sejas-mazgasanas-putas-100-ml\/","title":{"rendered":"I_EKEL Collagen Sejas mazg\u0101\u0161anas putas, 100 ml"},"content":{"rendered":"<p>Att\u012bro\u0161as putas ar kolag\u0113nu. Putas izce\u013cas ar lielisk\u0101m att\u012bro\u0161\u0101m \u012bpa\u0161\u012bb\u0101m, no\u0146emot kosm\u0113tikas paliekas un citus net\u012brumus no sejas. Piem\u0113rotas visiem \u0101das tipiem, t\u0101s nesausina \u0101du, bet mitrina un bag\u0101tina to ar barojo\u0161iem elementiem. Putu sast\u0101v\u0101 ir kolag\u0113ns, kas baro \u0101du un pal\u012bdz nov\u0113rst t\u0101s priek\u0161laic\u012bgu noveco\u0161anos.<\/p>\n<p>Lieto\u0161ana: saputot l\u012bdzekli rok\u0101s, uzkl\u0101t uz sejas \u0101das, maigi iemas\u0113t un noskalot ar \u016bdeni.<\/p>\n<p>BR\u012aDIN\u0100JUMI: 1. Ja, lietojot produktu, rodas izsitumi, piet\u016bkums, nieze vai citas nepat\u012bkamas saj\u016btas, nekav\u0113joties p\u0101rtrauciet lieto\u0161anu un konsult\u0113jieties ar dermatologu. 2. Nelietot uz boj\u0101tas vai kairin\u0101tas \u0101das.<\/p>\n<p>Piesardz\u012bbas pas\u0101kumi: Uzglab\u0101t b\u0113rniem nepieejam\u0101 viet\u0101. Sarg\u0101t no tie\u0161iem saules stariem.<\/p>\n<p>Uzglab\u0101t temperat\u016br\u0101 no +5 \u00b0C l\u012bdz +25 \u00b0C.<\/p>\n","protected":false},"excerpt":{"rendered":"<p>Att\u012bro\u0161as putas ar kolag\u0113nu. Putas izce\u013cas ar lielisk\u0101m att\u012bro\u0161\u0101m \u012bpa\u0161\u012bb\u0101m, no\u0146emot kosm\u0113tikas paliekas un citus net\u012brumus no sejas. Piem\u0113rotas visiem \u0101das tipiem, t\u0101s nesausina \u0101du, bet mitrina un bag\u0101tina to ar barojo\u0161iem elementiem. Putu sast\u0101v\u0101 ir kolag\u0113ns, kas baro \u0101du un pal\u012bdz nov\u0113rst t\u0101s priek\u0161laic\u012bgu noveco\u0161anos. Lieto\u0161ana: saputot l\u012bdzekli rok\u0101s, uzkl\u0101t uz sejas \u0101das, maigi [&#8230;]\n","protected":false},"featured_media":56461,"template":"","meta":[],"product_cat":[1835],"product_tag":[],"class_list":{"0":"post-56457","1":"product","2":"type-product","3":"status-publish","4":"has-post-thumbnail","6":"product_brand-replay_kr","7":"product_cat-prausimosi-putos","9":"first","10":"outofstock","11":"taxable","12":"shipping-taxable","13":"product-type-simple"},"_links":{"self":[{"href":"https:\/\/e.kosmolat.eu\/lv\/wp-json\/wp\/v2\/product\/56457","targetHints":{"allow":["GET"]}}],"collection":[{"href":"https:\/\/e.kosmolat.eu\/lv\/wp-json\/wp\/v2\/product"}],"about":[{"href":"https:\/\/e.kosmolat.eu\/lv\/wp-json\/wp\/v2\/types\/product"}],"wp:featuredmedia":[{"embeddable":true,"href":"https:\/\/e.kosmolat.eu\/lv\/wp-json\/wp\/v2\/media\/56461"}],"wp:attachment":[{"href":"https:\/\/e.kosmolat.eu\/lv\/wp-json\/wp\/v2\/media?parent=56457"}],"wp:term":[{"taxonomy":"product_cat","embeddable":true,"href":"https:\/\/e.kosmolat.eu\/lv\/wp-json\/wp\/v2\/product_cat?post=56457"},{"taxonomy":"product_tag","embeddable":true,"href":"https:\/\/e.kosmolat.eu\/lv\/wp-json\/wp\/v2\/product_tag?post=56457"}],"curies":[{"name":"wp","href":"https:\/\/api.w.org\/{rel}","templated":true}]}}