{"id":56449,"date":"2024-10-04T04:05:42","date_gmt":"2024-10-04T04:05:42","guid":{"rendered":"https:\/\/e.kosmolat.eu\/product\/ekel-hyaluronic-acid-sejas-mazgasanas-putas-100-ml\/"},"modified":"2026-03-21T06:45:19","modified_gmt":"2026-03-21T06:45:19","slug":"ekel-hyaluronic-acid-sejas-mazgasanas-putas-100-ml","status":"publish","type":"product","link":"https:\/\/e.kosmolat.eu\/lv\/product\/ekel-hyaluronic-acid-sejas-mazgasanas-putas-100-ml\/","title":{"rendered":"EKEL Hyaluronic Acid Sejas mazg\u0101\u0161anas putas, 100 ml"},"content":{"rendered":"<p>Att\u012bro\u0161as putas ar hialuronsk\u0101bi izce\u013cas ar lielisk\u0101m att\u012bro\u0161\u0101m \u012bpa\u0161\u012bb\u0101m: t\u0101s r\u016bp\u012bgi no\u0146em kosm\u0113tikas paliekas un net\u012brumus, mitrina \u0101du un piepilda to ar barojo\u0161\u0101m viel\u0101m, padarot to gludu un t\u012bru. Turkl\u0101t putas satur da\u017e\u0101dus augu ekstraktus, pateicoties kuriem \u0101da paliek svaiga.<\/p>\n<p>Lieto\u0161ana: saputot l\u012bdzekli rok\u0101s, uzkl\u0101t uz sejas \u0101das, maigi iemas\u0113t un noskalot ar \u016bdeni.<\/p>\n<p>BR\u012aDIN\u0100JUMI: 1. Ja, lietojot produktu, rodas izsitumi, piet\u016bkums, nieze vai citas nepat\u012bkamas saj\u016btas, nekav\u0113joties p\u0101rtrauciet lieto\u0161anu un konsult\u0113jieties ar dermatologu. 2. Nelietot uz boj\u0101tas vai kairin\u0101tas \u0101das.<\/p>\n<p>Piesardz\u012bbas pas\u0101kumi: Uzglab\u0101t b\u0113rniem nepieejam\u0101 viet\u0101. Sarg\u0101t no tie\u0161iem saules stariem.<\/p>\n<p>Uzglab\u0101t temperat\u016br\u0101 no +5 \u00b0C l\u012bdz +25 \u00b0C.<\/p>\n","protected":false},"excerpt":{"rendered":"<p>Att\u012bro\u0161as putas ar hialuronsk\u0101bi izce\u013cas ar lielisk\u0101m att\u012bro\u0161\u0101m \u012bpa\u0161\u012bb\u0101m: t\u0101s r\u016bp\u012bgi no\u0146em kosm\u0113tikas paliekas un net\u012brumus, mitrina \u0101du un piepilda to ar barojo\u0161\u0101m viel\u0101m, padarot to gludu un t\u012bru. Turkl\u0101t putas satur da\u017e\u0101dus augu ekstraktus, pateicoties kuriem \u0101da paliek svaiga. Lieto\u0161ana: saputot l\u012bdzekli rok\u0101s, uzkl\u0101t uz sejas \u0101das, maigi iemas\u0113t un noskalot ar \u016bdeni. BR\u012aDIN\u0100JUMI: [&#8230;]\n","protected":false},"featured_media":97752,"template":"","meta":[],"product_cat":[1833],"product_tag":[],"class_list":{"0":"post-56449","1":"product","2":"type-product","3":"status-publish","4":"has-post-thumbnail","6":"product_brand-replay_kr","7":"product_cat-putas-sejas-mazgasanai","9":"first","10":"outofstock","11":"taxable","12":"shipping-taxable","13":"product-type-simple"},"_links":{"self":[{"href":"https:\/\/e.kosmolat.eu\/lv\/wp-json\/wp\/v2\/product\/56449","targetHints":{"allow":["GET"]}}],"collection":[{"href":"https:\/\/e.kosmolat.eu\/lv\/wp-json\/wp\/v2\/product"}],"about":[{"href":"https:\/\/e.kosmolat.eu\/lv\/wp-json\/wp\/v2\/types\/product"}],"wp:featuredmedia":[{"embeddable":true,"href":"https:\/\/e.kosmolat.eu\/lv\/wp-json\/wp\/v2\/media\/97752"}],"wp:attachment":[{"href":"https:\/\/e.kosmolat.eu\/lv\/wp-json\/wp\/v2\/media?parent=56449"}],"wp:term":[{"taxonomy":"product_cat","embeddable":true,"href":"https:\/\/e.kosmolat.eu\/lv\/wp-json\/wp\/v2\/product_cat?post=56449"},{"taxonomy":"product_tag","embeddable":true,"href":"https:\/\/e.kosmolat.eu\/lv\/wp-json\/wp\/v2\/product_tag?post=56449"}],"curies":[{"name":"wp","href":"https:\/\/api.w.org\/{rel}","templated":true}]}}