{"id":56441,"date":"2024-10-04T04:05:28","date_gmt":"2024-10-04T04:05:28","guid":{"rendered":"https:\/\/e.kosmolat.eu\/product\/ekel-collagen-ampoule-sejas-krems-70-ml\/"},"modified":"2025-04-01T19:50:32","modified_gmt":"2025-04-01T19:50:32","slug":"ekel-collagen-ampoule-sejas-krems-70-ml","status":"publish","type":"product","link":"https:\/\/e.kosmolat.eu\/lv\/product\/ekel-collagen-ampoule-sejas-krems-70-ml\/","title":{"rendered":"EKEL Collagen Ampoule Sejas kr\u0113ms, 70 ml"},"content":{"rendered":"<p>Sejas kr\u0113ms ar kolagenu nodro\u0161ina ilgsto\u0161u mitrin\u0101\u0161anu, palielina \u0101das elast\u012bbu un tam ir izteikta atjaunino\u0161a iedarb\u012bba. Augu ekstraktu komplekss piepilda \u0101du ar vitam\u012bniem un atsvaidzina sejas kr\u0101su. \u0100da k\u013c\u016bst gluda un elast\u012bga.<\/p>\n<p>Lieto\u0161ana: Izmantojiet k\u0101 p\u0113d\u0113jo soli \u0101das kop\u0161anas proces\u0101. Nelielu kr\u0113ma daudzumu uzkl\u0101jiet uz att\u012br\u012btas sejas \u0101das un ar viegl\u0101m kust\u012bb\u0101m vienm\u0113r\u012bgi sadaliet, l\u012bdz tas piln\u012bb\u0101 ies\u016bcas.<\/p>\n<p>BR\u012aDIN\u0100JUMI: 1. Ja, lietojot produktu, rodas izsitumi, piet\u016bkums, nieze vai citas nepat\u012bkamas saj\u016btas, nekav\u0113joties p\u0101rtrauciet lieto\u0161anu un konsult\u0113jieties ar dermatologu. 2. Nelietot uz boj\u0101tas vai kairin\u0101tas \u0101das.<\/p>\n<p>Piesardz\u012bbas pas\u0101kumi: Uzglab\u0101t b\u0113rniem nepieejam\u0101 viet\u0101. Sarg\u0101t no tie\u0161iem saules stariem.<\/p>\n<p>Uzglab\u0101t temperat\u016br\u0101 no +5 \u00b0C l\u012bdz +25 \u00b0C.<\/p>\n","protected":false},"excerpt":{"rendered":"<p>Sejas kr\u0113ms ar kolagenu nodro\u0161ina ilgsto\u0161u mitrin\u0101\u0161anu, palielina \u0101das elast\u012bbu un tam ir izteikta atjaunino\u0161a iedarb\u012bba. Augu ekstraktu komplekss piepilda \u0101du ar vitam\u012bniem un atsvaidzina sejas kr\u0101su. \u0100da k\u013c\u016bst gluda un elast\u012bga. Lieto\u0161ana: Izmantojiet k\u0101 p\u0113d\u0113jo soli \u0101das kop\u0161anas proces\u0101. Nelielu kr\u0113ma daudzumu uzkl\u0101jiet uz att\u012br\u012btas sejas \u0101das un ar viegl\u0101m kust\u012bb\u0101m vienm\u0113r\u012bgi sadaliet, l\u012bdz [&#8230;]\n","protected":false},"featured_media":56445,"template":"","meta":[],"product_cat":[1320],"product_tag":[],"class_list":{"0":"post-56441","1":"product","2":"type-product","3":"status-publish","4":"has-post-thumbnail","6":"product_brand-replay_kr","7":"product_cat-sejas-kremi","9":"first","10":"outofstock","11":"taxable","12":"shipping-taxable","13":"product-type-simple"},"_links":{"self":[{"href":"https:\/\/e.kosmolat.eu\/lv\/wp-json\/wp\/v2\/product\/56441","targetHints":{"allow":["GET"]}}],"collection":[{"href":"https:\/\/e.kosmolat.eu\/lv\/wp-json\/wp\/v2\/product"}],"about":[{"href":"https:\/\/e.kosmolat.eu\/lv\/wp-json\/wp\/v2\/types\/product"}],"wp:featuredmedia":[{"embeddable":true,"href":"https:\/\/e.kosmolat.eu\/lv\/wp-json\/wp\/v2\/media\/56445"}],"wp:attachment":[{"href":"https:\/\/e.kosmolat.eu\/lv\/wp-json\/wp\/v2\/media?parent=56441"}],"wp:term":[{"taxonomy":"product_cat","embeddable":true,"href":"https:\/\/e.kosmolat.eu\/lv\/wp-json\/wp\/v2\/product_cat?post=56441"},{"taxonomy":"product_tag","embeddable":true,"href":"https:\/\/e.kosmolat.eu\/lv\/wp-json\/wp\/v2\/product_tag?post=56441"}],"curies":[{"name":"wp","href":"https:\/\/api.w.org\/{rel}","templated":true}]}}