{"id":56433,"date":"2024-10-04T04:05:13","date_gmt":"2024-10-04T04:05:13","guid":{"rendered":"https:\/\/e.kosmolat.eu\/product\/ekel-hyaluronic-acid-mitrinoss-pretgrumbu-sejas-krems-100-g\/"},"modified":"2026-02-23T08:52:58","modified_gmt":"2026-02-23T08:52:58","slug":"i_ekel-hyaluronic-acid-mitrinoss-pretgrumbu-sejas-krems-100-g","status":"publish","type":"product","link":"https:\/\/e.kosmolat.eu\/lv\/product\/i_ekel-hyaluronic-acid-mitrinoss-pretgrumbu-sejas-krems-100-g\/","title":{"rendered":"I_EKEL Hyaluronic Acid Mitrino\u0161s pretgrumbu sejas kr\u0113ms, 100 g"},"content":{"rendered":"<p>Kr\u0113ms intens\u012bvi mitrina un atjauno sejas \u0101du. Hialuronsk\u0101be papildina mitruma rezerves epiderm\u0101 un aizsarg\u0101 \u0161\u016bnas no priek\u0161laic\u012bgas noveco\u0161an\u0101s. Kr\u0113ms stimul\u0113 dab\u012bg\u0101 kolag\u0113na sint\u0113zi un atjauno \u0101das \u0161\u016bnas. <\/p>\n<p>Lieto\u0161ana: nelielu kr\u0113ma daudzumu uzkl\u0101jiet uz att\u012br\u012btas sejas \u0101das un ar viegl\u0101m kust\u012bb\u0101m iemas\u0113jiet, l\u012bdz tas piln\u012bb\u0101 ies\u016bcas.<\/p>\n<p>BR\u012aDIN\u0100JUMI: 1. Ja, lietojot produktu, rodas izsitumi, piet\u016bkums, nieze vai citas nepat\u012bkamas saj\u016btas, nekav\u0113joties p\u0101rtrauciet lieto\u0161anu un konsult\u0113jieties ar dermatologu. 2. Nelietot uz boj\u0101tas vai kairin\u0101tas \u0101das.<\/p>\n<p>Piesardz\u012bbas pas\u0101kumi: Uzglab\u0101t b\u0113rniem nepieejam\u0101 viet\u0101. Sarg\u0101t no tie\u0161iem saules stariem.<\/p>\n<p>Uzglab\u0101t temperat\u016br\u0101 no +5 \u00b0C l\u012bdz +25 \u00b0C.<\/p>\n","protected":false},"excerpt":{"rendered":"<p>Kr\u0113ms intens\u012bvi mitrina un atjauno sejas \u0101du. Hialuronsk\u0101be papildina mitruma rezerves epiderm\u0101 un aizsarg\u0101 \u0161\u016bnas no priek\u0161laic\u012bgas noveco\u0161an\u0101s. Kr\u0113ms stimul\u0113 dab\u012bg\u0101 kolag\u0113na sint\u0113zi un atjauno \u0101das \u0161\u016bnas. Lieto\u0161ana: nelielu kr\u0113ma daudzumu uzkl\u0101jiet uz att\u012br\u012btas sejas \u0101das un ar viegl\u0101m kust\u012bb\u0101m iemas\u0113jiet, l\u012bdz tas piln\u012bb\u0101 ies\u016bcas. BR\u012aDIN\u0100JUMI: 1. Ja, lietojot produktu, rodas izsitumi, piet\u016bkums, nieze vai [&#8230;]\n","protected":false},"featured_media":97748,"template":"","meta":[],"product_cat":[2182],"product_tag":[],"class_list":{"0":"post-56433","1":"product","2":"type-product","3":"status-publish","4":"has-post-thumbnail","6":"product_brand-replay_kr","7":"product_cat-bez-kategorijas-ru","9":"first","10":"outofstock","11":"taxable","12":"shipping-taxable","13":"product-type-simple"},"_links":{"self":[{"href":"https:\/\/e.kosmolat.eu\/lv\/wp-json\/wp\/v2\/product\/56433","targetHints":{"allow":["GET"]}}],"collection":[{"href":"https:\/\/e.kosmolat.eu\/lv\/wp-json\/wp\/v2\/product"}],"about":[{"href":"https:\/\/e.kosmolat.eu\/lv\/wp-json\/wp\/v2\/types\/product"}],"wp:featuredmedia":[{"embeddable":true,"href":"https:\/\/e.kosmolat.eu\/lv\/wp-json\/wp\/v2\/media\/97748"}],"wp:attachment":[{"href":"https:\/\/e.kosmolat.eu\/lv\/wp-json\/wp\/v2\/media?parent=56433"}],"wp:term":[{"taxonomy":"product_cat","embeddable":true,"href":"https:\/\/e.kosmolat.eu\/lv\/wp-json\/wp\/v2\/product_cat?post=56433"},{"taxonomy":"product_tag","embeddable":true,"href":"https:\/\/e.kosmolat.eu\/lv\/wp-json\/wp\/v2\/product_tag?post=56433"}],"curies":[{"name":"wp","href":"https:\/\/api.w.org\/{rel}","templated":true}]}}