{"id":56425,"date":"2024-10-04T04:04:57","date_gmt":"2024-10-04T04:04:57","guid":{"rendered":"https:\/\/e.kosmolat.eu\/product\/ekel-placenta-ampoule-intens-sejas-krems-100-g\/"},"modified":"2025-10-22T08:55:38","modified_gmt":"2025-10-22T08:55:38","slug":"i_ekel-placenta-ampoule-intens-sejas-krems-100-g","status":"publish","type":"product","link":"https:\/\/e.kosmolat.eu\/lv\/product\/i_ekel-placenta-ampoule-intens-sejas-krems-100-g\/","title":{"rendered":"I_EKEL Placenta Ampoule Intens. Sejas kr\u0113ms, 100 g"},"content":{"rendered":"<p>Kr\u0113ms ar placentas ekstraktu intens\u012bvi m\u012bkstina un mitrina \u0101du, samazina m\u012bmikas grumbas un pigment\u0101ciju. Placentas ekstrakts satur nukle\u012bnsk\u0101bes, olbaltumvielas un hormonus, kas pal\u0113nina noveco\u0161an\u0101s procesu un atgrie\u017e \u0101dai jaun\u012bbu. Turkl\u0101t tas pal\u012bdz aktiviz\u0113t vielmai\u0146as procesus un uzlabo \u0101das st\u0101vokli.<\/p>\n<p>Lieto\u0161ana: Izmantojiet k\u0101 p\u0113d\u0113jo soli \u0101das kop\u0161anas proces\u0101. Nelielu kr\u0113ma daudzumu uzkl\u0101jiet uz att\u012br\u012btas sejas \u0101das un ar viegl\u0101m kust\u012bb\u0101m vienm\u0113r\u012bgi sadaliet, l\u012bdz tas piln\u012bb\u0101 ies\u016bcas.<\/p>\n<p>BR\u012aDIN\u0100JUMI: 1. Ja, lietojot produktu, rodas izsitumi, piet\u016bkums, nieze vai citas nepat\u012bkamas saj\u016btas, nekav\u0113joties p\u0101rtrauciet lieto\u0161anu un konsult\u0113jieties ar dermatologu. 2. Nelietot uz boj\u0101tas vai kairin\u0101tas \u0101das.<\/p>\n<p>Piesardz\u012bbas pas\u0101kumi: Uzglab\u0101t b\u0113rniem nepieejam\u0101 viet\u0101. Sarg\u0101t no tie\u0161iem saules stariem.<\/p>\n<p>Uzglab\u0101t temperat\u016br\u0101 no +5 \u00b0C l\u012bdz +25 \u00b0C.<\/p>\n","protected":false},"excerpt":{"rendered":"<p>Kr\u0113ms ar placentas ekstraktu intens\u012bvi m\u012bkstina un mitrina \u0101du, samazina m\u012bmikas grumbas un pigment\u0101ciju. Placentas ekstrakts satur nukle\u012bnsk\u0101bes, olbaltumvielas un hormonus, kas pal\u0113nina noveco\u0161an\u0101s procesu un atgrie\u017e \u0101dai jaun\u012bbu. Turkl\u0101t tas pal\u012bdz aktiviz\u0113t vielmai\u0146as procesus un uzlabo \u0101das st\u0101vokli. Lieto\u0161ana: Izmantojiet k\u0101 p\u0113d\u0113jo soli \u0101das kop\u0161anas proces\u0101. Nelielu kr\u0113ma daudzumu uzkl\u0101jiet uz att\u012br\u012btas sejas \u0101das [&#8230;]\n","protected":false},"featured_media":97744,"template":"","meta":[],"product_cat":[1999],"product_tag":[],"class_list":{"0":"post-56425","1":"product","2":"type-product","3":"status-publish","4":"has-post-thumbnail","6":"product_brand-replay_kr","7":"product_cat-bez-kategorijas","9":"first","10":"outofstock","11":"taxable","12":"shipping-taxable","13":"product-type-simple"},"_links":{"self":[{"href":"https:\/\/e.kosmolat.eu\/lv\/wp-json\/wp\/v2\/product\/56425","targetHints":{"allow":["GET"]}}],"collection":[{"href":"https:\/\/e.kosmolat.eu\/lv\/wp-json\/wp\/v2\/product"}],"about":[{"href":"https:\/\/e.kosmolat.eu\/lv\/wp-json\/wp\/v2\/types\/product"}],"wp:featuredmedia":[{"embeddable":true,"href":"https:\/\/e.kosmolat.eu\/lv\/wp-json\/wp\/v2\/media\/97744"}],"wp:attachment":[{"href":"https:\/\/e.kosmolat.eu\/lv\/wp-json\/wp\/v2\/media?parent=56425"}],"wp:term":[{"taxonomy":"product_cat","embeddable":true,"href":"https:\/\/e.kosmolat.eu\/lv\/wp-json\/wp\/v2\/product_cat?post=56425"},{"taxonomy":"product_tag","embeddable":true,"href":"https:\/\/e.kosmolat.eu\/lv\/wp-json\/wp\/v2\/product_tag?post=56425"}],"curies":[{"name":"wp","href":"https:\/\/api.w.org\/{rel}","templated":true}]}}