{"id":56417,"date":"2024-10-04T04:02:29","date_gmt":"2024-10-04T04:02:29","guid":{"rendered":"https:\/\/e.kosmolat.eu\/product\/ekel-aloe-ampoule-intens-sejas-krems-100-g\/"},"modified":"2026-04-20T06:13:26","modified_gmt":"2026-04-20T06:13:26","slug":"ekel-aloe-ampoule-intens-sejas-krems-100-g","status":"publish","type":"product","link":"https:\/\/e.kosmolat.eu\/lv\/product\/ekel-aloe-ampoule-intens-sejas-krems-100-g\/","title":{"rendered":"EKEL Aloe Ampoule Intens. Sejas kr\u0113ms, 100 g"},"content":{"rendered":"<p>\u012apa\u0161i mitrino\u0161s kr\u0113ms satur v\u0113rt\u012bgas dab\u012bgas sast\u0101vda\u013cas, kas notur mitrumu \u0101d\u0101 un padara to mirdzo\u0161u uz ilgu laiku. Veido aizsargbarjeru un nomierina jut\u012bgu \u0101du, pasarg\u0101jot to no apk\u0101rt\u0113j\u0101s vides ietekmes. Uzlabo \u0101das reljefu, pal\u0113nina noveco\u0161an\u0101s procesus, izl\u012bdzina grumbas, efekt\u012bvi mitrina un aizsarg\u0101 \u0101du.<\/p>\n<p>Lieto\u0161ana: nelielu kr\u0113ma daudzumu uzkl\u0101jiet uz att\u012br\u012btas sejas \u0101das un ar viegl\u0101m kust\u012bb\u0101m vienm\u0113r\u012bgi sadaliet, l\u012bdz tas piln\u012bb\u0101 ies\u016bcas.<\/p>\n<p>BR\u012aDIN\u0100JUMI: 1. Ja, lietojot produktu, rodas izsitumi, piet\u016bkums, nieze vai citas nepat\u012bkamas saj\u016btas, nekav\u0113joties p\u0101rtrauciet lieto\u0161anu un konsult\u0113jieties ar dermatologu. 2. Nelietot uz boj\u0101tas vai kairin\u0101tas \u0101das.<\/p>\n<p>Piesardz\u012bbas pas\u0101kumi: Uzglab\u0101t b\u0113rniem nepieejam\u0101 viet\u0101. Sarg\u0101t no tie\u0161iem saules stariem.<\/p>\n<p>Uzglab\u0101t temperat\u016br\u0101 no +5 \u00b0C l\u012bdz +25 \u00b0C.<\/p>\n","protected":false},"excerpt":{"rendered":"<p>\u012apa\u0161i mitrino\u0161s kr\u0113ms satur v\u0113rt\u012bgas dab\u012bgas sast\u0101vda\u013cas, kas notur mitrumu \u0101d\u0101 un padara to mirdzo\u0161u uz ilgu laiku. Veido aizsargbarjeru un nomierina jut\u012bgu \u0101du, pasarg\u0101jot to no apk\u0101rt\u0113j\u0101s vides ietekmes. Uzlabo \u0101das reljefu, pal\u0113nina noveco\u0161an\u0101s procesus, izl\u012bdzina grumbas, efekt\u012bvi mitrina un aizsarg\u0101 \u0101du. Lieto\u0161ana: nelielu kr\u0113ma daudzumu uzkl\u0101jiet uz att\u012br\u012btas sejas \u0101das un ar viegl\u0101m [&#8230;]\n","protected":false},"featured_media":97740,"template":"","meta":[],"product_cat":[1320],"product_tag":[],"class_list":{"0":"post-56417","1":"product","2":"type-product","3":"status-publish","4":"has-post-thumbnail","6":"product_brand-replay_kr","7":"product_cat-sejas-kremi","9":"first","10":"outofstock","11":"taxable","12":"shipping-taxable","13":"product-type-simple"},"_links":{"self":[{"href":"https:\/\/e.kosmolat.eu\/lv\/wp-json\/wp\/v2\/product\/56417","targetHints":{"allow":["GET"]}}],"collection":[{"href":"https:\/\/e.kosmolat.eu\/lv\/wp-json\/wp\/v2\/product"}],"about":[{"href":"https:\/\/e.kosmolat.eu\/lv\/wp-json\/wp\/v2\/types\/product"}],"wp:featuredmedia":[{"embeddable":true,"href":"https:\/\/e.kosmolat.eu\/lv\/wp-json\/wp\/v2\/media\/97740"}],"wp:attachment":[{"href":"https:\/\/e.kosmolat.eu\/lv\/wp-json\/wp\/v2\/media?parent=56417"}],"wp:term":[{"taxonomy":"product_cat","embeddable":true,"href":"https:\/\/e.kosmolat.eu\/lv\/wp-json\/wp\/v2\/product_cat?post=56417"},{"taxonomy":"product_tag","embeddable":true,"href":"https:\/\/e.kosmolat.eu\/lv\/wp-json\/wp\/v2\/product_tag?post=56417"}],"curies":[{"name":"wp","href":"https:\/\/api.w.org\/{rel}","templated":true}]}}