{"id":56314,"date":"2024-09-28T04:04:10","date_gmt":"2024-09-28T04:04:10","guid":{"rendered":"https:\/\/e.kosmolat.eu\/product\/markell-active-program-aktiv-sejas-serums-tulit-liftings-14-ml-2ml-x-7-gab\/"},"modified":"2025-09-19T18:00:52","modified_gmt":"2025-09-19T18:00:52","slug":"markell-active-program-aktiv-sejas-serums-tulit-liftings-14-ml-2ml-x-7-gab","status":"publish","type":"product","link":"https:\/\/e.kosmolat.eu\/lv\/product\/markell-active-program-aktiv-sejas-serums-tulit-liftings-14-ml-2ml-x-7-gab\/","title":{"rendered":"MARKELL Active Program Akt\u012bv. sejas serums Tul\u012bt. liftings, 14 ml (2ml x 7 gab)"},"content":{"rendered":"<p>Sabalans\u0113ts seruma sast\u0101vs ar augstu akt\u012bvo sast\u0101vda\u013cu koncentr\u0101ciju nodro\u0161ina \u0101das liftinga efektu uzreiz p\u0113c lieto\u0161anas, savelk sejas ov\u0101lu, samazina grumbas un padara sejas kont\u016bras izteikt\u0101kas.<\/p>\n<p>Lieto\u0161ana: serumu var lietot gan k\u0101 patst\u0101v\u012bgu l\u012bdzekli, gan kombin\u0101cij\u0101 ar kr\u0113miem. Nav nepiecie\u0161ams noskalot. Uzkl\u0101t serumu 2 reizes dien\u0101 (no r\u012bta un vakar\u0101) uz t\u012bras sejas \u0101das, veicot vieglas mas\u0101\u017eas kust\u012bbas. Viena ampula paredz\u0113ta vair\u0101k\u0101m lieto\u0161anas reiz\u0113m. L\u012bdzek\u013ca atlikumus var uzglab\u0101t ledusskap\u012b l\u012bdz 3 dien\u0101m. Iesp\u0113jami nelieli apdu\u013c\u0137ojumi vai nogul\u0161\u0146u veido\u0161an\u0101s. Atkar\u012bb\u0101 no \u0101das st\u0101vok\u013ca kursa ilgums var b\u016bt 1-2 m\u0113ne\u0161i. Kursu ieteicams atk\u0101rtot 2-3 reizes gad\u0101.<\/p>\n<p>Uzglab\u0101t temperat\u016br\u0101 no +5 \u00b0\u0421 l\u012bdz +25 \u00b0\u0421.<\/p>\n<p>Der\u012bguma termi\u0146\u0161: 36 m\u0113ne\u0161i.<\/p>\n","protected":false},"excerpt":{"rendered":"<p>Sabalans\u0113ts seruma sast\u0101vs ar augstu akt\u012bvo sast\u0101vda\u013cu koncentr\u0101ciju nodro\u0161ina \u0101das liftinga efektu uzreiz p\u0113c lieto\u0161anas, savelk sejas ov\u0101lu, samazina grumbas un padara sejas kont\u016bras izteikt\u0101kas. Lieto\u0161ana: serumu var lietot gan k\u0101 patst\u0101v\u012bgu l\u012bdzekli, gan kombin\u0101cij\u0101 ar kr\u0113miem. Nav nepiecie\u0161ams noskalot. Uzkl\u0101t serumu 2 reizes dien\u0101 (no r\u012bta un vakar\u0101) uz t\u012bras sejas \u0101das, veicot vieglas [&#8230;]\n","protected":false},"featured_media":81354,"template":"","meta":[],"product_cat":[1328],"product_tag":[],"class_list":{"0":"post-56314","1":"product","2":"type-product","3":"status-publish","4":"has-post-thumbnail","6":"product_brand-markell_by","7":"product_cat-1328","9":"first","10":"outofstock","11":"taxable","12":"shipping-taxable","13":"product-type-simple"},"_links":{"self":[{"href":"https:\/\/e.kosmolat.eu\/lv\/wp-json\/wp\/v2\/product\/56314","targetHints":{"allow":["GET"]}}],"collection":[{"href":"https:\/\/e.kosmolat.eu\/lv\/wp-json\/wp\/v2\/product"}],"about":[{"href":"https:\/\/e.kosmolat.eu\/lv\/wp-json\/wp\/v2\/types\/product"}],"wp:featuredmedia":[{"embeddable":true,"href":"https:\/\/e.kosmolat.eu\/lv\/wp-json\/wp\/v2\/media\/81354"}],"wp:attachment":[{"href":"https:\/\/e.kosmolat.eu\/lv\/wp-json\/wp\/v2\/media?parent=56314"}],"wp:term":[{"taxonomy":"product_cat","embeddable":true,"href":"https:\/\/e.kosmolat.eu\/lv\/wp-json\/wp\/v2\/product_cat?post=56314"},{"taxonomy":"product_tag","embeddable":true,"href":"https:\/\/e.kosmolat.eu\/lv\/wp-json\/wp\/v2\/product_tag?post=56314"}],"curies":[{"name":"wp","href":"https:\/\/api.w.org\/{rel}","templated":true}]}}