{"id":56104,"date":"2024-09-19T04:03:38","date_gmt":"2024-09-19T04:03:38","guid":{"rendered":"https:\/\/e.kosmolat.eu\/product\/soft-skidrs-lidz-melnu-tumsu-un-dzinsa-audumu-mazgasanai-1-5-l\/"},"modified":"2025-07-08T13:38:01","modified_gmt":"2025-07-08T13:38:01","slug":"soft-skidrs-lidz-melnu-tumsu-un-dzinsa-audumu-mazgasanai-1-5-l","status":"publish","type":"product","link":"https:\/\/e.kosmolat.eu\/lv\/product\/soft-skidrs-lidz-melnu-tumsu-un-dzinsa-audumu-mazgasanai-1-5-l\/","title":{"rendered":"SOFT \u0160\u0137idrs l\u012bdz. melnu, tum\u0161u un d\u017einsa audumu mazg\u0101\u0161anai, 1.5 l"},"content":{"rendered":"<p>Piem\u0113rots da\u017e\u0101da veida melniem, tum&scaron;iem un d\u017einsa audumiem no dab\u012bg\u0101m, sint\u0113tisk\u0101m un jaukt\u0101m &scaron;\u0137iedr\u0101m. \u013bauj saudz\u012bgi un efekt\u012bvi not\u012br\u012bt m\u012b\u013c\u0101k\u0101s dr\u0113bes.<br \/>\nProdukta &scaron;\u0137idr\u0101 strukt\u016bra \u013cauj:<br \/>\n&ndash; Mazg\u0101t zem\u0101 temperat\u016br\u0101;<br \/>\n&ndash; No\u0146emt vieglus traipus;<br \/>\n&ndash; Lietot mazg\u0101&scaron;anai ar rok\u0101m vai ve\u013cas ma&scaron;\u012bn\u0101s<\/p>\n<p>&Scaron;\u0137idr\u0101 ve\u013cas mazg\u0101&scaron;anas l\u012bdzek\u013ca formula iek\u013cauj:<br \/>\n&ndash; Aktiv\u0113t\u0101js, kas uzlabo mazg\u0101&scaron;anas kvalit\u0101ti un pal\u012bdz no\u0146emt traipus;<br \/>\n&ndash; Z\u012bda prote\u012bni, kas nodro&scaron;ina audumu maigumu;<br \/>\n&ndash; Kr\u0101su p\u0101rneses inhibitors, kas nov\u0113r&scaron; izb\u0101l\u0113&scaron;anu;<br \/>\n&ndash; Nesatur fosf\u0101tus.<\/p>\n<p><strong>Lieto&scaron;ana:&nbsp;<\/strong>Mazg\u0101jot ve\u013cas ma&scaron;\u012bn\u0101 (2,5 &ndash; 3 kg, 30 &ndash; 40 &deg;C):<br \/>\nm\u012bksta \u016bdens gad\u012bjum\u0101 pievienot 80 ml, vid\u0113ji cieta \u016bdens gad\u012bjum\u0101 &ndash; 80 ml, cieta \u016bdens gad\u012bjum\u0101 &ndash; 90 ml l\u012bdzek\u013ca.<br \/>\nMazg\u0101jot ar rok\u0101m (5 l \u016bdens, 30 &ndash; 40 &deg;C): m\u012bksta \u016bdens gad\u012bjum\u0101 pievienot 50 ml, vid\u0113ji cieta \u016bdens gad\u012bjum\u0101 &ndash; 50 ml, cieta \u016bdens gad\u012bjum\u0101 &ndash; 60 ml l\u012bdzek\u013ca.<br \/>\nM\u0113rc\u0113jot ve\u013cu (5 l \u016bdens, 20 &ndash; 40 &deg;C): m\u012bksta \u016bdens gad\u012bjum\u0101 pievienot 45 ml, vid\u0113ji cieta \u016bdens gad\u012bjum\u0101 &ndash; 45 ml, cieta \u016bdens gad\u012bjum\u0101 &ndash; 50 ml l\u012bdzek\u013ca.<br \/>\nStipru net\u012brumu gad\u012bjum\u0101 pievienot v\u0113l &frac12; no nor\u0101d\u012bt\u0101s devas. Nav ieteicams m\u0113rc\u0113t stipri kr\u0101sojo&scaron;us audumus. Lai no\u0146emtu vieglus traipus, uzkl\u0101jiet nelielu daudzumu tie&scaron;i uz traipa pirms mazg\u0101&scaron;anas un \u013caujiet iedarboties 1,5 &ndash; 2 stundas.<\/p>\n<p><strong>Piesardz\u012bbas pas\u0101kumi:&nbsp;<\/strong>lieto&scaron;anas laik\u0101 iev\u0113rojiet ap\u0123\u0113rba ra\u017eot\u0101ja nor\u0101d\u012bjumus un l\u012bdzek\u013ca lieto&scaron;anas ieteikumus. Lietot, k\u0101 nor\u0101d\u012bts.<\/p>\n<p><strong>Sast<\/strong><strong>\u0101v\u0101:<\/strong> 5 % un vair\u0101k, bet maz\u0101k nek\u0101 15 % &nbsp;anjonu virsmakt\u012bvaj\u0101s viel\u0101s,&nbsp; maz\u0101k par 5 % nejonu virsmakt\u012bvaj\u0101s viel\u0101s, maz\u0101k par 5 % ziep\u0435s, maz\u0101k par 5 % fosfon\u0101ti, maz\u0101k par 5 % EDTA un t\u0101s s\u0101\u013ci. Fermenti. Smar\u017eas un arom\u0101tisk\u0101s kompoz\u012bcijas. Konservanti\/ Benzisothiazolinone, Methylisothiazolinone. Kr\u0101svielas: 42090, CI 45100.<\/p>\n<p>&nbsp;<\/p>\n<p><img decoding=\"async\" alt=\"\" src=\"data:image\/png;base64,iVBORw0KGgoAAAANSUhEUgAAAD0AAAA6CAYAAAF0YGHHAAAAAXNSR0IArs4c6QAAAARnQU1BAACxjwv8YQUAAAAJcEhZcwAAFxEAABcRAcom8z8AAA+BSURBVFhH3ZkJcJTVHcCZFjoda0dH2zo9ZEZQqMYKckhCjs29m2Szm4tcmywEkkAuwg2RyDWgCIicQgVRUDkGoUUkFdQEqJbIIZUICKjhDkj2Pr5vvz3+ff\/\/vs1BDpKQIPU3s7O737u\/9\/7n69Up9CFDAHG886Yff9SIbthAKvThmD11AS9iLYc+xR97qayspG\/n6LQaqmBf\/gosWrSIPshbb71F3yAfCVQBMarCvQ85juiRLl7UiH74X6lQSAg\/yR+1xDE2dSH\/2QWwe\/3wpxsn5uPazIl9aXCOfujAxkpC4eg8fFhbW0uFSEFBAZiSFd5KQlSgu+k7yMnJgYULF4Lz9KnGXkRleDWVcoT1q1rOwzYqdjIWGn1dt4axILMf\/9kx9LKhoPd\/FgwAD\/NHd4bNojc2uh394CdBXLwoiVdriVSYE6TnZ2rDhg0QFRUFubm5UFxcDMOHD6dXhxjChoOrZNwHvBlbfFbiO4ZIfypEPv\/8c1Cr1fyfl5dffhmeeOIJ6tCHddYkEGaUbObdsEOiCLphKR7Hi9vGsW8PeKIC2n7TYkLUJgOXnaZYphaCoA4382p3xpieqNAN7g+GCH8QUpW7+ePO4cjVVPKfnUNKirxizs8CiA1pe62tIcpDHLalC2jNrrOnAdp7WU2BmGAQP9xFDX249Tpwhg9vvwOICQLnyWO8yW1IEtjYUeZVmwORI8D9400wGo2wbt06iIuLozbp6ekQFhYGWq2W\/ptu78DBpgQuF7jdbrhx4wbY7Xaq6EOlUsGSJUvg8OHD9N\/g68DMzm9TPvroI\/6rkQEDBkBRURF9fBh9HeiDB8PXZ840qE\/8oNrwIZfL4bvvvoPZs2fTf1SQ1vLJg6gxog8dRgV3QufvB6bNmx\/lzRpBEWwPfdDg9rfLHP4Cr9oc1Di8SvsIEawDl5M38yoFXtQxPFH+4NbVg4XNhD\/qHHhw+M\/uxa4Kr6EXHB+GK\/sVf9yz2JUyE1p765wZ9D6dR4\/QuQFFIHiqKv7Cq3UvrvhQ0I98Duwb19Kgt+O6comZjf7giRgB9uWLgnmzrmMoLX0Y5IGgH+EHjoOf8mHaxyPYAc2SyIRGWvhSIe+q4+jLpj2HClD\/\/FO0ojNMdE+dOkViO3bsWJg+fTq8++67pH3QdO3btw\/mzZsHZWVl8MYbb8AHH3xAE0GjamXyIU4r\/jvvum3EPI3KxY44Gg+PyUgdICaTCd5\/\/33+r22wHhIeHg47d+6EmTNn0n+jPAgMoUPBma85yIdqxJqdMMfO1KI+4G9UuSmoSw8cOECdKZVK\/rR19Ho9nD59GvLz8xvUZ1NMYzNIU0iaxMt8aLQAbF+Z3rG\/\/XeqtH79epTPhk9oaCj4+\/s3e9aUxMRE0tezZs2i\/1lZzPC1gutiLbl5wDwO1kdzhOhgmw7FaPYUXr3zeDwe\/qsR6RgXR+Yd3ygre4wP1zpSbOgFAzut5jGjePOuIW7dDPrAQWT+Pfv3\/4Z33zHsqsgKE9NiBiZuncE6bxagIrJE+ou8q67jTFa8bGUKHn339jDnadipZvKtll3iTbsPU2qcVmIaTD9kAHgcIh+SiRJ7rUb2hsSUmCO8as9xKzt9GET7MyXiB1Y2qDU1biUvujdcnVX0qLNphHgvsJTP8IPoADDLhoA4vfgN\/rhnMRfkyDzMOdCPeAaMqggwMXUpTczbxYt7BkNOSoqTaSQylxaz94ApgsDITrUzP\/swr9a9SOO14x0oXkOeRLVFg\/owJimYjh4GrnHp3oC\/u5CyksrRyBjIyLRUlQjKMxmIrPgrvNndIWaqVlvRsjFv5U5YSsfT4GJyvIk37xpCVsJOU9gwFvy17iy3hnXuLNAFPw\/2ZLmTd9M5xGT5ITw0xmQ577Lj2NetIBPsUUe2NI3tYUuIOo0urylDRR0dOnQItm3bRrYYA7EXX3yRXCWNRgPnzp2DpUuXkkeCLtT+\/fvh+o+3QHz3La+18rrNfXjXbSMlyy\/jPpnHZ9OgSEZGBmzcuJFyDfHx8RTEoQ+G4dSYMWMoOvTz8wOFQkHOAkaNiFSxh\/wziJPBrbNnf8uHaIkUG1JPfvZL06mhj8jISHA4HPxf63zxxRcslJVo9RhtfvbZZyCKIjiPVYP+BWbhmLzbduz4Mx+qEUdcoKAPeR6si+fxrpiImL1KIi0tjb5v3bpF361RXV0NqampUFNTAxUVFbQVPpw1\/2XuMfNMmIfr2L7lWT4kO0hKmac1537Tpk3k4vbt2xciIiLuuOry8nLyWPFV19fX86de3JdqQTfkKQAmIZYNKx7rheGKnh1\/qeoAr9KcBx98kL7b80AxmMdzkJ2dDQMHDiRHsrCwEH744Qdew4uHbYF+JFNCylDoZUuRLyVPg0UWPthLaPg89NBDNGjv3r0bnslkMl6Tya3VCpmZmbBgwQI64a+\/\/jqcOHGClzbHnJ9N8a41K2kV64eZueTYyRgQU\/bMKTVLDLT22bp1K+\/KC+79448\/Ti7wpUuXYM+ePZCXlwdXrlzhNZjPnRLjzbwlRFTToD4sqXEaCc0d7sMd9rI9MI9yO8aYYPLLxKSY\/\/DhmuPUKCPcLMzRP\/8kuOt\/5M3uDgPz1TArIKXF7eDDtI4xO9nrUw0dAK7vz\/PmXQOVh4W9XntqfMf8spt52v4gZ1Eliwqc33zNu+kE7HXjebEyA2ManbKYd9sxrpeU\/B4UI0HH\/Grp397Mfodg2gonLLHDKoxNn8C76xzX5s59AIM9HXMAxF3beM9t4zHoyC1ysn01TdCqeDddYy7ALyjSZJZGYBanLdyXL5JEYOLSMikvkje\/e8SoILcueDDYlr\/Ch2rEdfZMQ5ToKSt5hjfpPsSYACtZLxak+XB++QXQVRDzs+vnzuiZTBHCrFgd2mvL9BKQKg+QyGAWjxR\/TyMpZef0TD7RvYG4ELh2\/PgDvKjncarDjrBXf\/fx8L1CmDurnys99giw0+9WhoFjZulSdlR+wYt\/XhiLxg5zJkWdQwHAzDrGfagezCzuQ39QmJj\/3lmPp22f8P8J67RChUMVXkcBLlss5hctUwvAY7OC8\/NDZDxRMI24+BjmjxZoD1iPHfojb\/7\/hSknQyuqZVYJIz+m9tBe2uaXgYeZsdtxHq8GY2I0qUJMkEL0SHDmaY6L+3YP4N3d30iZiZNFeYgbHUkd03Lo1WBA1\/SWpS1cP3zHYjc1+eJ4z4W5UWdO6nlp4\/phvPv7BzThzjGpr+DxxFSYjskqpsWE9zbx5XQOd911iiHxdKB9crPTImWq64TXl8n5kD8d1z788AEpPX4T2iy8eNQx5YQyKu77J5\/+3eEx6MFaPo1u91FEJOZOSqkKs3XJAi2fwr3DvGPH7x2j5BXo\/2DuWcd8IbywkJhs9ghOJ9gWzydRwahTYHLPlKNLnDNzOp9Sz3Fz2rT+4ihlNZodjJHQ8cOkjetMDZ9dSzB7cPbsWbpmwiunN998E44cOUJleNEyadIkWLx4MWzZsgV27dpFZbW1ta3GZoiwYS0YmLbXBz5HN+ygjgDr9ImvVQH05tPsHmyT8odJCREXaLFsIIz3zOO14LrYGJPX1JyC4OBgWLFiBaxdu5ai3KqqKlqwxWKhaBYXc\/78eZgwYQK89tprUFxcDGvWrKGExMWLFyn6vXDhAtW9evUqHDx4EPbu3QvLli2DlJQUuH79Oh+Nxbof7gLDSKY7WBxixsUrQ0GanL\/lJsCDfNpdQyjOiZSYjXVzG4uLtZTmNbvHawpmxfr06QODBg2iNA1mTJYvX04Tx8XgdVpbO2iz2eDmzZvw1Vdf0Ut49dVX6UIyKioKHnnkESgtLeU1vVhZfexJ+vRfpEd0THFightig8FVoN0H3377O76MjmEfnaIRVTKbxCJuTFziMbaSjRW8I7bCsWPHKIGyefNm\/qTr4CnAzF5RURH9x\/SUWq2m3c\/NzaWb2JKSEirz4Tz+JRjVkUzj\/9Vr65m+ceVqvhQqKvp7V9UGNm3yZCE6qLmNXb+SqdGWuyMIAuU9v\/7aG9zjsZ04cSLlwD755BMq+\/jjj6mssziZ4lq9ejWlOFetWkW\/AwMDKbMYHR1Nz9qCbH26iq6z8HSSrR+TfM62dXNzW28bk7bMZ2MxbMJcmbBlI++mbb7\/\/nvo168fXT3jkUQZ1Wq1lEJDWe0qR48epR3FXN727dtJueFxx4zY5cuXea32cV+\/CuaCMeyUPk1KF5iIOibmrfEuOE35Drp9ZmYDMd1qiAoAce8\/eNNGvvnmG8rvoaJauXIlfXxKC3OAeE2OVFZW0k40rYcfVEa7d++mOrfjcrmoHaZocSdRm2OiGjPqqO0x3YtKEMGMKmp9zLRj0rM9PPW3wDKlkC5A0I\/AjJ+Ym7maFo6YkxRzREWQx45JUNztF54G+5rlvDnAunXrGhKfXf3gEW0NvDE\/efIkjBo1CgICAih7P3r0aDrOPo1dV1fXkGrGZCvuOCq\/1nAzq2LK5O4s7nKUP5gToi5Zpk74A5tHS4T0uDwxNkBwYPTDdh41tnXRS7gdvMueBReGooFKbM6cOTB\/\/nyyAlOmTCEN\/vbbb9MVBppBfFlNcZ44CsYkObmveB2NkZ2YIq82l894mi+vfUSNSuWICap3oblidhDfmmVGCbjZkbnfkA59Cga8JvV\/hjxEiAkGS1L0Hturc\/\/El9M57JrkYClWdpnywGirmUY3jcsA9806PuRPh+Ojf4IBRTHgWe9iFUEgZKp2MK+oe7wzvTb5OVuc7DR5Zajl2c4b0+LBdf5bPoV7h7CRuaLME0NXFHWQgylimyZhGSv6JZ9u93ItP7uvoAw\/hEl4lBtUeMb4MJD+c9g7ox7Cw2TdtnQhnTQdi7hEtlh3nAxEbUopn1rPU1ta+rCgjtzpi7Tw2gv9ckflfj7N7sHDFBZelaJOwfBSZLG1XSGzWcdn5\/Gp3Huqqub2FpPlq\/Gyke78mHzRfcD2LXzaXcN9ow7ME7QNiQRMbotxsutCyTgFH\/r+QEyJLWcav4mtfwbsa5mtv820tIfrUi2YspLIVJIbyRYrJUbUGnIzB\/Nh7k+EVOV4ITrY4bX1Q0A3+EmwLVnQ7t2n878nvDYWY3QmLh7W1pmk+NJcNrX7L2l6EnOGOtkWG2IiWx\/C4vChT4H1xcngsVr4UpmNPVzpTQOP4DaWhYa2JPley6Kynr+n6UnMGQkyR1zgFY\/P1uMCc9LAGBtKOW+vjQ0EQaPeVlVb+2ve7OeBRZvuZ1eG1njTTUwLM9m3R4\/0OLKT8GqnD6\/28+RqUfajYrqy0jo6ZQZ\/dA\/p1et\/E8GyXiEuhVQAAAAASUVORK5CYII=\" \/><strong>GHS05 B\u012bstami<\/strong><\/p>\n<p><strong>H318<\/strong> Izraisa nopietnus acu boj\u0101jumus.<\/p>\n<p><strong>H315<\/strong> Kairina \u0101du<\/p>\n<p><strong>EUH208<\/strong> Satur: 1,2-benzizotiazol-3(2H)-ons un 2-metil-2H- izotiazol-3-ons. Var izrais\u012bt aler\u0123isku reakciju.&nbsp;&nbsp;&nbsp;&nbsp;&nbsp;<\/p>\n<p>Dro&scaron;\u012bbas pras\u012bbu apz\u012bm\u0113jumi:<\/p>\n<p>P102 Sarg\u0101t no b\u0113rniem.<\/p>\n<p>P264 P\u0113c izmanto&scaron;anas rokas k\u0101rt\u012bgi nomazg\u0101t.<\/p>\n<p>P280 Izmantot aizsargcimdus\/acu aizsargus\/sejas aizsargus.<\/p>\n<p>P305+P351+P338 SASKAR\u0112 AR AC\u012aM: Uzman\u012bgi izskalot ar \u016bdeni vair\u0101kas min\u016btes. Iz\u0146emt kontaktl\u0113cas, ja t\u0101s ir ievietotas un ja to var vienk\u0101r&scaron;i izdar\u012bt. Turpin\u0101t skalot.<\/p>\n<p>P310 Nekav\u0113joties sazinieties ar SAIND\u0112&Scaron;AN\u0100S INFORM\u0100CIJAS CENTRU vai \u0101rstu.<\/p>\n<p>P302+P352 SASKAR\u0112 AR \u0100DU: nomazg\u0101t ar lielu ziepju un \u016bdens daudzumu.&nbsp;&nbsp;<\/p>\n<p>P332+P313 Ja rodas \u0101das iekaisums: l\u016bdziet medi\u0137u pal\u012bdz\u012bbu.<\/p>\n<p>P321 \u012apa&scaron;a medic\u012bnisk\u0101 pal\u012bdz\u012bba (skat. uz &scaron;\u012bs eti\u0137etes).<\/p>\n<p>P362+P364 Novilkt pies\u0101r\u0146oto ap\u0123\u0113rbu un pirms atk\u0101rtotas lieto&scaron;anas izmazg\u0101t.<\/p>\n","protected":false},"excerpt":{"rendered":"<p>Piem\u0113rots da\u017e\u0101da veida melniem, tum&scaron;iem un d\u017einsa audumiem no dab\u012bg\u0101m, sint\u0113tisk\u0101m un jaukt\u0101m &scaron;\u0137iedr\u0101m. \u013bauj saudz\u012bgi un efekt\u012bvi not\u012br\u012bt m\u012b\u013c\u0101k\u0101s dr\u0113bes. Produkta &scaron;\u0137idr\u0101 strukt\u016bra \u013cauj: &ndash; Mazg\u0101t zem\u0101 temperat\u016br\u0101; &ndash; No\u0146emt vieglus traipus; &ndash; Lietot mazg\u0101&scaron;anai ar rok\u0101m vai ve\u013cas ma&scaron;\u012bn\u0101s &Scaron;\u0137idr\u0101 ve\u013cas mazg\u0101&scaron;anas l\u012bdzek\u013ca formula iek\u013cauj: &ndash; Aktiv\u0113t\u0101js, kas uzlabo mazg\u0101&scaron;anas kvalit\u0101ti un pal\u012bdz [&#8230;]\n","protected":false},"featured_media":56108,"template":"","meta":[],"product_cat":[1481],"product_tag":[],"class_list":{"0":"post-56104","1":"product","2":"type-product","3":"status-publish","4":"has-post-thumbnail","6":"product_brand-aqua-cosmetics_ua","7":"product_cat-velas-mazgasanas-lidzekli","9":"first","10":"outofstock","11":"taxable","12":"shipping-taxable","13":"product-type-simple"},"_links":{"self":[{"href":"https:\/\/e.kosmolat.eu\/lv\/wp-json\/wp\/v2\/product\/56104","targetHints":{"allow":["GET"]}}],"collection":[{"href":"https:\/\/e.kosmolat.eu\/lv\/wp-json\/wp\/v2\/product"}],"about":[{"href":"https:\/\/e.kosmolat.eu\/lv\/wp-json\/wp\/v2\/types\/product"}],"wp:featuredmedia":[{"embeddable":true,"href":"https:\/\/e.kosmolat.eu\/lv\/wp-json\/wp\/v2\/media\/56108"}],"wp:attachment":[{"href":"https:\/\/e.kosmolat.eu\/lv\/wp-json\/wp\/v2\/media?parent=56104"}],"wp:term":[{"taxonomy":"product_cat","embeddable":true,"href":"https:\/\/e.kosmolat.eu\/lv\/wp-json\/wp\/v2\/product_cat?post=56104"},{"taxonomy":"product_tag","embeddable":true,"href":"https:\/\/e.kosmolat.eu\/lv\/wp-json\/wp\/v2\/product_tag?post=56104"}],"curies":[{"name":"wp","href":"https:\/\/api.w.org\/{rel}","templated":true}]}}