{"id":56088,"date":"2024-09-19T04:02:26","date_gmt":"2024-09-19T04:02:26","guid":{"rendered":"https:\/\/e.kosmolat.eu\/product\/blyskavka-anti-moth-piekarins-kozu-atbaidis-ar-lavandas-aromatu-2-gab\/"},"modified":"2026-04-23T14:12:54","modified_gmt":"2026-04-23T14:12:54","slug":"blyskavka-anti-moth-piekarins-kozu-atbaidis-ar-lavandas-aromatu-2-gab","status":"publish","type":"product","link":"https:\/\/e.kosmolat.eu\/lv\/product\/blyskavka-anti-moth-piekarins-kozu-atbaidis-ar-lavandas-aromatu-2-gab\/","title":{"rendered":"Blyskavka Anti Moth Piekari\u0146\u0161 ko\u017eu atbaid\u012bs. ar lavandas arom\u0101tu, 2 gab."},"content":{"rendered":"<p><strong>Lieto&scaron;ana:<\/strong> iz\u0146emiet piekari\u0146u no iepakojuma un novietojiet to uz stie\u0146a skap\u012b starp dr\u0113b\u0113m vai \u0123\u0113rbtuv\u0113. Var izmantot ar\u012b atvilktn\u0113s un uz plauktiem. L\u012bdzekli ieteicams lietot skapjos l\u012bdz 1,5 m&sup3;. Liel\u0101kos skapjos un \u0123\u0113rbtuv\u0113s efekta saglab\u0101&scaron;anai ir nepiecie&scaron;ams izmantot vair\u0101kus piekari\u0146us.<\/p>\n<p><strong>Piesardz\u012bbas pas\u0101kumi:&nbsp;<\/strong>nelietot gr\u016btniec\u0113m un z\u012bd\u012b&scaron;anas period\u0101 eso&scaron;\u0101m sieviet\u0113m, k\u0101 ar\u012b cilv\u0113kiem ar \u0101das slim\u012bb\u0101m un p\u0101rm\u0113r\u012bgu jut\u012bbu pret arom\u0101tiem.<\/p>\n<p><strong>Uzglab\u0101&scaron;anas noteikumi:<\/strong>&nbsp;uzglab\u0101t temperat\u016br\u0101 no 0 &deg;\u0421 l\u012bdz +30 &deg;\u0421 saus\u0101 viet\u0101, vismaz 1 m no apkures ier\u012bc\u0113m, sarg\u0101jot no tie&scaron;iem saules stariem. Glab\u0101t b\u0113rniem un m\u0101jdz\u012bvniekiem nepieejam\u0101 viet\u0101.<\/p>\n<p><strong>Der\u012bguma termi\u0146&scaron;:<\/strong> 5 gadi no izgatavo&scaron;anas datuma.<\/p>\n<p><strong>Sast\u0101v\u0101 (INCI):<\/strong> Lavandula Angustifolia Oil.<\/p>\n<p>&nbsp;<\/p>\n<p><img decoding=\"async\" alt=\"\" src=\"data:image\/png;base64,iVBORw0KGgoAAAANSUhEUgAAAD4AAABACAYAAAE17vRjAAAAAXNSR0IArs4c6QAAAARnQU1BAACxjwv8YQUAAAAJcEhZcwAAFxEAABcRAcom8z8AABNPSURBVGhDzVsJeFRVsm71AbImZCP7AtkDYd8GUJBFIoiggiv6yaAQnuKCgwziDIyA23vD4owKCjozMghPEJ7IE2QRQXCegKzdfbuTztbpTqez7+l0p15V3Xt776Qbgt\/7+Zp77znnnjpVp6pO1Tk3CnCDVbrKcGmgGZMBZRtWg7W9XSpxaqAZmcrXjz\/5BEpfXgI2m9iIGwhDEvmB0K1XT74WPPkA2LAnha2hngtknD5zhq\/tWKlK7C\/2YKup5kLCHT178FVIi+SrfQytujzpDiuzE6Q7Ny4aL57FwaZITyJcGljMZdKdAy4NCKqUUOlOhEuD9Rs3IP820I7NkEqkBtY6kYuI2Bi+Eot5M8bzvUIzLotvCOFRImuEmv3\/5KuCBKodJY48eEA4X5uKdCDPBpOgLtWDRd4t+kK+yrAPkhq5y4DgwaYztOMyQTUoTHryDq8daEelQrulVXoCMK5bCcLwZPu4neEYIv5UwwaiHB06GZ0YD\/2jIqQngJLFj0H+lFHSkwiWkiojBtoMJWKJE7r16QnTZs6QniTgC7oHpkDBQ2I5j8BWXwfqEZ4C8oaG8+dAnewYlYsMLOUmUGfF23k996+f7KZhqS7HqYrzkINXITbrBBDSo\/jeVl8L6qEJXgVI8NqBjNpv9oFNuvcFnx1YcTbqzxyTnrzD+8s41vxpY3neLSVF\/g\/d1m6DvHvGQkHOBH5WZydCGwrVGzxeLnriAdDQNKK+y9CMSuPpdYf9ZaJYkvsUurs0NpSamhpY9OyzUi12MCIZrDWV0pMI+8tlq5aDkBnLno3wwEMPQlRiHJw4eZKfSfLCaNR9axs\/ExRExfSf60FIHuAimE927oAY1Hmr1dUva0YlI0viJCrMO\/4CqrQojzk1GowwIC5aenKACGhGi85aoZ08AoqfWcB8uiMo3NXFEagVaV6LPh8dNw5BGJmM7t4hHF+gF5UDw6Hhf0XnzgJjNzQ8Bco2vm6foQMHD7Kdy7DhP2V8ENQdPWSXjV3aVmRajbZeufVdqQRg49tv8ZWHmhEN1Z9\/ws8yXJSERiCg8Kr+vt0uA5o6FS4t5Zvf8pCLy8sEkUoU1KBVUVsNuizThj+IlW7weFmGMiEE8u4eAYY3VuC0ulKU4fNlal60YJb44AM+X\/YFeRTCxCHoddCZVpSLCuYmD3\/gN3GiSd3nTx2LxpcOhQ\/nQOVn29BHJoI6KRRayW8EOIBOicuc6nImgoCuIW9iNpZZ2QvIMK1dyauBgM7a6sV1+ILvOZOYKH7mYVwd00A9Oq1T0RpWv4gDTAE1api1toal1RE8iMuiK12xFN3wQFZV4tFZpFOnT2Pri0lMgL6h\/eHYyeNcL7szfe5CNPlBKKVh6ERr7BbpDjtxWYjGN1eh4xgIytRIsDW6Bnwy3li3FqIS4tjl9Q4JgsJC1\/BFRuGiBRxT5E0fh1OFftRNcgq5wPyX93DOYjFYGwCWMr0Lp+44ceIEezziPihM9Hze2suSKECTo6nT3X8PP8ttFeWbNoIqMwZUyGmbycCF\/kChUEBYdCSsW\/+mVNI5dPfdBZoJQ0B3zxh+VlDUaWtqBM24DFwlUkC\/9Emu6Ihzwsu\/W8EDKDN5xr52YB\/US\/2PJ0FAx6pO6A+N1y7adUCcc3yiZm211bzWk7IY16N750rvmL9gPvTo28e+RrqDTLFJeRmuxwWDOnUA1P5wVKxw6tRD2ylJITMRhiaxtpdtXCPVOHDp8mW4rWd3CImMgNQsR6wuo9VsBFVyGIeTNV\/u8slEh3ZuwaREhaMmnaj4cFOHkiBO24yloMQwm6ylcscHUo1v+CQugyTRgmkCDYLCzeovP5dqHLAY9JikJWB9PJS\/\/UfJL4h1HaFT4jKorxbhGs+fgL+6o4dZUdWjBnGEZlq\/xu4r\/IXfxBk4AnKZ9ee+B2ViMCpmKpT+7nmpzg9W3RAY8S5GwMTZh+O1cs8ODD1pdQucYxkBESfCRKru1FFWwOKnH+TyGx2A\/8TthI9x1kpbEDTn+lzJI\/L\/gcFv4iTq+nOnMOINxdQQo97vDmHUn4ouOQP0K3LFRgGiU+LEL3HVqEYzGxgB6sxoqDt0gMvopx6WwGtC6UtLqHlA6JC4SBbtW30dhKxYUKMjqd3\/hVSK0sBFqb2lBePkWHbFRgxAGH7qQCfEkbDqGvroaBCyk6Dqq91ihRNoANbqKvbl1Mb0lvcA3Rt8Erci5ZZrl0CJnWqyE6Bq7y6pxhNkBW2VFaDCJVMYEg+m99+1S6cjeCVOnZGoKUcRyF\/vFBcJeY3fd+AryH3h32Htn9ZBUVER1TCxtmozJ4oalJR522ZuK8rPO7wSby3UoQjjeYvJ\/P57UqmIi7\/8wkEExW9R8XGQlIppqgRyvW3lBlCnR+IvGir\/vk2q8Q4X4jx6QymKOZ7Xc9Pmtz3Gfe3qVejWpxcHkJEJsZA22LGbRiCTbC7QogRwFUyLhtoDnqugDDtxWjrbyjAIGJqIq1QqlG8Rc0t3kIIpbldw8DggLgYWL\/HMiGnAzdrroMRMRp0eC\/VHD4oVbmDiHL1UVSC3SHgYZsjviBrra7bu7NsbohPiISwmCj797FOp1BONl3\/GAYTwMlx3zJFRy+CtCGtdFWgwrydT0b++nCt8ESaMHj+W5zskKgLOnD1rV0RnyCX1P50GAT2iKiUSGnApZkjtFTZ0EuQmaY71K6W1uRPkPr+M57x\/ZDioVSqp1DuITN3pE8h9BFwfGAaNv5yzD0xBG0uaCdmgX\/5bqahz7NixAyLjY6EfJg7VNTVSaceglVDIigNlXBA0YChNUNQc+RpTI\/TZ6CJbhKuorZ4idAaJ+NDhbyA8Nhp69esjlfoG5wVtFkytR4EwNgNKli2E9lZxS5YVrvLTD3kfQ50Sha7S1CF5Im4ymdjWH3n8UanUE7wgSXOrnT6Gc\/qiJ+fys1zOxOnWvG0LqDA6VQ3EXK22shP+HfCmbAypOH\/2JMzT0kH3oLi969zabudUaNryNqgwSKC0xlJp9toxlV28eBF69w+GCXffBa2SCJ0h7+4WPjILlTkDdDkTRKJu3TmISzsNpo2vo+ZjihwfhFOAEvASDyelpUI0m9oAOPm9ZD4S5B2LwifmgICiLsiZyM\/eQi07cYLMqeG15aBB01Ohj7Y1N3GZM2bNncOpUs\/gvnDhwgWp1IHCR2fxzqJ22mik6jvIdCHujNKXc0HAxF47wrFwEGiALegbNm3eBMe\/d00SiUTJ0oUgjBgE2vFZYGvBgfsgTPBKXG5uePE5UJMDGpaE4vdthLLE9C8uwogmBblOA\/djLG\/wybksqpJlT4sSGJ8JVpwCdyWkQREMq54H7fBUUI9MgXZMo\/wJp30SJ8gdFD\/9MKhR\/PmTh0N7c7NDAlK98Y+v4oKEawPqCR3NSOPpFB0SZ2D\/1FfRo7MxTk+B\/JzfQHubuElO5aa1r2EEi7n84ETULauHZDpC58QRcneF82eCdmQGFMyaxM+mt97AiDaJvSMFkYHCL+IEWZK6OZN5J7JgzhRWLlV8MIZOZThA\/zmW4Tdxguy5dPdPBu2EoZgmB0FrWYlfyuUNAREniHPajllKKrSWFNwAvw4ETLwr8asQJ30gnaFf3eF9qDPJqLw50GosvinJ3QxuHePIES1wsirWH\/8W8nCduY6xpPY3Q\/jzA1VyBJQsWQit0rE3tb1B1Q0YXc44zyyOXt7mrz35HeTNnIDxUai4+Y2hRQEaat6UkewvSQACRvaGFxbzbh+B7MnXeVJXocsYF92bY7CNF\/\/FPph2jegolo7pdDmToPrgXq6npbD8nbW4VmPIRFuXI9O5Temry8BSJGkA\/3drBNBljNNM0xCblZfZ56szYzAIScEFJxryp4+HmkP7uJ2dDdIKvmAYTjHjMAxasxN4a0UYmgDG118Ga2UFf8tzK1i\/KcZJpeXDbNrEKJw3A4TMOHZemsFJkD8xG2oP7nH5XsQXbHW1UL4BV+fMaA7\/1JivalgAr9hP+CmGu5GF0xsCZpw9NNofzRah+dIFjG9mgZJmGG2YvlHKQ7ut2bcbbBLDbLN85x1cjz9Cm9kExg1r2CeQ\/WswTKEDef5Iq0YMVUjgcvsbhd+MExlxgOJzi\/IK6J97HFRpEZiSoA2nx\/IMVe75h9iWfj4GV48zaDabpScHKF2S37GYDHwuqkoIRvWnHYtE0KLpVHz0Z\/tBrShO7zQ6g\/+MSwNqRc9b8sIzoEyPQpXEGU6LwTg9GSr\/9pHPIdTX18P2j7dDVGwMp9S0kaS443a+7967F6xeswbKzeXcVqYj99VaU4FZ03N8wqkZNghNKZ73eCs+3mo\/Zu1Yn7yjQ8ZpEPZvmEpLoDh3IajQhumLMtpFIbU2b9\/C9R3h1Knv4a4pk+HOoD68cxadEMebWLyRFR3Jx7AHv\/5vqbV3WKrKkf6TvErQMqjKiAPtuCyo+uyv0N4q5i++NMwbPBnHd3kdlh5J5YxvrGCPS4kQHV7R+UL51nd4k5tABDuiWWGugCXLckHR\/d+Ycdq\/omtkXAxvJU2beS9vpvoCT4B031pcAEWLHsFgPYSzfhVqHsUEtf9zAAcuulraTexMBC6Ms9TEW2irLAfTO3\/gjx\/o2wNiWDkoBEybNvCHaNQukAxh8\/tbUb1v430zmumYpAQIj42CHv16w9o31\/HnVoSOZo0FgNXUoll5CYqemgfXaW99TAao0yIxex0FDScOY33n47IzLndorasB8\/vv8vcRlG2q0X5pho2rXwJLdQW37bxbT+zZuxeicJZDoyJFNad7VPPufXrBkSPSkbafIPryGBrOn4WCh2aCKikMtOhkyRfkz5wI9WdPurRzh4LUgmBFR2He9md0WAP5GEWNgQQdLhhezQVLhdMHAQHMsjOuXLkCcx+aB72C+\/E+caS0XZucngY\/nz\/PbUST8a9\/aubctOHnM6CbOw2UaegER6fx51QFc6dC4\/kfuZ7aOmuowmIogYrPd4r2Qo5jXCYuSwPBsGIZtBqKuRFpQyBq7Q20PUifo5GdR6G6R6CaBw8Ig8VLnwO9Xi+1Chyk1pwMSc8NJ76Fggdn8AqgQV6uxwVB0SP3QdMvP7E2y1BUbt8K+ZOGYWgZg0xn8XGQftlTmDDkS026Dnv+ay\/c3u0OtnPaNewT2h\/+sfuf0Ob2MeONgpinD7Xqjh4A3X0T+USKJxQzwuIFOdAkzT5BwfGytQ0qdu\/kTX46gqJISckp4+O4jDklDDcIWX1P\/fADZGYPgb5hIdATVb5XUF82gZsBmwdfkeHj30D+PaNBnYo8jEJ1x+iv+Jn50CxcFRs7wf4pFIG8deXOD0A7cQioBmMIOnwQn8OULl+Ey5qeCciJxY2ioLAQdn\/xBezatQsEQYC2trYb6E\/0BfJbdT8ex9R3EqiTI0Eg+06JgOIn5kDTxZ+kFvSGK+xendJEeWecTtTMW9\/jHVY6axCG4zUlHMowhLTVyvGy\/wJwbqfN08JH27bBBx99CGd+dKieXyBmaYxSd02XfkZ7vhdnNgyjOZFh3bypUH\/6ODXmNr7G6CWAwYyLCOAt7V+W\/8cGzpYEshcUxPXkAWBYuxJTRqdY23vfLjCWGeG3zy7mMJWOI4LRxm\/r0Q2mzpgOGq1WauULNB5xTPRr1FyF\/Mdmw\/WkEGQYbTgtGgrunwT1R8ToT27XETwZ9wJrbTUY\/\/R7Vn063qRDXVoBjBvXoKf0L5jZf+AriBuUBP0iwviomwKYUBTAHXd29ziTcQVFbaImNueroeixObxW02YzMZyXMwHqDu\/n+kDQKePO7FhrqsGw6kWO0WnJowMnMgX6BJs281nSkrm4w2KxYDz+NcQNTITuPbpDN2Q4LCYSDn\/7rdeTMHJWMsOtZXooeWIuCKlRYp6QHgN5U0dD9ZeYCbaKYXOg8GvGCZyDS7NqKSlGh\/csf5ZDCQPF8SpMGU3vrud6AtuWk9Scba2puYkzNg\/QK9hOZpj+RqF40XxxNwfpCEMwQRqbzh80t0tHRdTeiYzf8JtxGbQJKEd7lgId6JcvRlvrD1pUf3U2xvVjUnFgmKJKf5XAA3Ni2hvEWtmKkWGjHgwrl4EanRVt4CvRvEi45m2UijZwq8767AwBM+4MmbRFXwz6pZiyoufXjEwDIQtzZgwcqnZ\/hhlcM7fpaKC8AYFXS1kpGNe8ggyHg5pyfdp9wdC5AjNBm3Ry1VW4Ocbl2ZR4spQZoHDevXzOS6edqoxYyL8bU8b9e9gWqZksALrIpkObisbfv8QnYbTrSvtt9IFK+bpVXE9gfZDadwVuinEZNBxiQnZrzUVaXF6m4LqKPmA0LTeRoJuNGdORg3YnSCC1Nb35GmgwA6SNDbJjihgNq18BW5N4QH6zOYIvdAnjzqCBypF305ULUDgHBZAUygJQDwqHwkdnQyMGGJXbt6Cjwjx6cDx\/4K5KDIGyta9h8CT+yRN9SnIr0eWM24ETJc9Vw7mToJt1FwuA\/q5RnYXRIGVP6AeUCaFQ+upSx9+B3qIZdsetYxxh9wES6k9\/B\/n3jgd1Yhh\/DleSuxBaK8U\/q6NWXWnDneGWMm4HMiTbKv01UxUGHg2nj0F7m+VXZ1jGr8P4\/zsA\/B+KadZisAxKzwAAAABJRU5ErkJggg==\" \/><strong>GHS07 Uzman\u012bbu<\/strong><\/p>\n<p><strong>H335<\/strong> Var izrais\u012bt elpce\u013cu kairin\u0101jumu.<\/p>\n<p><strong>H302<\/strong> Kait\u012bgs, ja norij.<\/p>\n<p><strong>H312 <\/strong>Kait\u012bgs, ja non\u0101k saskar\u0113 ar \u0101du.<\/p>\n<p><strong>H319<\/strong> Izraisa nopietnu acu kairin\u0101jumu.<\/p>\n<p>Dro&scaron;\u012bbas pras\u012bbu apz\u012bm\u0113jumi:<\/p>\n<p>P102 Sarg\u0101t no b\u0113rniem.<\/p>\n<p>P264 P\u0113c izmanto&scaron;anas rokas k\u0101rt\u012bgi nomazg\u0101t.<\/p>\n<p>P280 Izmantot aizsargcimdus\/acu aizsargus\/sejas aizsargus.<\/p>\n<p>P304+P340 IEELPO&Scaron;ANAS GAD\u012aJUM\u0100: nog\u0101d\u0101t cietu&scaron;o svaig\u0101 gais\u0101 un nodro&scaron;in\u0101t netrauc\u0113tu elpo&scaron;anu.<\/p>\n<p>P301+P312 NOR\u012a&Scaron;ANAS GAD\u012aJUM\u0100: Sazinieties ar SAIND\u0112&Scaron;AN\u0100S INFORM\u0100CIJAS CENTRU\/ \u0101rstu, ja jums ir slikta pa&scaron;saj\u016bta.<\/p>\n<p>P302+P352 SASKAR\u0112 AR \u0100DU: nomazg\u0101t ar lielu ziepju un \u016bdens daudzumu.<\/p>\n<p>P305+P351+P338 SASKAR\u0112 AR AC\u012aM: Uzman\u012bgi izskalot ar \u016bdeni vair\u0101kas min\u016btes. Iz\u0146emt kontaktl\u0113cas, ja t\u0101s ir ievietotas un ja to var vienk\u0101r&scaron;i izdar\u012bt. Turpin\u0101t skalot.<\/p>\n<p>P337+P313 Ja acu iekaisums nep\u0101riet: l\u016bdziet medi\u0137u pal\u012bdz\u012bbu<\/p>\n<p>P403+P235 Glab\u0101t labi v\u0113din\u0101m\u0101s telp\u0101s. Tur\u0113t v\u0113sum\u0101.<\/p>\n<p>P501 Atbr\u012bvoties no satura\/tvertnes\/iepakojuma saska\u0146\u0101 ar valsts noteikumiem.<\/p>\n","protected":false},"excerpt":{"rendered":"<p>Lieto&scaron;ana: iz\u0146emiet piekari\u0146u no iepakojuma un novietojiet to uz stie\u0146a skap\u012b starp dr\u0113b\u0113m vai \u0123\u0113rbtuv\u0113. Var izmantot ar\u012b atvilktn\u0113s un uz plauktiem. L\u012bdzekli ieteicams lietot skapjos l\u012bdz 1,5 m&sup3;. Liel\u0101kos skapjos un \u0123\u0113rbtuv\u0113s efekta saglab\u0101&scaron;anai ir nepiecie&scaron;ams izmantot vair\u0101kus piekari\u0146us. Piesardz\u012bbas pas\u0101kumi:&nbsp;nelietot gr\u016btniec\u0113m un z\u012bd\u012b&scaron;anas period\u0101 eso&scaron;\u0101m sieviet\u0113m, k\u0101 ar\u012b cilv\u0113kiem ar \u0101das slim\u012bb\u0101m un [&#8230;]\n","protected":false},"featured_media":99381,"template":"","meta":[],"product_cat":[1734],"product_tag":[],"class_list":{"0":"post-56088","1":"product","2":"type-product","3":"status-publish","4":"has-post-thumbnail","6":"product_brand-blyskavka_ua","7":"product_cat-repelentai-ir-kitos-priemones","9":"first","10":"instock","11":"taxable","12":"shipping-taxable","13":"product-type-simple"},"_links":{"self":[{"href":"https:\/\/e.kosmolat.eu\/lv\/wp-json\/wp\/v2\/product\/56088","targetHints":{"allow":["GET"]}}],"collection":[{"href":"https:\/\/e.kosmolat.eu\/lv\/wp-json\/wp\/v2\/product"}],"about":[{"href":"https:\/\/e.kosmolat.eu\/lv\/wp-json\/wp\/v2\/types\/product"}],"wp:featuredmedia":[{"embeddable":true,"href":"https:\/\/e.kosmolat.eu\/lv\/wp-json\/wp\/v2\/media\/99381"}],"wp:attachment":[{"href":"https:\/\/e.kosmolat.eu\/lv\/wp-json\/wp\/v2\/media?parent=56088"}],"wp:term":[{"taxonomy":"product_cat","embeddable":true,"href":"https:\/\/e.kosmolat.eu\/lv\/wp-json\/wp\/v2\/product_cat?post=56088"},{"taxonomy":"product_tag","embeddable":true,"href":"https:\/\/e.kosmolat.eu\/lv\/wp-json\/wp\/v2\/product_tag?post=56088"}],"curies":[{"name":"wp","href":"https:\/\/api.w.org\/{rel}","templated":true}]}}