{"id":56084,"date":"2024-09-18T12:06:40","date_gmt":"2024-09-18T12:06:40","guid":{"rendered":"https:\/\/e.kosmolat.eu\/?post_type=product&#038;p=56084"},"modified":"2026-04-22T09:41:14","modified_gmt":"2026-04-22T09:41:14","slug":"deba-multi-lift-nostiprinoss-serums-sejai-un-kaklam-30-ml","status":"publish","type":"product","link":"https:\/\/e.kosmolat.eu\/lv\/product\/deba-multi-lift-nostiprinoss-serums-sejai-un-kaklam-30-ml\/","title":{"rendered":"DeBa Multi Lift Nostiprino\u0161s serums sejai un kaklam, 30 ml"},"content":{"rendered":"<p>Satur akt\u012bv\u0101s sast\u0101vda\u013cas, kas v\u0113rstas uz smalko grumbu un izteiksmes l\u012bniju samazin\u0101\u0161anu. Samazina jaunu grumbu par\u0101d\u012b\u0161anos un pal\u012bdz kori\u0123\u0113t noveco\u0161an\u0101s paz\u012bmes viet\u0101s, kas visvair\u0101k pak\u013cautas sejas izteiksm\u0113m. Uzlabo nobriedu\u0161as \u0101das tvirtumu un elast\u012bbu.<\/p>\n<p>Akt\u012bv\u0101s sast\u0101vda\u013cas un to iedarb\u012bba:<br \/>\nArgireline \u2013 pept\u012bds, kas nov\u0113r\u0161 un samazina izteiksmes l\u012bnijas.<br \/>\nSepilift DPHP \u2013 stimul\u0113 kolag\u0113na ra\u017eo\u0161anu.<br \/>\nZ\u012bda prote\u012bns \u2013 regul\u0113 mitruma l\u012bmeni \u0101d\u0101.<\/p>\n<p>Piem\u0113rots dienas un nakts \u0101das kop\u0161anai; visiem \u0101das tipiem.<\/p>\n<p>Satur A vitam\u012bnu. L\u016bgums pirms lieto\u0161anas p\u0101rdom\u0101t savu dienas devu.<\/p>\n<p>Lieto\u0161ana: Ar maig\u0101m kust\u012bb\u0101m uzkl\u0101t da\u017eus seruma pilienus no r\u012bta un vakar\u0101 uz att\u012br\u012btas \u0101das. Piem\u0113rots ar\u012b \u0101dai ap ac\u012bm.<\/p>\n<p>Uzglab\u0101t temperat\u016br\u0101 no +5 \u00b0C l\u012bdz +25 \u00b0C.<\/p>\n","protected":false},"excerpt":{"rendered":"<p>Satur akt\u012bv\u0101s sast\u0101vda\u013cas, kas v\u0113rstas uz smalko grumbu un izteiksmes l\u012bniju samazin\u0101\u0161anu. Samazina jaunu grumbu par\u0101d\u012b\u0161anos un pal\u012bdz kori\u0123\u0113t noveco\u0161an\u0101s paz\u012bmes viet\u0101s, kas visvair\u0101k pak\u013cautas sejas izteiksm\u0113m. Uzlabo nobriedu\u0161as \u0101das tvirtumu un elast\u012bbu. Akt\u012bv\u0101s sast\u0101vda\u013cas un to iedarb\u012bba: Argireline \u2013 pept\u012bds, kas nov\u0113r\u0161 un samazina izteiksmes l\u012bnijas. Sepilift DPHP \u2013 stimul\u0113 kolag\u0113na ra\u017eo\u0161anu. Z\u012bda prote\u012bns [&#8230;]\n","protected":false},"featured_media":102833,"template":"","meta":[],"product_cat":[2182],"product_tag":[],"class_list":{"0":"post-56084","1":"product","2":"type-product","3":"status-publish","4":"has-post-thumbnail","6":"product_brand-rubella-bg","7":"product_cat-bez-kategorijas-ru","9":"first","10":"instock","11":"taxable","12":"shipping-taxable","13":"product-type-simple"},"_links":{"self":[{"href":"https:\/\/e.kosmolat.eu\/lv\/wp-json\/wp\/v2\/product\/56084","targetHints":{"allow":["GET"]}}],"collection":[{"href":"https:\/\/e.kosmolat.eu\/lv\/wp-json\/wp\/v2\/product"}],"about":[{"href":"https:\/\/e.kosmolat.eu\/lv\/wp-json\/wp\/v2\/types\/product"}],"wp:featuredmedia":[{"embeddable":true,"href":"https:\/\/e.kosmolat.eu\/lv\/wp-json\/wp\/v2\/media\/102833"}],"wp:attachment":[{"href":"https:\/\/e.kosmolat.eu\/lv\/wp-json\/wp\/v2\/media?parent=56084"}],"wp:term":[{"taxonomy":"product_cat","embeddable":true,"href":"https:\/\/e.kosmolat.eu\/lv\/wp-json\/wp\/v2\/product_cat?post=56084"},{"taxonomy":"product_tag","embeddable":true,"href":"https:\/\/e.kosmolat.eu\/lv\/wp-json\/wp\/v2\/product_tag?post=56084"}],"curies":[{"name":"wp","href":"https:\/\/api.w.org\/{rel}","templated":true}]}}