{"id":56080,"date":"2024-09-18T11:50:38","date_gmt":"2024-09-18T11:50:38","guid":{"rendered":"https:\/\/e.kosmolat.eu\/?post_type=product&#038;p=56080"},"modified":"2026-04-20T10:16:18","modified_gmt":"2026-04-20T10:16:18","slug":"deba-multi-lift-atjaunojosa-nakts-sejas-maska-50-ml","status":"publish","type":"product","link":"https:\/\/e.kosmolat.eu\/lv\/product\/deba-multi-lift-atjaunojosa-nakts-sejas-maska-50-ml\/","title":{"rendered":"DeBa Multi Lift Atjaunojo\u0161a nakts sejas maska, 50 ml"},"content":{"rendered":"<p>Intens\u012bva nenomazg\u0101jama nakts sejas maska ir paredz\u0113ta dzi\u013cai \u0101das baro\u0161anai un mitrin\u0101\u0161anai. Nov\u0113r\u0161 noguruma paz\u012bmes, \u0101da izskat\u0101s atp\u016btusies un mirdzo\u0161a.<\/p>\n<p>Akt\u012bv\u0101s sast\u0101vda\u013cas un to iedarb\u012bba:<br \/>\nZ\u012bda prote\u012bns \u2013 regul\u0113 mitruma l\u012bmeni \u0101d\u0101.<br \/>\nOrganiskais koenz\u012bms Q10 \u2013 sp\u0113c\u012bgs antioksidants.<br \/>\nV\u012bnogu kauli\u0146u e\u013c\u013ca \u2013 uzlabo \u0101das strukt\u016bru.<\/p>\n<p>Nakts kop\u0161anai; visiem \u0101das tipiem. <\/p>\n<p>Satur A vitam\u012bnu. L\u016bgums pirms lieto\u0161anas p\u0101rdom\u0101t savu dienas devu.<\/p>\n<p>Lieto\u0161ana: Uzkl\u0101t uz sejas, kakla un dekolt\u0113 zonas katru nakti vai vismaz 2 reizes ned\u0113\u013c\u0101 p\u0113c att\u012br\u012b\u0161anas pirms gul\u0113tie\u0161anas. Maigi iemas\u0113t \u0101d\u0101, l\u012bdz piln\u012bb\u0101 uzs\u016bcas.<\/p>\n","protected":false},"excerpt":{"rendered":"<p>Intens\u012bva nenomazg\u0101jama nakts sejas maska ir paredz\u0113ta dzi\u013cai \u0101das baro\u0161anai un mitrin\u0101\u0161anai. Nov\u0113r\u0161 noguruma paz\u012bmes, \u0101da izskat\u0101s atp\u016btusies un mirdzo\u0161a. Akt\u012bv\u0101s sast\u0101vda\u013cas un to iedarb\u012bba: Z\u012bda prote\u012bns \u2013 regul\u0113 mitruma l\u012bmeni \u0101d\u0101. Organiskais koenz\u012bms Q10 \u2013 sp\u0113c\u012bgs antioksidants. V\u012bnogu kauli\u0146u e\u013c\u013ca \u2013 uzlabo \u0101das strukt\u016bru. Nakts kop\u0161anai; visiem \u0101das tipiem. Satur A vitam\u012bnu. L\u016bgums pirms [&#8230;]\n","protected":false},"featured_media":100096,"template":"","meta":[],"product_cat":[1323],"product_tag":[],"class_list":{"0":"post-56080","1":"product","2":"type-product","3":"status-publish","4":"has-post-thumbnail","6":"product_brand-rubella-bg","7":"product_cat-1323","9":"first","10":"instock","11":"taxable","12":"shipping-taxable","13":"product-type-simple"},"_links":{"self":[{"href":"https:\/\/e.kosmolat.eu\/lv\/wp-json\/wp\/v2\/product\/56080","targetHints":{"allow":["GET"]}}],"collection":[{"href":"https:\/\/e.kosmolat.eu\/lv\/wp-json\/wp\/v2\/product"}],"about":[{"href":"https:\/\/e.kosmolat.eu\/lv\/wp-json\/wp\/v2\/types\/product"}],"wp:featuredmedia":[{"embeddable":true,"href":"https:\/\/e.kosmolat.eu\/lv\/wp-json\/wp\/v2\/media\/100096"}],"wp:attachment":[{"href":"https:\/\/e.kosmolat.eu\/lv\/wp-json\/wp\/v2\/media?parent=56080"}],"wp:term":[{"taxonomy":"product_cat","embeddable":true,"href":"https:\/\/e.kosmolat.eu\/lv\/wp-json\/wp\/v2\/product_cat?post=56080"},{"taxonomy":"product_tag","embeddable":true,"href":"https:\/\/e.kosmolat.eu\/lv\/wp-json\/wp\/v2\/product_tag?post=56080"}],"curies":[{"name":"wp","href":"https:\/\/api.w.org\/{rel}","templated":true}]}}