{"id":56076,"date":"2024-09-18T10:36:38","date_gmt":"2024-09-18T10:36:38","guid":{"rendered":"https:\/\/e.kosmolat.eu\/?post_type=product&#038;p=56076"},"modified":"2026-04-09T09:48:24","modified_gmt":"2026-04-09T09:48:24","slug":"deba-multi-lift-firmplump-atjaun-sejas-kr-ar-pept-kompl-un-si-sviestu-50-ml","status":"publish","type":"product","link":"https:\/\/e.kosmolat.eu\/lv\/product\/deba-multi-lift-firmplump-atjaun-sejas-kr-ar-pept-kompl-un-si-sviestu-50-ml\/","title":{"rendered":"DeBa Multi Lift Firm&#038;Plump Atjaun. sejas kr. ar pept. kompl. un \u0161\u012b sviestu, 50 ml"},"content":{"rendered":"<p>Pal\u0113nina noveco\u0161an\u0101s paz\u012bmes un aktiviz\u0113 visas \u0101das atjauno\u0161an\u0101s funkcijas. Nov\u0113r\u0161 m\u012bmikas un cita veida grumbu par\u0101d\u012b\u0161anos. Atjauno sausas \u0101das dabisko lip\u012bdu faktoru. <\/p>\n<p>Akt\u012bv\u0101s sast\u0101vda\u013cas un to iedarb\u012bba:<br \/>\n\u2022 Argirel\u012bns un Leuphasyl \u2013 pept\u012bdi m\u012bmikas grumbu nov\u0113r\u0161anai un samazin\u0101\u0161anai.<br \/>\n\u2022 Sepilift DPHP \u2013 stimul\u0113 kolag\u0113na ra\u017eo\u0161anu.<br \/>\n\u2022 \u0160\u012b sviests  \u2013 m\u012bkstina \u0101du. <\/p>\n<p>Piem\u0113rots dienas un nakts \u0101das kop\u0161anai; sausai un \u013coti sausai \u0101dai.<\/p>\n<p>Satur A vitam\u012bnu. L\u016bgums pirms lieto\u0161anas p\u0101rdom\u0101t savu dienas devu.<\/p>\n<p>Lieto\u0161ana: Uzkl\u0101t uz t\u012bras \u0101das no r\u012bta un vakar\u0101. Maigi iemas\u0113t l\u012bdz piln\u012bgai uzs\u016bk\u0161anai.<\/p>\n","protected":false},"excerpt":{"rendered":"<p>Pal\u0113nina noveco\u0161an\u0101s paz\u012bmes un aktiviz\u0113 visas \u0101das atjauno\u0161an\u0101s funkcijas. Nov\u0113r\u0161 m\u012bmikas un cita veida grumbu par\u0101d\u012b\u0161anos. Atjauno sausas \u0101das dabisko lip\u012bdu faktoru. Akt\u012bv\u0101s sast\u0101vda\u013cas un to iedarb\u012bba: \u2022 Argirel\u012bns un Leuphasyl \u2013 pept\u012bdi m\u012bmikas grumbu nov\u0113r\u0161anai un samazin\u0101\u0161anai. \u2022 Sepilift DPHP \u2013 stimul\u0113 kolag\u0113na ra\u017eo\u0161anu. \u2022 \u0160\u012b sviests \u2013 m\u012bkstina \u0101du. Piem\u0113rots dienas un nakts [&#8230;]\n","protected":false},"featured_media":100396,"template":"","meta":[],"product_cat":[1999],"product_tag":[],"class_list":{"0":"post-56076","1":"product","2":"type-product","3":"status-publish","4":"has-post-thumbnail","6":"product_brand-rubella-bg","7":"product_cat-bez-kategorijas","9":"first","10":"instock","11":"taxable","12":"shipping-taxable","13":"product-type-simple"},"_links":{"self":[{"href":"https:\/\/e.kosmolat.eu\/lv\/wp-json\/wp\/v2\/product\/56076","targetHints":{"allow":["GET"]}}],"collection":[{"href":"https:\/\/e.kosmolat.eu\/lv\/wp-json\/wp\/v2\/product"}],"about":[{"href":"https:\/\/e.kosmolat.eu\/lv\/wp-json\/wp\/v2\/types\/product"}],"wp:featuredmedia":[{"embeddable":true,"href":"https:\/\/e.kosmolat.eu\/lv\/wp-json\/wp\/v2\/media\/100396"}],"wp:attachment":[{"href":"https:\/\/e.kosmolat.eu\/lv\/wp-json\/wp\/v2\/media?parent=56076"}],"wp:term":[{"taxonomy":"product_cat","embeddable":true,"href":"https:\/\/e.kosmolat.eu\/lv\/wp-json\/wp\/v2\/product_cat?post=56076"},{"taxonomy":"product_tag","embeddable":true,"href":"https:\/\/e.kosmolat.eu\/lv\/wp-json\/wp\/v2\/product_tag?post=56076"}],"curies":[{"name":"wp","href":"https:\/\/api.w.org\/{rel}","templated":true}]}}