{"id":56072,"date":"2024-09-18T10:20:39","date_gmt":"2024-09-18T10:20:39","guid":{"rendered":"https:\/\/e.kosmolat.eu\/?post_type=product&#038;p=56072"},"modified":"2026-04-22T09:41:00","modified_gmt":"2026-04-22T09:41:00","slug":"deba-multi-lift-firmplump-atjaun-sejas-kr-ar-vitaminu-un-liftinga-kompl-50-ml","status":"publish","type":"product","link":"https:\/\/e.kosmolat.eu\/lv\/product\/deba-multi-lift-firmplump-atjaun-sejas-kr-ar-vitaminu-un-liftinga-kompl-50-ml\/","title":{"rendered":"DeBa Multi Lift Firm&#038;Plump Atjaun. sejas kr. ar vitam\u012bnu un liftinga kompl., 50 ml"},"content":{"rendered":"<p>Pal\u0113nina noveco\u0161an\u0101s paz\u012bmes un aktiviz\u0113 visas \u0101das atjauno\u0161an\u0101s funkcijas. Nov\u0113r\u0161 m\u012bmikas un cita veida grumbu par\u0101d\u012b\u0161anos.<\/p>\n<p>Akt\u012bv\u0101s sast\u0101vda\u013cas un to iedarb\u012bba:<br \/>\n\u2022 Argirel\u012bns un Leuphasyl \u2013 pept\u012bdi m\u012bmikas grumbu nov\u0113r\u0161anai un samazin\u0101\u0161anai.<br \/>\n\u2022 Sepilift DPHP \u2013 stimul\u0113 kolag\u0113na ra\u017eo\u0161anu.<br \/>\n\u2022 V\u012bnogu kauli\u0146u e\u013c\u013ca \u2013 uzlabo \u0101das strukt\u016bru.<\/p>\n<p>Piem\u0113rots dienas un nakts \u0101das kop\u0161anai; visiem \u0101das tipiem.<\/p>\n<p>Satur A vitam\u012bnu. L\u016bgums pirms lieto\u0161anas p\u0101rdom\u0101t savu dienas devu.<\/p>\n<p>Lieto\u0161ana: Uzkl\u0101t uz t\u012bras \u0101das no r\u012bta un vakar\u0101. Maigi iemas\u0113t l\u012bdz piln\u012bgai uzs\u016bk\u0161anai.<\/p>\n","protected":false},"excerpt":{"rendered":"<p>Pal\u0113nina noveco\u0161an\u0101s paz\u012bmes un aktiviz\u0113 visas \u0101das atjauno\u0161an\u0101s funkcijas. Nov\u0113r\u0161 m\u012bmikas un cita veida grumbu par\u0101d\u012b\u0161anos. Akt\u012bv\u0101s sast\u0101vda\u013cas un to iedarb\u012bba: \u2022 Argirel\u012bns un Leuphasyl \u2013 pept\u012bdi m\u012bmikas grumbu nov\u0113r\u0161anai un samazin\u0101\u0161anai. \u2022 Sepilift DPHP \u2013 stimul\u0113 kolag\u0113na ra\u017eo\u0161anu. \u2022 V\u012bnogu kauli\u0146u e\u013c\u013ca \u2013 uzlabo \u0101das strukt\u016bru. Piem\u0113rots dienas un nakts \u0101das kop\u0161anai; visiem \u0101das [&#8230;]\n","protected":false},"featured_media":100140,"template":"","meta":[],"product_cat":[2182],"product_tag":[],"class_list":{"0":"post-56072","1":"product","2":"type-product","3":"status-publish","4":"has-post-thumbnail","6":"product_brand-rubella-bg","7":"product_cat-bez-kategorijas-ru","9":"first","10":"instock","11":"taxable","12":"shipping-taxable","13":"product-type-simple"},"_links":{"self":[{"href":"https:\/\/e.kosmolat.eu\/lv\/wp-json\/wp\/v2\/product\/56072","targetHints":{"allow":["GET"]}}],"collection":[{"href":"https:\/\/e.kosmolat.eu\/lv\/wp-json\/wp\/v2\/product"}],"about":[{"href":"https:\/\/e.kosmolat.eu\/lv\/wp-json\/wp\/v2\/types\/product"}],"wp:featuredmedia":[{"embeddable":true,"href":"https:\/\/e.kosmolat.eu\/lv\/wp-json\/wp\/v2\/media\/100140"}],"wp:attachment":[{"href":"https:\/\/e.kosmolat.eu\/lv\/wp-json\/wp\/v2\/media?parent=56072"}],"wp:term":[{"taxonomy":"product_cat","embeddable":true,"href":"https:\/\/e.kosmolat.eu\/lv\/wp-json\/wp\/v2\/product_cat?post=56072"},{"taxonomy":"product_tag","embeddable":true,"href":"https:\/\/e.kosmolat.eu\/lv\/wp-json\/wp\/v2\/product_tag?post=56072"}],"curies":[{"name":"wp","href":"https:\/\/api.w.org\/{rel}","templated":true}]}}